{"id":4567,"date":"2025-04-09T13:33:17","date_gmt":"2025-04-09T11:33:17","guid":{"rendered":"https:\/\/hilaturasegea.com\/?page_id=4567"},"modified":"2025-04-09T13:42:48","modified_gmt":"2025-04-09T11:42:48","slug":"aviso-legal","status":"publish","type":"page","link":"https:\/\/hilaturasegea.com\/ca\/aviso-legal\/","title":{"rendered":"Av\u00eds legal"},"content":{"rendered":"<div data-elementor-type=\"wp-page\" data-elementor-id=\"4567\" class=\"elementor elementor-4567\" data-elementor-post-type=\"page\">\n\t\t\t\t<div class=\"elementor-element elementor-element-929943b e-flex e-con-boxed e-con e-parent\" data-id=\"929943b\" data-element_type=\"container\">\n\t\t\t\t\t<div class=\"e-con-inner\">\n\t\t\t\t<div class=\"elementor-element elementor-element-ece47d7 elementor-widget elementor-widget-heading\" data-id=\"ece47d7\" data-element_type=\"widget\" data-widget_type=\"heading.default\">\n\t\t\t\t<div class=\"elementor-widget-container\">\n\t\t\t\t\t<h1 class=\"elementor-heading-title elementor-size-default\">Av\u00eds legal<\/h1>\t\t\t\t<\/div>\n\t\t\t\t<\/div>\n\t\t\t\t<div class=\"elementor-element elementor-element-eb6d850 elementor-widget elementor-widget-text-editor\" data-id=\"eb6d850\" data-element_type=\"widget\" data-widget_type=\"text-editor.default\">\n\t\t\t\t<div class=\"elementor-widget-container\">\n\t\t\t\t\t\t\t\t\t<p>En aquest Av\u00eds Legal, l&#039;Usuari, podr\u00e0 trobar tota la informaci\u00f3 relativa a les condicions legals que defineixen les relacions entre els usuaris i el responsable de la p\u00e0gina web accessible a l&#039;adre\u00e7a URL <b>http:\/\/www.egeahilaturas.com\/<\/b> (d&#039;ara endavant, el Lloc Web), que EGEA HILATURAS SL posa a disposici\u00f3 dels usuaris d&#039;Internet.<\/p>\n<p>La utilitzaci\u00f3 del lloc web implica l&#039;acceptaci\u00f3 plena i sense reserves de totes i cadascuna de les disposicions incloses en aquest Av\u00eds Legal. En conseq\u00fc\u00e8ncia, l&#039;usuari del lloc web ha de llegir atentament aquest Av\u00eds Legal en cadascuna de les ocasions en qu\u00e8 es proposi utilitzar el web, ja que el text podria patir modificacions a criteri del titular del web, oa causa d&#039;un canvi legislatiu, jurisprudencial oa la pr\u00e0ctica empresarial.<\/p>\n<p><b>1.- DADES DEL RESPONSABLE TITULAR DEL LLOC WEB<\/b><\/p>\n<p>Nom del titular: EGEA HILATURAS SL<br>Domicili social: Ctra. Madrid, 10, 30530 Cieza, M\u00farcia CIF: B30093751<br>Tel\u00e8fon de contacte: 968760314<br>Correu electr\u00f2nic: correu@egeahilaturas.com<\/p>\n<p>EGEA HILATURAS \u00e9s el responsable del Lloc Web i es compromet a complir tots els requisits nacionals i europeus que regulen l&#039;\u00fas de les dades personals dels usuaris.<\/p>\n<p>Aquest Lloc Web garanteix la protecci\u00f3 i confidencialitat de les dades personals que ens proporcionin d&#039;acord amb el que disposa el Reglament General de Protecci\u00f3 de Dades de Car\u00e0cter Personal (UE) 2016\/679 del Parlament Europeu i del Consell, de 27 d&#039;abril de 2016, a la Llei Org\u00e0nica 3\/2018, de Protecci\u00f3 de Dades de de la Societat de la Informaci\u00f3 i Comer\u00e7 Electr\u00f2nic 34\/2002 de 11 de Juliol (LSSI-CE).<\/p>\n<p><b>2.- OBJECTE<\/b><\/p>\n<p>El Lloc Web facilita als usuaris del mateix l&#039;acc\u00e9s a informaci\u00f3 i serveis prestats per EGEA HILATURAS a aquelles persones o organitzacions interessades en aquests.<\/p>\n<p>L&#039;acc\u00e9s i la utilitzaci\u00f3 del Lloc Web atribueix la condici\u00f3 d&#039;usuari del Lloc Web (d&#039;ara endavant, \u201cl&#039;Usuari\u201d) i implica l&#039;acceptaci\u00f3 de totes les condicions incloses en aquest Av\u00eds Legal aix\u00ed com de les seves modificacions. La prestaci\u00f3 del servei del Lloc Web t\u00e9 una durada limitada al moment en qu\u00e8 l&#039;Usuari estigui connectat al Lloc Web oa algun dels serveis que a trav\u00e9s del mateix es faciliten.<\/p>\n<p>Per tant, l&#039;Usuari ha de llegir atentament aquest Av\u00eds Legal en cadascuna de les ocasions en qu\u00e8 es proposi utilitzar el Lloc Web, ja que aquest i les seves condicions d&#039;\u00fas recollides al present Av\u00eds Legal poden patir modificacions.<\/p>\n<p><b>3.- ACC\u00c9S I UTILITZACI\u00d3 DEL WEB<\/b><\/p>\n<p>3.1.- Car\u00e0cter gratu\u00eft de l&#039;acc\u00e9s i la utilitzaci\u00f3 de la web. L&#039;acc\u00e9s a la web t\u00e9 car\u00e0cter gratu\u00eft per als usuaris de la mateixa, llevat del cost de la connexi\u00f3 a trav\u00e9s de la xarxa de telecomunicacions subministrada pel prove\u00efdor d&#039;acc\u00e9s contractat pels usuaris.<\/p>\n<p>3.2.- Registre dusuaris. Amb car\u00e0cter general l&#039;acc\u00e9s i utilitzaci\u00f3 de la web no exigeix la pr\u00e8via subscripci\u00f3 o registre dels usuaris de la web.<\/p>\n<p>3.3.- Els usuaris garanteixen i responen, en qualsevol cas, de l&#039;exactitud, vig\u00e8ncia i autenticitat de les dades personals facilitades, i es comprometen a mantenir-les degudament actualitzades. L&#039;usuari accepta proporcionar informaci\u00f3 completa i correcta al formulari de contacte o subscripci\u00f3.<\/p>\n<p>En el cas dels menors de catorze anys es requereix el consentiment dels pares o tutors per al tractament de les dades personals.<\/p>\n<p>En cap cas no es demanaran del menor d&#039;edat dades relatives a la situaci\u00f3 professional, econ\u00f2mica oa la intimitat dels altres membres de la fam\u00edlia, sense el seu consentiment. Si ets menor de catorze anys i has accedit a aquest lloc web sense avisar els teus pares no t&#039;has de registrar com a usuari.<\/p>\n<p>En aquesta web es respecten i cuiden les dades personals dels usuaris. Com a usuari has de saber que els teus drets estan garantits.<\/p>\n<p><b>4.- CONTINGUTS DE LA WEB<\/b><\/p>\n<p>L&#039;idioma utilitzat pel titular a la web ser\u00e0 el castell\u00e0. EGEA HILATURAS no es responsabilitza de la no comprensi\u00f3 o entesa de l&#039;idioma de la web per l&#039;usuari, ni de les conseq\u00fc\u00e8ncies.<\/p>\n<p>EGEA HILATURAS podr\u00e0 modificar els continguts sense previ av\u00eds, aix\u00ed com suprimir i canviar aquests dins del web, com la forma en qu\u00e8 s&#039;accedeix a aquests, sense cap justificaci\u00f3 i lliurement, no responsabilitzant-se de les conseq\u00fc\u00e8ncies que aquests puguin ocasionar als usuaris.<\/p>\n<p>Es prohibeix l&#039;\u00fas dels continguts de la web per promocionar, contractar o divulgar publicitat o informaci\u00f3 pr\u00f2pia o de terceres persones sense l&#039;autoritzaci\u00f3 d&#039;EGEA HILATURAS, ni remetre publicitat o informaci\u00f3 fent servir els serveis o informaci\u00f3 que es posen a disposici\u00f3 dels usuaris, independentment de si la utilitzaci\u00f3 \u00e9s gratu\u00efta o no.<\/p>\n<p>Els enlla\u00e7os o hiperenlla\u00e7os que incorporin tercers a les seves p\u00e0gines web, dirigits a aquesta web, seran per a l&#039;obertura de la p\u00e0gina web completa, no podent manifestar, directament o indirectament, indicacions falses, inexactes o confuses, ni inc\u00f3rrer en accions deslleials o il\u00b7l\u00edcites en contra d&#039;EGEA HILATURAS SL<\/p>\n<p><b>5.- MESURES DE SEGURETAT<\/b><\/p>\n<p>Les dades personals comunicades per l&#039;usuari podran ser emmagatzemades en bases de dades automatitzades o no, la titularitat de les quals correspon en exclusiva a EGEA HILATURAS, assumint totes les mesures d&#039;\u00edndole t\u00e8cnica, organitzativa i de seguretat que garanteixin la confidencialitat, integritat i qualitat de la informaci\u00f3 continguda en aquestes d&#039;acord amb el que estableixen les normatives vigents en mat\u00e8ria de protecci\u00f3.<\/p>\n<p><b>6.- LIMITACI\u00d3 DE RESPONSABILITAT<\/b><\/p>\n<p>Tant l&#039;acc\u00e9s a la web com l&#039;\u00fas no consentit que es pugui efectuar de la informaci\u00f3 que cont\u00e9 \u00e9s de l&#039;exclusiva responsabilitat de qui el realitza. EGEA HILATURAS SL no respondr\u00e0 de cap conseq\u00fc\u00e8ncia, dany o perjudici que poguessin derivar-se del dit acc\u00e9s o \u00fas. EGEA HILATURAS no es fa responsable dels errors de seguretat, que es puguin produir ni dels danys que puguin causar-se al sistema inform\u00e0tic de l&#039;usuari (hardware i software), o als fitxers o documents emmagatzemats en aquest, com a conseq\u00fc\u00e8ncia de:<\/p>\n<p>- la pres\u00e8ncia d&#039;un virus a l&#039;ordinador de l&#039;usuari que sigui utilitzat per a la connexi\u00f3 als serveis i continguts de la web.<br>\u2013 un mal funcionament del navegador.<br>\u2013 i\/o de l&#039;\u00fas de versions no actualitzades.<\/p>\n<p>EGEA HILATURAS no es fa responsable de la fiabilitat i rapidesa dels hiperenlla\u00e7os que s&#039;incorporin a la web per a l&#039;obertura d&#039;altres. EGEA HILATURAS no garanteix la utilitat d&#039;aquests enlla\u00e7os, ni es responsabilitza dels continguts o serveis als quals l&#039;usuari pugui accedir per mitj\u00e0 d&#039;aquests enlla\u00e7os, ni del bon funcionament d&#039;aquestes webs.<\/p>\n<p>EGEA HILATURAS no ser\u00e0 responsable dels virus o altres programes inform\u00e0tics que deteriorin o puguin deteriorar els sistemes o equips inform\u00e0tics dels usuaris en accedir a la seva web o altres webs a qu\u00e8 s&#039;hagi accedit mitjan\u00e7ant enlla\u00e7os d&#039;aquest web.<\/p>\n<p><b>7.- OCUPACI\u00d3 DE LA TECNOLOGIA \u201cCOOKIE\u201d<\/b><\/p>\n<p>El Lloc Web pot emprar cookies o tecnologies similars que es regiran per all\u00f2 establert a la Pol\u00edtica de Cookies, accessible en tot moment i respectant la confidencialitat i intimitat de l&#039;usuari, sent part integrant del present Av\u00eds Legal.<\/p>\n<p><b>8.- NAVEGACI\u00d3<\/b><\/p>\n<p>Els servidors dInternet poden recollir dades no identificables, que puguin incloure, adreces IP, i altres dades que no poden ser utilitzades per identificar lusuari. La vostra adre\u00e7a IP s&#039;emmagatzemar\u00e0 en els logs d&#039;acc\u00e9s de forma autom\u00e0tica i amb l&#039;\u00fanica finalitat de permetre el tr\u00e0nsit per Internet, i \u00e9s necessari que el vostre equip faciliti aquesta adre\u00e7a IP quan navega per Internet perqu\u00e8 les comunicacions es puguin fer. Aix\u00ed mateix, l&#039;adre\u00e7a IP podr\u00e0 ser utilitzada per realitzar estad\u00edstiques, de manera anonimitzada, sobre el nombre de visitants d&#039;aquesta web i la seva proced\u00e8ncia, de manera totalment transparent a la navegaci\u00f3.<\/p>\n<p><b>9.- PROPIETAT INTEL\u00b7LECTUAL I INDUSTRIAL<\/b><\/p>\n<p>L&#039;usuari coneix i accepta que tots els continguts i\/o qualssevol altres elements del lloc web s\u00f3n propietat d&#039;EGEA HILATURAS, i es compromet a respectar els drets de propietat intel\u00b7lectual i industrial de titularitat del mateix i\/o de tercers. Qualsevol \u00fas de la web o els seus continguts haur\u00e0 de tenir un car\u00e0cter exclusivament particular<\/p>\n<p>Est\u00e0 reservat exclusivament a EGEA HILATURAS, qualsevol altre \u00fas que suposi la c\u00f2pia, reproducci\u00f3, distribuci\u00f3, transformaci\u00f3, comunicaci\u00f3 p\u00fablica o qualsevol altra acci\u00f3 similar, de tot o part dels continguts de la web, per la qual cosa cap usuari no podr\u00e0 dur a terme aquestes accions sense l&#039;autoritzaci\u00f3 pr\u00e8via i per escrit d&#039;EGEA HILATURAS.<\/p>\n<p><b>10.- LEGISLACI\u00d3 APLICABLE I JURISDICCI\u00d3 COMPETENT<\/b><\/p>\n<p>Aquest Av\u00eds Legal s&#039;interpretar\u00e0 i es regir\u00e0 de conformitat amb la legislaci\u00f3 espanyola. EGEA HILATURES i els usuaris, amb ren\u00fancia expressa a qualsevol altre fur que els pogu\u00e9s correspondre, se sotmeten al dels jutjats i tribunals del domicili de l&#039;usuari per a qualsevol controv\u00e8rsia que pogu\u00e9s derivar-se de l&#039;acc\u00e9s o \u00fas del web. En cas que l&#039;usuari tingui el domicili fora d&#039;Espanya, EGEA HILATURAS i l&#039;usuari, se sotmeten, amb ren\u00fancia expressa a qualsevol altre fur, als jutjats i tribunals de la ciutat de M\u00farcia.<\/p>\n<h4><b>Informaci\u00f3 relacionada amb la resoluci\u00f3 de disputa en l\u00ednia de l&#039;Art. 14, par.<\/b>:<\/h4>\n<p>La Comissi\u00f3 Europea ofereix als consumidors l&#039;oportunitat de resoldre disputes en l\u00ednia d&#039;acord amb l&#039;art. 14, par\u00e0graf. 1 de l&#039;ODR en una de les plataformes. La plataforma (http:\/\/ec.europa.eu\/consumers\/odr) serveix com a web on els consumidors poden intentar arribar a acords sense anar a judici relacionats amb les disputes que sorgeixin en les compres i contractes de serveis en l\u00ednia.<\/p>\t\t\t\t\t\t\t\t<\/div>\n\t\t\t\t<\/div>\n\t\t\t\t\t<\/div>\n\t\t\t\t<\/div>\n\t\t\t\t<\/div>","protected":false},"excerpt":{"rendered":"<p>Aviso legal En el presente Aviso Legal, el Usuario, podra\u0301 encontrar toda la informacio\u0301n relativa a las condiciones legales que definen las relaciones entre los usuarios y el responsable de la pa\u0301gina web accesible en la direccio\u0301n URL http:\/\/www.egeahilaturas.com\/ (en adelante, el Sitio Web), que EGEA HILATURAS SL pone a disposicio\u0301n de los usuarios de [&hellip;]<\/p>","protected":false},"author":1,"featured_media":0,"parent":0,"menu_order":0,"comment_status":"closed","ping_status":"closed","template":"elementor_header_footer","meta":{"footnotes":""},"class_list":["post-4567","page","type-page","status-publish","hentry"],"rankMath":{"parentDomain":"hilaturasegea.com","noFollowDomains":[],"noFollowExcludeDomains":[],"noFollowExternalLinks":false,"featuredImageNotice":"The featured image should be at least 200 by 200 pixels to be picked up by Facebook and other social media sites.","pluginReviewed":true,"postSettings":{"linkSuggestions":true,"useFocusKeyword":false},"frontEndScore":false,"postName":"aviso-legal","permalinkFormat":"https:\/\/hilaturasegea.com\/ca\/%pagename%\/","showLockModifiedDate":true,"assessor":{"focusKeywordLink":"https:\/\/hilaturasegea.com\/wp-admin\/edit.php?focus_keyword=%focus_keyword%&post_type=%post_type%","hasTOCPlugin":true,"primaryTaxonomy":false,"serpData":{"title":"","description":"","focusKeywords":"","pillarContent":false,"canonicalUrl":"","breadcrumbTitle":"","advancedRobots":[],"facebookTitle":"","facebookDescription":"","facebookImage":"","facebookImageID":"","facebookHasOverlay":false,"facebookImageOverlay":"","facebookAuthor":"","twitterCardType":"","twitterUseFacebook":true,"twitterTitle":"","twitterDescription":"","twitterImage":"","twitterImageID":"","twitterHasOverlay":false,"twitterImageOverlay":"","twitterPlayerUrl":"","twitterPlayerSize":"","twitterPlayerStream":"","twitterPlayerStreamCtype":"","twitterAppDescription":"","twitterAppIphoneName":"","twitterAppIphoneID":"","twitterAppIphoneUrl":"","twitterAppIpadName":"","twitterAppIpadID":"","twitterAppIpadUrl":"","twitterAppGoogleplayName":"","twitterAppGoogleplayID":"","twitterAppGoogleplayUrl":"","twitterAppCountry":"","robots":{"index":true},"twitterAuthor":"username","primaryTerm":0,"authorName":"Lu Lo","titleTemplate":"%title% %sep% %sitename%","descriptionTemplate":"%excerpt%","showScoreFrontend":true,"lockModifiedDate":false},"powerWords":[],"diacritics":{"A":"[\\u0041\\u24B6\\uFF21\\u00C0\\u00C1\\u00C2\\u1EA6\\u1EA4\\u1EAA\\u1EA8\\u00C3\\u0100\\u0102\\u1EB0\\u1EAE\\u1EB4\\u1EB2\\u0226\\u01E0\\u00C4\\u01DE\\u1EA2\\u00C5\\u01FA\\u01CD\\u0200\\u0202\\u1EA0\\u1EAC\\u1EB6\\u1E00\\u0104\\u023A\\u2C6F]","AA":"[\\uA732]","AE":"[\\u00C6\\u01FC\\u01E2]","AO":"[\\uA734]","AU":"[\\uA736]","AV":"[\\uA738\\uA73A]","AY":"[\\uA73C]","B":"[\\u0042\\u24B7\\uFF22\\u1E02\\u1E04\\u1E06\\u0243\\u0182\\u0181]","C":"[\\u0043\\u24B8\\uFF23\\u0106\\u0108\\u010A\\u010C\\u00C7\\u1E08\\u0187\\u023B\\uA73E]","D":"[\\u0044\\u24B9\\uFF24\\u1E0A\\u010E\\u1E0C\\u1E10\\u1E12\\u1E0E\\u0110\\u018B\\u018A\\u0189\\uA779]","DZ":"[\\u01F1\\u01C4]","Dz":"[\\u01F2\\u01C5]","E":"[\\u0045\\u24BA\\uFF25\\u00C8\\u00C9\\u00CA\\u1EC0\\u1EBE\\u1EC4\\u1EC2\\u1EBC\\u0112\\u1E14\\u1E16\\u0114\\u0116\\u00CB\\u1EBA\\u011A\\u0204\\u0206\\u1EB8\\u1EC6\\u0228\\u1E1C\\u0118\\u1E18\\u1E1A\\u0190\\u018E]","F":"[\\u0046\\u24BB\\uFF26\\u1E1E\\u0191\\uA77B]","G":"[\\u0047\\u24BC\\uFF27\\u01F4\\u011C\\u1E20\\u011E\\u0120\\u01E6\\u0122\\u01E4\\u0193\\uA7A0\\uA77D\\uA77E]","H":"[\\u0048\\u24BD\\uFF28\\u0124\\u1E22\\u1E26\\u021E\\u1E24\\u1E28\\u1E2A\\u0126\\u2C67\\u2C75\\uA78D]","I":"[\\u0049\\u24BE\\uFF29\\u00CC\\u00CD\\u00CE\\u0128\\u012A\\u012C\\u0130\\u00CF\\u1E2E\\u1EC8\\u01CF\\u0208\\u020A\\u1ECA\\u012E\\u1E2C\\u0197]","J":"[\\u004A\\u24BF\\uFF2A\\u0134\\u0248]","K":"[\\u004B\\u24C0\\uFF2B\\u1E30\\u01E8\\u1E32\\u0136\\u1E34\\u0198\\u2C69\\uA740\\uA742\\uA744\\uA7A2]","L":"[\\u004C\\u24C1\\uFF2C\\u013F\\u0139\\u013D\\u1E36\\u1E38\\u013B\\u1E3C\\u1E3A\\u0141\\u023D\\u2C62\\u2C60\\uA748\\uA746\\uA780]","LJ":"[\\u01C7]","Lj":"[\\u01C8]","M":"[\\u004D\\u24C2\\uFF2D\\u1E3E\\u1E40\\u1E42\\u2C6E\\u019C]","N":"[\\u004E\\u24C3\\uFF2E\\u01F8\\u0143\\u00D1\\u1E44\\u0147\\u1E46\\u0145\\u1E4A\\u1E48\\u0220\\u019D\\uA790\\uA7A4]","NJ":"[\\u01CA]","Nj":"[\\u01CB]","O":"[\\u004F\\u24C4\\uFF2F\\u00D2\\u00D3\\u00D4\\u1ED2\\u1ED0\\u1ED6\\u1ED4\\u00D5\\u1E4C\\u022C\\u1E4E\\u014C\\u1E50\\u1E52\\u014E\\u022E\\u0230\\u00D6\\u022A\\u1ECE\\u0150\\u01D1\\u020C\\u020E\\u01A0\\u1EDC\\u1EDA\\u1EE0\\u1EDE\\u1EE2\\u1ECC\\u1ED8\\u01EA\\u01EC\\u00D8\\u01FE\\u0186\\u019F\\uA74A\\uA74C]","OI":"[\\u01A2]","OO":"[\\uA74E]","OU":"[\\u0222]","P":"[\\u0050\\u24C5\\uFF30\\u1E54\\u1E56\\u01A4\\u2C63\\uA750\\uA752\\uA754]","Q":"[\\u0051\\u24C6\\uFF31\\uA756\\uA758\\u024A]","R":"[\\u0052\\u24C7\\uFF32\\u0154\\u1E58\\u0158\\u0210\\u0212\\u1E5A\\u1E5C\\u0156\\u1E5E\\u024C\\u2C64\\uA75A\\uA7A6\\uA782]","S":"[\\u0053\\u24C8\\uFF33\\u1E9E\\u015A\\u1E64\\u015C\\u1E60\\u0160\\u1E66\\u1E62\\u1E68\\u0218\\u015E\\u2C7E\\uA7A8\\uA784]","T":"[\\u0054\\u24C9\\uFF34\\u1E6A\\u0164\\u1E6C\\u021A\\u0162\\u1E70\\u1E6E\\u0166\\u01AC\\u01AE\\u023E\\uA786]","TZ":"[\\uA728]","U":"[\\u0055\\u24CA\\uFF35\\u00D9\\u00DA\\u00DB\\u0168\\u1E78\\u016A\\u1E7A\\u016C\\u00DC\\u01DB\\u01D7\\u01D5\\u01D9\\u1EE6\\u016E\\u0170\\u01D3\\u0214\\u0216\\u01AF\\u1EEA\\u1EE8\\u1EEE\\u1EEC\\u1EF0\\u1EE4\\u1E72\\u0172\\u1E76\\u1E74\\u0244]","V":"[\\u0056\\u24CB\\uFF36\\u1E7C\\u1E7E\\u01B2\\uA75E\\u0245]","VY":"[\\uA760]","W":"[\\u0057\\u24CC\\uFF37\\u1E80\\u1E82\\u0174\\u1E86\\u1E84\\u1E88\\u2C72]","X":"[\\u0058\\u24CD\\uFF38\\u1E8A\\u1E8C]","Y":"[\\u0059\\u24CE\\uFF39\\u1EF2\\u00DD\\u0176\\u1EF8\\u0232\\u1E8E\\u0178\\u1EF6\\u1EF4\\u01B3\\u024E\\u1EFE]","Z":"[\\u005A\\u24CF\\uFF3A\\u0179\\u1E90\\u017B\\u017D\\u1E92\\u1E94\\u01B5\\u0224\\u2C7F\\u2C6B\\uA762]","a":"[\\u0061\\u24D0\\uFF41\\u1E9A\\u00E0\\u00E1\\u00E2\\u1EA7\\u1EA5\\u1EAB\\u1EA9\\u00E3\\u0101\\u0103\\u1EB1\\u1EAF\\u1EB5\\u1EB3\\u0227\\u01E1\\u00E4\\u01DF\\u1EA3\\u00E5\\u01FB\\u01CE\\u0201\\u0203\\u1EA1\\u1EAD\\u1EB7\\u1E01\\u0105\\u2C65\\u0250]","aa":"[\\uA733]","ae":"[\\u00E6\\u01FD\\u01E3]","ao":"[\\uA735]","au":"[\\uA737]","av":"[\\uA739\\uA73B]","ay":"[\\uA73D]","b":"[\\u0062\\u24D1\\uFF42\\u1E03\\u1E05\\u1E07\\u0180\\u0183\\u0253]","c":"[\\u0063\\u24D2\\uFF43\\u0107\\u0109\\u010B\\u010D\\u00E7\\u1E09\\u0188\\u023C\\uA73F\\u2184]","d":"[\\u0064\\u24D3\\uFF44\\u1E0B\\u010F\\u1E0D\\u1E11\\u1E13\\u1E0F\\u0111\\u018C\\u0256\\u0257\\uA77A]","dz":"[\\u01F3\\u01C6]","e":"[\\u0065\\u24D4\\uFF45\\u00E8\\u00E9\\u00EA\\u1EC1\\u1EBF\\u1EC5\\u1EC3\\u1EBD\\u0113\\u1E15\\u1E17\\u0115\\u0117\\u00EB\\u1EBB\\u011B\\u0205\\u0207\\u1EB9\\u1EC7\\u0229\\u1E1D\\u0119\\u1E19\\u1E1B\\u0247\\u025B\\u01DD]","f":"[\\u0066\\u24D5\\uFF46\\u1E1F\\u0192\\uA77C]","g":"[\\u0067\\u24D6\\uFF47\\u01F5\\u011D\\u1E21\\u011F\\u0121\\u01E7\\u0123\\u01E5\\u0260\\uA7A1\\u1D79\\uA77F]","h":"[\\u0068\\u24D7\\uFF48\\u0125\\u1E23\\u1E27\\u021F\\u1E25\\u1E29\\u1E2B\\u1E96\\u0127\\u2C68\\u2C76\\u0265]","hv":"[\\u0195]","i":"[\\u0069\\u24D8\\uFF49\\u00EC\\u00ED\\u00EE\\u0129\\u012B\\u012D\\u00EF\\u1E2F\\u1EC9\\u01D0\\u0209\\u020B\\u1ECB\\u012F\\u1E2D\\u0268\\u0131]","j":"[\\u006A\\u24D9\\uFF4A\\u0135\\u01F0\\u0249]","k":"[\\u006B\\u24DA\\uFF4B\\u1E31\\u01E9\\u1E33\\u0137\\u1E35\\u0199\\u2C6A\\uA741\\uA743\\uA745\\uA7A3]","l":"[\\u006C\\u24DB\\uFF4C\\u0140\\u013A\\u013E\\u1E37\\u1E39\\u013C\\u1E3D\\u1E3B\\u017F\\u0142\\u019A\\u026B\\u2C61\\uA749\\uA781\\uA747]","lj":"[\\u01C9]","m":"[\\u006D\\u24DC\\uFF4D\\u1E3F\\u1E41\\u1E43\\u0271\\u026F]","n":"[\\u006E\\u24DD\\uFF4E\\u01F9\\u0144\\u00F1\\u1E45\\u0148\\u1E47\\u0146\\u1E4B\\u1E49\\u019E\\u0272\\u0149\\uA791\\uA7A5]","nj":"[\\u01CC]","o":"[\\u006F\\u24DE\\uFF4F\\u00F2\\u00F3\\u00F4\\u1ED3\\u1ED1\\u1ED7\\u1ED5\\u00F5\\u1E4D\\u022D\\u1E4F\\u014D\\u1E51\\u1E53\\u014F\\u022F\\u0231\\u00F6\\u022B\\u1ECF\\u0151\\u01D2\\u020D\\u020F\\u01A1\\u1EDD\\u1EDB\\u1EE1\\u1EDF\\u1EE3\\u1ECD\\u1ED9\\u01EB\\u01ED\\u00F8\\u01FF\\u0254\\uA74B\\uA74D\\u0275]","oi":"[\\u01A3]","ou":"[\\u0223]","oo":"[\\uA74F]","p":"[\\u0070\\u24DF\\uFF50\\u1E55\\u1E57\\u01A5\\u1D7D\\uA751\\uA753\\uA755]","q":"[\\u0071\\u24E0\\uFF51\\u024B\\uA757\\uA759]","r":"[\\u0072\\u24E1\\uFF52\\u0155\\u1E59\\u0159\\u0211\\u0213\\u1E5B\\u1E5D\\u0157\\u1E5F\\u024D\\u027D\\uA75B\\uA7A7\\uA783]","s":"[\\u0073\\u24E2\\uFF53\\u015B\\u1E65\\u015D\\u1E61\\u0161\\u1E67\\u1E63\\u1E69\\u0219\\u015F\\u023F\\uA7A9\\uA785\\u1E9B]","ss":"[\\u00DF]","t":"[\\u0074\\u24E3\\uFF54\\u1E6B\\u1E97\\u0165\\u1E6D\\u021B\\u0163\\u1E71\\u1E6F\\u0167\\u01AD\\u0288\\u2C66\\uA787]","tz":"[\\uA729]","u":"[\\u0075\\u24E4\\uFF55\\u00F9\\u00FA\\u00FB\\u0169\\u1E79\\u016B\\u1E7B\\u016D\\u00FC\\u01DC\\u01D8\\u01D6\\u01DA\\u1EE7\\u016F\\u0171\\u01D4\\u0215\\u0217\\u01B0\\u1EEB\\u1EE9\\u1EEF\\u1EED\\u1EF1\\u1EE5\\u1E73\\u0173\\u1E77\\u1E75\\u0289]","v":"[\\u0076\\u24E5\\uFF56\\u1E7D\\u1E7F\\u028B\\uA75F\\u028C]","vy":"[\\uA761]","w":"[\\u0077\\u24E6\\uFF57\\u1E81\\u1E83\\u0175\\u1E87\\u1E85\\u1E98\\u1E89\\u2C73]","x":"[\\u0078\\u24E7\\uFF58\\u1E8B\\u1E8D]","y":"[\\u0079\\u24E8\\uFF59\\u1EF3\\u00FD\\u0177\\u1EF9\\u0233\\u1E8F\\u00FF\\u1EF7\\u1E99\\u1EF5\\u01B4\\u024F\\u1EFF]","z":"[\\u007A\\u24E9\\uFF5A\\u017A\\u1E91\\u017C\\u017E\\u1E93\\u1E95\\u01B6\\u0225\\u0240\\u2C6C\\uA763]"},"researchesTests":["contentHasTOC","contentHasShortParagraphs","contentHasAssets","keywordInTitle","keywordInMetaDescription","keywordInPermalink","keywordIn10Percent","keywordInContent","keywordInSubheadings","keywordInImageAlt","keywordDensity","keywordNotUsed","lengthContent","lengthPermalink","linksHasInternal","linksHasExternals","linksNotAllExternals","titleStartWithKeyword","titleSentiment","titleHasPowerWords","titleHasNumber","hasContentAI"],"hasRedirection":false,"hasBreadcrumb":false},"homeUrl":"https:\/\/hilaturasegea.com\/ca","objectID":4567,"objectType":"post","locale":"ca","localeFull":"ca","overlayImages":{"play":{"name":"Play icon","url":"https:\/\/hilaturasegea.com\/wp-content\/plugins\/seo-by-rank-math\/assets\/admin\/img\/icon-play.png","path":"\/var\/www\/vhosts\/hilaturasegea.com\/domains\/hilaturasegea.com\/public_html\/wp-content\/plugins\/seo-by-rank-math\/assets\/admin\/img\/icon-play.png","position":"middle_center"},"gif":{"name":"GIF icon","url":"https:\/\/hilaturasegea.com\/wp-content\/plugins\/seo-by-rank-math\/assets\/admin\/img\/icon-gif.png","path":"\/var\/www\/vhosts\/hilaturasegea.com\/domains\/hilaturasegea.com\/public_html\/wp-content\/plugins\/seo-by-rank-math\/assets\/admin\/img\/icon-gif.png","position":"middle_center"}},"defautOgImage":"https:\/\/hilaturasegea.com\/wp-content\/plugins\/seo-by-rank-math\/assets\/admin\/img\/social-placeholder.jpg","customPermalinks":true,"isUserRegistered":true,"autoSuggestKeywords":true,"connectSiteUrl":"https:\/\/rankmath.com\/auth?site=https%3A%2F%2Fhilaturasegea.com%2Fca&r=https%3A%2F%2Fhilaturasegea.com%2Fca%2Fwp-json%2Fwp%2Fv2%2Fpages%2F4567%3Fnonce%3Dc3b09d4371&pro=1","maxTags":100,"trendsIcon":"<svg viewBox=\"0 0 610 610\"><path d=\"M18.85,446,174.32,290.48l58.08,58.08L76.93,504a14.54,14.54,0,0,1-20.55,0L18.83,466.48a14.54,14.54,0,0,1,0-20.55Z\" style=\"fill:#4285f4\"\/><path d=\"M242.65,242.66,377.59,377.6l-47.75,47.75a14.54,14.54,0,0,1-20.55,0L174.37,290.43l47.75-47.75A14.52,14.52,0,0,1,242.65,242.66Z\" style=\"fill:#ea4335\"\/><polygon points=\"319.53 319.53 479.26 159.8 537.34 217.88 377.61 377.62 319.53 319.53\" style=\"fill:#fabb05\"\/><path d=\"M594.26,262.73V118.61h0a16.94,16.94,0,0,0-16.94-16.94H433.2a16.94,16.94,0,0,0-12,28.92L565.34,274.71h0a16.94,16.94,0,0,0,28.92-12Z\" style=\"fill:#34a853\"\/><rect width=\"610\" height=\"610\" style=\"fill:none\"\/><\/svg>","showScore":true,"siteFavIcon":"https:\/\/hilaturasegea.com\/wp-content\/uploads\/2025\/04\/cropped-ega-favicon-32x32.png","canUser":{"general":false,"advanced":false,"snippet":false,"social":false,"analysis":false,"analytics":false,"content_ai":false},"showKeywordIntent":true,"isPro":true,"is_front_page":false,"trendsUpgradeLink":"https:\/\/rankmath.com\/pricing\/?utm_source=Plugin&utm_medium=CE%20General%20Tab%20Trends&utm_campaign=WP","trendsUpgradeLabel":"Upgrade","trendsPreviewImage":"https:\/\/hilaturasegea.com\/wp-content\/plugins\/seo-by-rank-math\/assets\/admin\/img\/trends-preview.jpg","currentEditor":false,"homepageData":{"assessor":{"powerWords":[],"diacritics":true,"researchesTests":["contentHasTOC","contentHasShortParagraphs","contentHasAssets","keywordInTitle","keywordInMetaDescription","keywordInPermalink","keywordIn10Percent","keywordInContent","keywordInSubheadings","keywordInImageAlt","keywordDensity","keywordNotUsed","lengthContent","lengthPermalink","linksHasInternal","linksHasExternals","linksNotAllExternals","titleStartWithKeyword","titleSentiment","titleHasPowerWords","titleHasNumber","hasContentAI"],"hasBreadcrumb":false,"serpData":{"title":"%sitename% %page% %sep% %sitedesc%","description":"","titleTemplate":"%sitename% %page% %sep% %sitedesc%","descriptionTemplate":"","focusKeywords":"","breadcrumbTitle":"Home","robots":{"index":true},"advancedRobots":[],"facebookTitle":"","facebookDescription":"","facebookImage":"","facebookImageID":""}}},"isAnalyticsConnected":false,"tocTitle":"Table of Contents","tocExcludeHeadings":[],"listStyle":"ul"},"_links":{"self":[{"href":"https:\/\/hilaturasegea.com\/ca\/wp-json\/wp\/v2\/pages\/4567","targetHints":{"allow":["GET"]}}],"collection":[{"href":"https:\/\/hilaturasegea.com\/ca\/wp-json\/wp\/v2\/pages"}],"about":[{"href":"https:\/\/hilaturasegea.com\/ca\/wp-json\/wp\/v2\/types\/page"}],"author":[{"embeddable":true,"href":"https:\/\/hilaturasegea.com\/ca\/wp-json\/wp\/v2\/users\/1"}],"replies":[{"embeddable":true,"href":"https:\/\/hilaturasegea.com\/ca\/wp-json\/wp\/v2\/comments?post=4567"}],"version-history":[{"count":7,"href":"https:\/\/hilaturasegea.com\/ca\/wp-json\/wp\/v2\/pages\/4567\/revisions"}],"predecessor-version":[{"id":4584,"href":"https:\/\/hilaturasegea.com\/ca\/wp-json\/wp\/v2\/pages\/4567\/revisions\/4584"}],"wp:attachment":[{"href":"https:\/\/hilaturasegea.com\/ca\/wp-json\/wp\/v2\/media?parent=4567"}],"curies":[{"name":"wp","href":"https:\/\/api.w.org\/{rel}","templated":true}]}}