{"id":1514,"date":"2019-10-29T18:07:57","date_gmt":"2019-10-29T18:07:57","guid":{"rendered":"https:\/\/hilaturasegea.com\/index.php\/producto\/dyneema-driza\/"},"modified":"2025-06-13T13:15:07","modified_gmt":"2025-06-13T11:15:07","slug":"dyneema-driza","status":"publish","type":"product","link":"https:\/\/hilaturasegea.com\/ca\/producte\/dyneema-driza\/","title":{"rendered":"Dyneema \/ Driza"},"content":{"rendered":"<p>Altres gruixos \u00a1 Consulteu!<\/p>\n<p><strong>COMPOSICI\u00d3:<\/strong> Trenat simple, Dyneema SK75-Preestirat polietil\u00e8 d&#039;alt pes mol\u00e8cules (UHMWPR).<\/p>\n<p><strong>CARACTER\u00cdSTIQUES:<\/strong> Dyneema, 10 vegades m\u00e9s fort que l&#039;acer i m\u00e9s resistent a l&#039;abrasi\u00f3 que hi ha al m\u00f3n. \u00c9s hidrof\u00f2brica (absorci\u00f3 d&#039;aigua 0%), flota a l&#039;aigua i \u00e9s qu\u00edmicament inert, comportant-se b\u00e9 en sec, humit i salat. Color estabilitzat per raigs UV. Incre\u00efblement lleuger, suau, flexible al tacte i f\u00e0cil de nuar. Lliure de coques. La combinaci\u00f3 d&#039;alt rendiment i durabilitat la converteixen en les drizes per a velers de competici\u00f3. Estirament &lt; 1,3 %.<\/p>\n<p><strong>UTILITATS:<\/strong> Drisses, escotes, braces, grolleres i all\u00e0 on el poc pes i l&#039;alta resist\u00e8ncia siguin primordials.<\/p>\n<table class=\"MsoNormalTable\" style=\"width: 276.55pt; border: 1pt solid; margin-left: auto; margin-right: auto;\" border=\"1\" width=\"369\" cellpadding=\"0\">\n<thead>\n<tr style=\"height: 17.6pt;\">\n<td style=\"border: dashed #BBBBBB 1pt; background: #C6D9F1; padding: 0.75pt 0.75pt 0.75pt 0.75pt; height: 17.6pt;\">\n<p class=\"MsoNormal\" style=\"margin-bottom: 0.0001pt; text-align: center; line-height: normal;\" align=\"center\"><b><span style=\"font-size: 8.5pt; font-family: Verdana, 'sans-serif'; color: #000000;\">Di\u00e0metre<\/span><\/b><\/p>\n<p>&nbsp;<\/td>\n<td style=\"border: dashed #BBBBBB 1pt; background: #C6D9F1; padding: 0.75pt 0.75pt 0.75pt 0.75pt; height: 17.6pt;\">\n<p class=\"MsoNormal\" style=\"margin-bottom: 0.0001pt; text-align: center; line-height: normal;\" align=\"center\"><b><span style=\"font-size: 8.5pt; font-family: Verdana, 'sans-serif'; color: #000000;\">C\u00e0rrega Trencament<br \/>\nAprox. (kg)<\/span><\/b><\/p>\n<p>&nbsp;<\/td>\n<td style=\"border: dashed #BBBBBB 1pt; background: #C6D9F1; padding: 0.75pt 0.75pt 0.75pt 0.75pt; height: 17.6pt;\">\n<p class=\"MsoNormal\" style=\"margin-bottom: 0.0001pt; text-align: center; line-height: normal;\" align=\"center\"><b><span style=\"font-size: 8.5pt; font-family: Verdana, 'sans-serif'; color: #000000;\">Pes Aprox.<br \/>\nkg\/100 m<\/span><\/b><\/p>\n<p>&nbsp;<\/td>\n<\/tr>\n<\/thead>\n<tbody>\n<tr style=\"height: 8.8pt;\">\n<td style=\"border: dashed #BBBBBB 1pt; background: #D9D9D9; padding: 0.75pt 0.75pt 0.75pt 0.75pt; height: 8.8pt;\">\n<p class=\"MsoNormal\" style=\"margin-bottom: 0.0001pt; text-align: center; line-height: normal;\" align=\"center\"><span style=\"font-size: 8.5pt; font-family: Verdana, 'sans-serif'; color: #000000;\">2 mm<\/span><\/p>\n<\/td>\n<td style=\"border: dashed #BBBBBB 1pt; background: #D9D9D9; padding: 0.75pt 0.75pt 0.75pt 0.75pt; height: 8.8pt;\">\n<p class=\"MsoNormal\" style=\"margin-bottom: 0.0001pt; text-align: center; line-height: normal;\" align=\"center\"><span style=\"font-size: 8.5pt; font-family: Verdana, 'sans-serif'; color: #000000;\">352<\/span><\/p>\n<\/td>\n<td style=\"border: dashed #BBBBBB 1pt; background: #D9D9D9; padding: 0.75pt 0.75pt 0.75pt 0.75pt; height: 8.8pt;\">\n<p class=\"MsoNormal\" style=\"margin-bottom: 0.0001pt; text-align: center; line-height: normal;\" align=\"center\"><span style=\"font-size: 8.5pt; font-family: Verdana, 'sans-serif'; color: #000000;\">0,40<\/span><\/p>\n<\/td>\n<\/tr>\n<tr style=\"height: 8.8pt;\">\n<td style=\"border: dashed #BBBBBB 1pt; padding: 0.75pt 0.75pt 0.75pt 0.75pt; height: 8.8pt;\">\n<p class=\"MsoNormal\" style=\"margin-bottom: 0.0001pt; text-align: center; line-height: normal;\" align=\"center\"><span style=\"font-size: 8.5pt; font-family: Verdana, 'sans-serif'; color: #000000;\">3 mm<\/span><\/p>\n<\/td>\n<td style=\"border: dashed #BBBBBB 1pt; padding: 0.75pt 0.75pt 0.75pt 0.75pt; height: 8.8pt;\">\n<p class=\"MsoNormal\" style=\"margin-bottom: 0.0001pt; text-align: center; line-height: normal;\" align=\"center\"><span style=\"font-size: 8.5pt; font-family: Verdana, 'sans-serif'; color: #000000;\">605<\/span><\/p>\n<\/td>\n<td style=\"border: dashed #BBBBBB 1pt; padding: 0.75pt 0.75pt 0.75pt 0.75pt; height: 8.8pt;\">\n<p class=\"MsoNormal\" style=\"margin-bottom: 0.0001pt; text-align: center; line-height: normal;\" align=\"center\"><span style=\"font-size: 8.5pt; font-family: Verdana, 'sans-serif'; color: #000000;\">0,90<\/span><\/p>\n<\/td>\n<\/tr>\n<tr style=\"height: 8.15pt;\">\n<td style=\"border: dashed #BBBBBB 1pt; background: #D9D9D9; padding: 0.75pt 0.75pt 0.75pt 0.75pt; height: 8.15pt;\">\n<p class=\"MsoNormal\" style=\"margin-bottom: 0.0001pt; text-align: center; line-height: normal;\" align=\"center\"><span style=\"font-size: 8.5pt; font-family: Verdana, 'sans-serif'; color: #000000;\">4 mm<\/span><\/p>\n<\/td>\n<td style=\"border: dashed #BBBBBB 1pt; background: #D9D9D9; padding: 0.75pt 0.75pt 0.75pt 0.75pt; height: 8.15pt;\">\n<p class=\"MsoNormal\" style=\"margin-bottom: 0.0001pt; text-align: center; line-height: normal;\" align=\"center\"><span style=\"font-size: 8.5pt; font-family: Verdana, 'sans-serif'; color: #000000;\">1520<\/span><\/p>\n<\/td>\n<td style=\"border: dashed #BBBBBB 1pt; background: #D9D9D9; padding: 0.75pt 0.75pt 0.75pt 0.75pt; height: 8.15pt;\">\n<p class=\"MsoNormal\" style=\"margin-bottom: 0.0001pt; text-align: center; line-height: normal;\" align=\"center\"><span style=\"font-size: 8.5pt; font-family: Verdana, 'sans-serif'; color: #000000;\">1,80<\/span><\/p>\n<\/td>\n<\/tr>\n<tr style=\"height: 8.8pt;\">\n<td style=\"border: dashed #BBBBBB 1pt; padding: 0.75pt 0.75pt 0.75pt 0.75pt; height: 8.8pt;\">\n<p class=\"MsoNormal\" style=\"margin-bottom: 0.0001pt; text-align: center; line-height: normal;\" align=\"center\"><span style=\"font-size: 8.5pt; font-family: Verdana, 'sans-serif'; color: #000000;\">5 mm<\/span><\/p>\n<\/td>\n<td style=\"border: dashed #BBBBBB 1pt; padding: 0.75pt 0.75pt 0.75pt 0.75pt; height: 8.8pt;\">\n<p class=\"MsoNormal\" style=\"margin-bottom: 0.0001pt; text-align: center; line-height: normal;\" align=\"center\"><span style=\"font-size: 8.5pt; font-family: Verdana, 'sans-serif'; color: #000000;\">2395<\/span><\/p>\n<\/td>\n<td style=\"border: dashed #BBBBBB 1pt; padding: 0.75pt 0.75pt 0.75pt 0.75pt; height: 8.8pt;\">\n<p class=\"MsoNormal\" style=\"margin-bottom: 0.0001pt; text-align: center; line-height: normal;\" align=\"center\"><span style=\"font-size: 8.5pt; font-family: Verdana, 'sans-serif'; color: #000000;\">2,80<\/span><\/p>\n<\/td>\n<\/tr>\n<tr style=\"height: 8.8pt;\">\n<td style=\"border: dashed #BBBBBB 1pt; background: #D9D9D9; padding: 0.75pt 0.75pt 0.75pt 0.75pt; height: 8.8pt;\">\n<p class=\"MsoNormal\" style=\"margin-bottom: 0.0001pt; text-align: center; line-height: normal;\" align=\"center\"><span style=\"font-size: 8.5pt; font-family: Verdana, 'sans-serif'; color: #000000;\">6 mm<\/span><\/p>\n<\/td>\n<td style=\"border: dashed #BBBBBB 1pt; background: #D9D9D9; padding: 0.75pt 0.75pt 0.75pt 0.75pt; height: 8.8pt;\">\n<p class=\"MsoNormal\" style=\"margin-bottom: 0.0001pt; text-align: center; line-height: normal;\" align=\"center\"><span style=\"font-size: 8.5pt; font-family: Verdana, 'sans-serif'; color: #000000;\">3226<\/span><\/p>\n<\/td>\n<td style=\"border: dashed #BBBBBB 1pt; background: #D9D9D9; padding: 0.75pt 0.75pt 0.75pt 0.75pt; height: 8.8pt;\">\n<p class=\"MsoNormal\" style=\"margin-bottom: 0.0001pt; text-align: center; line-height: normal;\" align=\"center\"><span style=\"font-size: 8.5pt; font-family: Verdana, 'sans-serif'; color: #000000;\">4,20<\/span><\/p>\n<\/td>\n<\/tr>\n<tr style=\"height: 8.8pt;\">\n<td style=\"border: dashed #BBBBBB 1pt; padding: 0.75pt 0.75pt 0.75pt 0.75pt; height: 8.8pt;\">\n<p class=\"MsoNormal\" style=\"margin-bottom: 0.0001pt; text-align: center; line-height: normal;\" align=\"center\"><span style=\"font-size: 8.5pt; font-family: Verdana, 'sans-serif'; color: #000000;\">7 mm<\/span><\/p>\n<\/td>\n<td style=\"border: dashed #BBBBBB 1pt; padding: 0.75pt 0.75pt 0.75pt 0.75pt; height: 8.8pt;\">\n<p class=\"MsoNormal\" style=\"margin-bottom: 0.0001pt; text-align: center; line-height: normal;\" align=\"center\"><span style=\"font-size: 8.5pt; font-family: Verdana, 'sans-serif'; color: #000000;\">4000<\/span><\/p>\n<\/td>\n<td style=\"border: dashed #BBBBBB 1pt; padding: 0.75pt 0.75pt 0.75pt 0.75pt; height: 8.8pt;\">\n<p class=\"MsoNormal\" style=\"margin-bottom: 0.0001pt; text-align: center; line-height: normal;\" align=\"center\"><span style=\"font-size: 8.5pt; font-family: Verdana, 'sans-serif'; color: #000000;\">6,10<\/span><\/p>\n<\/td>\n<\/tr>\n<tr style=\"height: 8.15pt;\">\n<td style=\"border: dashed #BBBBBB 1pt; background: #D9D9D9; padding: 0.75pt 0.75pt 0.75pt 0.75pt; height: 8.15pt;\">\n<p class=\"MsoNormal\" style=\"margin-bottom: 0.0001pt; text-align: center; line-height: normal;\" align=\"center\"><span style=\"font-size: 8.5pt; font-family: Verdana, 'sans-serif'; color: #000000;\">8 mm<\/span><\/p>\n<\/td>\n<td style=\"border: dashed #BBBBBB 1pt; background: #D9D9D9; padding: 0.75pt 0.75pt 0.75pt 0.75pt; height: 8.15pt;\">\n<p class=\"MsoNormal\" style=\"margin-bottom: 0.0001pt; text-align: center; line-height: normal;\" align=\"center\"><span style=\"font-size: 8.5pt; font-family: Verdana, 'sans-serif'; color: #000000;\">5607<\/span><\/p>\n<\/td>\n<td style=\"border: dashed #BBBBBB 1pt; background: #D9D9D9; padding: 0.75pt 0.75pt 0.75pt 0.75pt; height: 8.15pt;\">\n<p class=\"MsoNormal\" style=\"margin-bottom: 0.0001pt; text-align: center; line-height: normal;\" align=\"center\"><span style=\"font-size: 8.5pt; font-family: Verdana, 'sans-serif'; color: #000000;\">3,50<\/span><\/p>\n<\/td>\n<\/tr>\n<tr style=\"height: 8.8pt;\">\n<td style=\"border: dashed #BBBBBB 1pt; padding: 0.75pt 0.75pt 0.75pt 0.75pt; height: 8.8pt;\">\n<p class=\"MsoNormal\" style=\"margin-bottom: 0.0001pt; text-align: center; line-height: normal;\" align=\"center\"><span style=\"font-size: 8.5pt; font-family: Verdana, 'sans-serif'; color: #000000;\">10 mm<\/span><\/p>\n<\/td>\n<td style=\"border: dashed #BBBBBB 1pt; padding: 0.75pt 0.75pt 0.75pt 0.75pt; height: 8.8pt;\">\n<p class=\"MsoNormal\" style=\"margin-bottom: 0.0001pt; text-align: center; line-height: normal;\" align=\"center\"><span style=\"font-size: 8.5pt; font-family: Verdana, 'sans-serif'; color: #000000;\">8105<\/span><\/p>\n<\/td>\n<td style=\"border: dashed #BBBBBB 1pt; padding: 0.75pt 0.75pt 0.75pt 0.75pt; height: 8.8pt;\">\n<p class=\"MsoNormal\" style=\"margin-bottom: 0.0001pt; text-align: center; line-height: normal;\" align=\"center\"><span style=\"font-size: 8.5pt; font-family: Verdana, 'sans-serif'; color: #000000;\">5,00<\/span><\/p>\n<\/td>\n<\/tr>\n<tr style=\"height: 8.8pt;\">\n<td style=\"border: dashed #BBBBBB 1pt; background: #D9D9D9; padding: 0.75pt 0.75pt 0.75pt 0.75pt; height: 8.8pt;\">\n<p class=\"MsoNormal\" style=\"margin-bottom: 0.0001pt; text-align: center; line-height: normal;\" align=\"center\"><span style=\"font-size: 8.5pt; font-family: Verdana, 'sans-serif'; color: #000000;\">11 mm<\/span><\/p>\n<\/td>\n<td style=\"border: dashed #BBBBBB 1pt; background: #D9D9D9; padding: 0.75pt 0.75pt 0.75pt 0.75pt; height: 8.8pt;\">\n<p class=\"MsoNormal\" style=\"margin-bottom: 0.0001pt; text-align: center; line-height: normal;\" align=\"center\"><span style=\"font-size: 8.5pt; font-family: Verdana, 'sans-serif'; color: #000000;\">9825<\/span><\/p>\n<\/td>\n<td style=\"border: dashed #BBBBBB 1pt; background: #D9D9D9; padding: 0.75pt 0.75pt 0.75pt 0.75pt; height: 8.8pt;\">\n<p class=\"MsoNormal\" style=\"margin-bottom: 0.0001pt; text-align: center; line-height: normal;\" align=\"center\"><span style=\"font-size: 8.5pt; font-family: Verdana, 'sans-serif'; color: #000000;\">6,50<\/span><\/p>\n<\/td>\n<\/tr>\n<\/tbody>\n<\/table>","protected":false},"excerpt":{"rendered":"<p>Otros grosores \u00a1Consultar! COMPOSICI\u00d3N: Trenzado simple, Dyneema SK75-Preestirado polietileno de alto peso moleculas (UHMWPR). CARACTER\u00cdSTICAS: Dyneema, 10 veces mas fuerte que el acero y m\u00e1s resistente a la abrasi\u00f3n que existe en el mundo. Es hidrof\u00f3brica (absorci\u00f3n de agua 0%), flota en el agua y es quimicamente inerte, comportandose bien en seco, h\u00famedo y salado. [&hellip;]<\/p>","protected":false},"featured_media":1502,"template":"","meta":[],"product_brand":[],"product_cat":[970,1129,1220,990,965,1080,967,986],"product_tag":[],"class_list":{"0":"post-1514","1":"product","2":"type-product","3":"status-publish","4":"has-post-thumbnail","6":"product_cat-cordeleria","7":"product_cat-driza-dyneema-cordeleria","8":"product_cat-driza-dyneema-cordeleria-nautica-nautica","9":"product_cat-dyneema","10":"product_cat-ferreteria","11":"product_cat-dyneema-cordeleria-nautica-nautica","12":"product_cat-nautica","13":"product_cat-cordeleria-nautica","14":"pa_color-azul","15":"pa_color-gris","16":"pa_color-verde","17":"pa_diametro-2mm","18":"pa_diametro-3mm","19":"pa_diametro-4mm","20":"pa_diametro-5mm","21":"pa_diametro-6mm","22":"pa_diametro-7mm","23":"pa_diametro-8mm","24":"pa_diametro-10mm","25":"pa_diametro-12mm","26":"pa_metraje-100m","27":"pa_metraje-200m","29":"first","30":"instock","31":"sale","32":"taxable","33":"shipping-taxable","34":"purchasable","35":"product-type-variable"},"tiered_pricing_type":"fixed","tiered_pricing_fixed_rules":[],"tiered_pricing_product_settings":{"layout":"default","base_unit_name":{"singular":null,"plural":null},"default_variation":null},"tiered_pricing_minimum_quantity":null,"tiered_pricing_roles_data":[],"tiered_pricing_percentage_rules":[],"_links":{"self":[{"href":"https:\/\/hilaturasegea.com\/ca\/wp-json\/wp\/v2\/product\/1514","targetHints":{"allow":["GET"]}}],"collection":[{"href":"https:\/\/hilaturasegea.com\/ca\/wp-json\/wp\/v2\/product"}],"about":[{"href":"https:\/\/hilaturasegea.com\/ca\/wp-json\/wp\/v2\/types\/product"}],"wp:featuredmedia":[{"embeddable":true,"href":"https:\/\/hilaturasegea.com\/ca\/wp-json\/wp\/v2\/media\/1502"}],"wp:attachment":[{"href":"https:\/\/hilaturasegea.com\/ca\/wp-json\/wp\/v2\/media?parent=1514"}],"wp:term":[{"taxonomy":"product_brand","embeddable":true,"href":"https:\/\/hilaturasegea.com\/ca\/wp-json\/wp\/v2\/product_brand?post=1514"},{"taxonomy":"product_cat","embeddable":true,"href":"https:\/\/hilaturasegea.com\/ca\/wp-json\/wp\/v2\/product_cat?post=1514"},{"taxonomy":"product_tag","embeddable":true,"href":"https:\/\/hilaturasegea.com\/ca\/wp-json\/wp\/v2\/product_tag?post=1514"}],"curies":[{"name":"wp","href":"https:\/\/api.w.org\/{rel}","templated":true}]}}