{"id":1900,"date":"2019-10-29T19:03:35","date_gmt":"2019-10-29T19:03:35","guid":{"rendered":"https:\/\/hilaturasegea.com\/index.php\/producto\/polipropileno-trenzado-ref-8841-hilo-replanteoatirantar\/"},"modified":"2025-06-13T13:01:13","modified_gmt":"2025-06-13T11:01:13","slug":"polipropileno-trenzado-ref-8841-hilo-replanteoatirantar","status":"publish","type":"product","link":"https:\/\/hilaturasegea.com\/ca\/producte\/polipropileno-trenzado-ref-8841-hilo-replanteoatirantar\/","title":{"rendered":"Polipropil\u00e8 \u2013 Fil Replanteig\/Atirantar"},"content":{"rendered":"<p><strong>COMPOSICI\u00d3:<\/strong> Fibra 100 % Sint\u00e8tica de multifilaments de Polipropil\u00e8 alta tenacitat, amb tractament UV<\/p>\n<p><strong>CARACTER\u00cdSTIQUES:<\/strong> Resistent a l&#039;aigua, posseeix flotabilitat, m\u00ednima elasticitat, resist\u00e8ncia a la fricci\u00f3 ia la flexi\u00f3, trenat suau al tacte i lleuger.<\/p>\n<p><strong>UTILITATS:<\/strong> Fil d&#039;atirantar, treballs de paleta (tiralinees, plomada), c\u00e0mping, bricolatge, vents per a tendes de campanya, botiga de joguines, paqueteria, m\u00faltiples aplicacions, etc.<\/p>\n<table class=\"MsoNormalTable\" style=\"width: 215.9pt; border: 1pt solid; margin-left: auto; margin-right: auto;\" border=\"1\" width=\"288\" cellpadding=\"0\">\n<thead>\n<tr style=\"height: 22.25pt;\">\n<td style=\"border: dashed #BBBBBB 1pt; background: #C6D9F1; padding: 0.75pt 0.75pt 0.75pt 0.75pt; height: 22.25pt;\">\n<p class=\"MsoNormal\" style=\"margin-bottom: 0.0001pt; text-align: center; line-height: normal;\" align=\"center\"><b><span style=\"font-size: 8.5pt; font-family: Verdana, sans-serif;\">Refer\u00e8ncia<\/span><\/b><\/p>\n<\/td>\n<td style=\"border: dashed #BBBBBB 1pt; background: #C6D9F1; padding: 0.75pt 0.75pt 0.75pt 0.75pt; height: 22.25pt;\">\n<p class=\"MsoNormal\" style=\"margin-bottom: 0.0001pt; text-align: center; line-height: normal;\" align=\"center\"><b><span style=\"font-size: 8.5pt; font-family: Verdana, sans-serif;\">\u00a0 \u00a0Pes Aprox.<\/span><\/b><span style=\"font-size: 12pt; font-family: 'Times New Roman', serif;\">\u00a0 \u00a0 <\/span><b><span style=\"font-size: 8.5pt; font-family: Verdana, sans-serif;\">kg\/100 m<\/span><\/b><\/p>\n<\/td>\n<td style=\"width: 67.3pt; border: dashed #BBBBBB 1pt; background: #C6D9F1; padding: 0.75pt 0.75pt 0.75pt 0.75pt; height: 22.25pt;\" width=\"90\">\n<p class=\"MsoNormal\" style=\"margin-bottom: 0.0001pt; text-align: center; line-height: normal;\" align=\"center\"><b><span style=\"font-size: 8.5pt; font-family: Verdana, sans-serif;\">C\u00e0rrega Trencament<br \/>\nAprox. (kg)<\/span><\/b><\/p>\n<\/td>\n<\/tr>\n<\/thead>\n<tbody>\n<tr style=\"height: 11.15pt;\">\n<td style=\"border: dashed #BBBBBB 1pt; background: #D9D9D9; padding: 0.75pt 0.75pt 0.75pt 0.75pt; height: 11.15pt;\" valign=\"top\">\n<p class=\"MsoNormal\" style=\"margin-bottom: 0.0001pt; text-align: center; line-height: normal;\" align=\"center\"><span style=\"font-size: 8.5pt; font-family: Verdana, sans-serif;\">8841<\/span><\/p>\n<\/td>\n<td style=\"border: dashed #BBBBBB 1pt; background: #D9D9D9; padding: 0.75pt 0.75pt 0.75pt 0.75pt; height: 11.15pt;\">\n<p class=\"MsoNormal\" style=\"margin-bottom: 0.0001pt; text-align: center; line-height: normal;\" align=\"center\"><span style=\"font-size: 8.5pt; font-family: Verdana, sans-serif;\">0,15 kg<\/span><\/p>\n<\/td>\n<td style=\"width: 67.3pt; border: dashed #BBBBBB 1pt; background: #D9D9D9; padding: 0.75pt 0.75pt 0.75pt 0.75pt; height: 11.15pt;\" width=\"90\">\n<p style=\"text-align: center;\"><span style=\"font-family: Verdana, sans-serif;\"><span style=\"font-size: 11.3333px;\">38<\/span><\/span><\/p>\n<\/td>\n<\/tr>\n<tr style=\"height: 11.15pt;\">\n<td style=\"border: dashed #BBBBBB 1pt; padding: 0.75pt 0.75pt 0.75pt 0.75pt; height: 11.15pt;\" valign=\"top\">\n<p class=\"MsoNormal\" style=\"margin-bottom: 0.0001pt; text-align: center; line-height: normal;\" align=\"center\"><span style=\"font-size: 8.5pt; font-family: Verdana, sans-serif;\">8842<\/span><\/p>\n<\/td>\n<td style=\"border: dashed #BBBBBB 1pt; padding: 0.75pt 0.75pt 0.75pt 0.75pt; height: 11.15pt;\">\n<p class=\"MsoNormal\" style=\"margin-bottom: 0.0001pt; text-align: center; line-height: normal;\" align=\"center\"><span style=\"font-size: 8.5pt; font-family: Verdana, sans-serif;\">0,17 kg<\/span><\/p>\n<\/td>\n<td style=\"width: 67.3pt; border: dashed #BBBBBB 1pt; padding: 0.75pt 0.75pt 0.75pt 0.75pt; height: 11.15pt;\" width=\"90\">\n<p class=\"MsoNormal\" style=\"margin-bottom: 0.0001pt; text-align: center; line-height: normal;\" align=\"center\"><span style=\"font-size: 8.5pt; font-family: Verdana, sans-serif;\">44<\/span><\/p>\n<\/td>\n<\/tr>\n<tr style=\"height: 11.9pt;\">\n<td style=\"border: dashed #BBBBBB 1pt; background: #D9D9D9; padding: 0.75pt 0.75pt 0.75pt 0.75pt; height: 11.9pt;\" valign=\"top\">\n<p class=\"MsoNormal\" style=\"margin-bottom: 0.0001pt; text-align: center; line-height: normal;\" align=\"center\"><span style=\"font-size: 8.5pt; font-family: Verdana, sans-serif;\">8843<\/span><\/p>\n<\/td>\n<td style=\"border: dashed #BBBBBB 1pt; background: #D9D9D9; padding: 0.75pt 0.75pt 0.75pt 0.75pt; height: 11.9pt;\">\n<p class=\"MsoNormal\" style=\"margin-bottom: 0.0001pt; text-align: center; line-height: normal;\" align=\"center\"><span style=\"font-size: 8.5pt; font-family: Verdana, sans-serif;\">0,19 kg<\/span><\/p>\n<\/td>\n<td style=\"width: 67.3pt; border: dashed #BBBBBB 1pt; background: #D9D9D9; padding: 0.75pt 0.75pt 0.75pt 0.75pt; height: 11.9pt;\" width=\"90\">\n<p class=\"MsoNormal\" style=\"margin-bottom: 0.0001pt; text-align: center; line-height: normal;\" align=\"center\"><span style=\"font-size: 8.5pt; font-family: Verdana, sans-serif;\">53<\/span><\/p>\n<\/td>\n<\/tr>\n<\/tbody>\n<\/table>","protected":false},"excerpt":{"rendered":"<p>COMPOSICI\u00d3N: Fibra 100 % Sint\u00e9tica de multifilamentos de Polipropileno alta tenacidad, con tratamiento U.V. CARACTER\u00cdSTICAS: Resistente al agua, posee flotabilidad, m\u00ednima elasticidad, resistencia al roce y a la flexi\u00f3n, trenzado suave al tacto y ligero. UTILIDADES: Hilo de atirantar, trabajos de alba\u00f1ileria (tiralineas, plomada), camping, bricolaje, vientos para tiendas de campa\u00f1a, jugueter\u00eda, paqueter\u00eda, m\u00faltiples aplicaciones, [&hellip;]<\/p>","protected":false},"featured_media":1882,"template":"","meta":[],"product_brand":[],"product_cat":[970,973,965,1193,1015,966,1059,1339],"product_tag":[],"class_list":{"0":"post-1900","1":"product","2":"type-product","3":"status-publish","4":"has-post-thumbnail","6":"product_cat-cordeleria","7":"product_cat-cordeleria-construccion","8":"product_cat-ferreteria","9":"product_cat-hilo-replanteoatirantar-polipropileno","10":"product_cat-polipropileno","11":"product_cat-construccion","12":"product_cat-polipropileno-cordeleria","13":"product_cat-trenzado-hilo-replanteoatirantar","14":"pa_color8842-azul","15":"pa_color8842-amarillo","16":"pa_color8842-blanco","17":"pa_color8842-naranja","18":"pa_color8842-negro","19":"pa_color8842-rojo","20":"pa_color8842-verde","21":"pa_grosor8841-1_5mm","22":"pa_grosor8841-1_8mm","23":"pa_grosor8841-2_5mm","24":"pa_metraje8842-400m","25":"pa_metraje8842-500m","26":"pa_metraje8842-600m","27":"pa_presentacion8842-carrete","28":"pa_presentacion8842-bobina","29":"pa_referenciappreplanteo-940","30":"pa_referenciappreplanteo-941","31":"pa_referenciappreplanteo-942","33":"first","34":"instock","35":"sale","36":"taxable","37":"shipping-taxable","38":"purchasable","39":"product-type-variable"},"tiered_pricing_type":"fixed","tiered_pricing_fixed_rules":[],"tiered_pricing_product_settings":{"layout":"default","base_unit_name":{"singular":null,"plural":null},"default_variation":null},"tiered_pricing_minimum_quantity":null,"tiered_pricing_roles_data":[],"tiered_pricing_percentage_rules":[],"_links":{"self":[{"href":"https:\/\/hilaturasegea.com\/ca\/wp-json\/wp\/v2\/product\/1900","targetHints":{"allow":["GET"]}}],"collection":[{"href":"https:\/\/hilaturasegea.com\/ca\/wp-json\/wp\/v2\/product"}],"about":[{"href":"https:\/\/hilaturasegea.com\/ca\/wp-json\/wp\/v2\/types\/product"}],"wp:featuredmedia":[{"embeddable":true,"href":"https:\/\/hilaturasegea.com\/ca\/wp-json\/wp\/v2\/media\/1882"}],"wp:attachment":[{"href":"https:\/\/hilaturasegea.com\/ca\/wp-json\/wp\/v2\/media?parent=1900"}],"wp:term":[{"taxonomy":"product_brand","embeddable":true,"href":"https:\/\/hilaturasegea.com\/ca\/wp-json\/wp\/v2\/product_brand?post=1900"},{"taxonomy":"product_cat","embeddable":true,"href":"https:\/\/hilaturasegea.com\/ca\/wp-json\/wp\/v2\/product_cat?post=1900"},{"taxonomy":"product_tag","embeddable":true,"href":"https:\/\/hilaturasegea.com\/ca\/wp-json\/wp\/v2\/product_tag?post=1900"}],"curies":[{"name":"wp","href":"https:\/\/api.w.org\/{rel}","templated":true}]}}