{"id":228,"date":"2019-10-29T17:48:46","date_gmt":"2019-10-29T17:48:46","guid":{"rendered":"https:\/\/hilaturasegea.com\/index.php\/producto\/poliester-driza-trenzada-color-alta-tenacidad\/"},"modified":"2025-06-13T13:35:23","modified_gmt":"2025-06-13T11:35:23","slug":"poliester-driza-trenzada-color-alta-tenacidad","status":"publish","type":"product","link":"https:\/\/hilaturasegea.com\/ca\/producte\/poliester-driza-trenzada-color-alta-tenacidad\/","title":{"rendered":"Poli\u00e8ster \/ Drissa-Tren\u00e7ada Color Alta Tenacitat (2,5mm)"},"content":{"rendered":"<p><strong>COMPOSICI\u00d3:<\/strong> Trenat 100 % Poli\u00e8ster alta tenacitat.<\/p>\n<p><strong>CARACTER\u00cdSTIQUES:<\/strong> M\u00ednima elasticitat, gran resist\u00e8ncia a la fricci\u00f3 ia la tracci\u00f3. No es deteriora a l&#039;aigua. Color estabilitzat per raigs UV. Suau i flexible al tacte. Lliure de coques.<\/p>\n<p><strong>UTILITATS:<\/strong> Stores, riel cortines, motoserra, politges, treballs manuals, botiga de joguines, gimnasos, construcci\u00f3, pesca, multiusos en n\u00e0utica, vela lleugera, hissar i arriar banderes, paravents en tendes de campanyes, etc\u2026<\/p>\n<p style=\"text-align: center;\"><img fetchpriority=\"high\" decoding=\"async\" class=\"size-full wp-image-224\" src=\"https:\/\/hilaturasegea.com\/wp-content\/uploads\/2019\/10\/PAGINA-3.jpg\" alt=\"\" width=\"723\" height=\"184\" srcset=\"https:\/\/hilaturasegea.com\/wp-content\/uploads\/2019\/10\/PAGINA-3.jpg 1862w, https:\/\/hilaturasegea.com\/wp-content\/uploads\/2019\/10\/PAGINA-3-600x153.jpg 600w, https:\/\/hilaturasegea.com\/wp-content\/uploads\/2019\/10\/PAGINA-3-300x76.jpg 300w, https:\/\/hilaturasegea.com\/wp-content\/uploads\/2019\/10\/PAGINA-3-1024x261.jpg 1024w, https:\/\/hilaturasegea.com\/wp-content\/uploads\/2019\/10\/PAGINA-3-768x196.jpg 768w, https:\/\/hilaturasegea.com\/wp-content\/uploads\/2019\/10\/PAGINA-3-1536x391.jpg 1536w\" sizes=\"(max-width: 723px) 100vw, 723px\" \/><\/p>\n<table class=\"MsoNormalTable\" style=\"width: 210.15pt; border: 1pt solid; margin-left: auto; margin-right: auto;\" border=\"1\" width=\"280\" cellpadding=\"0\">\n<thead>\n<tr style=\"height: 19.3pt;\">\n<td style=\"border: dashed #BBBBBB 1pt; background: #DBE5F1; padding: 0.75pt 0.75pt 0.75pt 0.75pt; height: 19.3pt;\">\n<p class=\"MsoNormal\" style=\"margin-bottom: 0.0001pt; text-align: center; line-height: normal;\" align=\"center\"><b><span style=\"font-size: 8.5pt; font-family: Verdana, 'sans-serif'; color: #000000;\">Di\u00e0metre<\/span><\/b><\/p>\n<\/td>\n<td style=\"border: dashed #BBBBBB 1pt; background: #DBE5F1; padding: 0.75pt 0.75pt 0.75pt 0.75pt; height: 19.3pt;\">\n<p class=\"MsoNormal\" style=\"margin-bottom: 0.0001pt; text-align: center; line-height: normal;\" align=\"center\"><b><span style=\"font-size: 8.5pt; font-family: Verdana, 'sans-serif'; color: #000000;\">C\u00e0rrega Trencament<br \/>\nAprox. (kg)<\/span><\/b><\/p>\n<\/td>\n<td style=\"border: dashed #BBBBBB 1pt; background: #DBE5F1; padding: 0.75pt 0.75pt 0.75pt 0.75pt; height: 19.3pt;\">\n<p class=\"MsoNormal\" style=\"margin-bottom: 0.0001pt; text-align: center; line-height: normal;\" align=\"center\"><b><span style=\"font-size: 8.5pt; font-family: Verdana, 'sans-serif'; color: #000000;\">Pes Aprox.<br \/>\nkg\/100 m<\/span><\/b><\/p>\n<\/td>\n<\/tr>\n<\/thead>\n<tbody>\n<tr style=\"height: 10.3pt;\">\n<td style=\"border: dashed #BBBBBB 1pt; background: #F2F2F2; padding: 0.75pt 0.75pt 0.75pt 0.75pt; height: 10.3pt;\">\n<p class=\"MsoNormal\" style=\"margin-bottom: 0.0001pt; text-align: center; line-height: normal;\" align=\"center\"><span style=\"font-size: 8.5pt; font-family: Verdana, 'sans-serif'; color: #000000;\">2,5 mm<\/span><\/p>\n<\/td>\n<td style=\"border: dashed #BBBBBB 1pt; background: #F2F2F2; padding: 0.75pt 0.75pt 0.75pt 0.75pt; height: 10.3pt;\">\n<p class=\"MsoNormal\" style=\"margin-bottom: 0.0001pt; text-align: center; line-height: normal;\" align=\"center\"><span style=\"font-size: 8.5pt; font-family: Verdana, 'sans-serif'; color: #000000;\">175<\/span><\/p>\n<\/td>\n<td style=\"border: dashed #BBBBBB 1pt; background: #F2F2F2; padding: 0.75pt 0.75pt 0.75pt 0.75pt; height: 10.3pt;\">\n<p class=\"MsoNormal\" style=\"margin-bottom: 0.0001pt; text-align: center; line-height: normal;\" align=\"center\"><span style=\"font-size: 8.5pt; font-family: Verdana, 'sans-serif'; color: #000000;\">0,60<\/span><\/p>\n<\/td>\n<\/tr>\n<\/tbody>\n<\/table>","protected":false},"excerpt":{"rendered":"<p>COMPOSICI\u00d3N: Trenzado 100 % Poli\u00e9ster alta tenacidad. CARACTER\u00cdSTICAS: M\u00ednima elasticidad, gran resistencia al roce y a la tracci\u00f3n. No se deteriora en el agua. Color estabilizado por rayos UV. Suave y flexible al tacto. Libre de cocas. UTILIDADES: Stores, riel cortinas, motosierra, poleas, trabajos manuales, jugueter\u00eda, gimnasios, construcci\u00f3n, pesca, multiusos en n\u00e1utica, vela ligera, izar [&hellip;]<\/p>","protected":false},"featured_media":149,"template":"","meta":[],"product_brand":[],"product_cat":[970,1231,965,1056,967,1329,1094,986],"product_tag":[],"class_list":{"0":"post-228","1":"product","2":"type-product","3":"status-publish","4":"has-post-thumbnail","6":"product_cat-cordeleria","7":"product_cat-driza-trenzada-25mm-color-alta-tenacidad","8":"product_cat-ferreteria","9":"product_cat-poliester-cordeleria","10":"product_cat-nautica","11":"product_cat-driza-trenzada-25mm-color-alta-tenacidad-poliester-cordeleria","12":"product_cat-poliester-cordeleria-nautica-nautica","13":"product_cat-cordeleria-nautica","14":"pa_color-amarilloamarillofluor","15":"pa_color-amarillodistintivo","16":"pa_color-amarillofluor","17":"pa_color-azuldistintivo","18":"pa_color-azulnaranjafluor","19":"pa_color-blancovioleta","20":"pa_color-fucsiadistintivo","21":"pa_color-kakidistintivo","22":"pa_color-kakinaranjafluor","23":"pa_color-liladistintivo","24":"pa_color-marinoverdefluor","25":"pa_color-naranjadistintivo","26":"pa_color-naranjaverde","27":"pa_color-naranjaverdefluor","28":"pa_color-negroamarillo","29":"pa_color-negrodistintivo","30":"pa_color-rojoamarillo","31":"pa_color-rojoazul","32":"pa_color-rojodistintivo","33":"pa_color-verdedistintivo","34":"pa_color-verdeverdefluor","35":"pa_color-verdefluor","36":"pa_color-violetarosa","37":"pa_dibujo-colorcondistintivo","38":"pa_dibujo-espiga","39":"pa_dibujo-zig_zag","40":"pa_metraje-25m","41":"pa_metraje-50m","42":"pa_metraje-100m","44":"first","45":"instock","46":"sale","47":"taxable","48":"shipping-taxable","49":"purchasable","50":"product-type-variable"},"tiered_pricing_type":"fixed","tiered_pricing_fixed_rules":[],"tiered_pricing_product_settings":{"layout":"default","base_unit_name":{"singular":null,"plural":null},"default_variation":null},"tiered_pricing_minimum_quantity":null,"tiered_pricing_roles_data":[],"tiered_pricing_percentage_rules":[],"_links":{"self":[{"href":"https:\/\/hilaturasegea.com\/ca\/wp-json\/wp\/v2\/product\/228","targetHints":{"allow":["GET"]}}],"collection":[{"href":"https:\/\/hilaturasegea.com\/ca\/wp-json\/wp\/v2\/product"}],"about":[{"href":"https:\/\/hilaturasegea.com\/ca\/wp-json\/wp\/v2\/types\/product"}],"wp:featuredmedia":[{"embeddable":true,"href":"https:\/\/hilaturasegea.com\/ca\/wp-json\/wp\/v2\/media\/149"}],"wp:attachment":[{"href":"https:\/\/hilaturasegea.com\/ca\/wp-json\/wp\/v2\/media?parent=228"}],"wp:term":[{"taxonomy":"product_brand","embeddable":true,"href":"https:\/\/hilaturasegea.com\/ca\/wp-json\/wp\/v2\/product_brand?post=228"},{"taxonomy":"product_cat","embeddable":true,"href":"https:\/\/hilaturasegea.com\/ca\/wp-json\/wp\/v2\/product_cat?post=228"},{"taxonomy":"product_tag","embeddable":true,"href":"https:\/\/hilaturasegea.com\/ca\/wp-json\/wp\/v2\/product_tag?post=228"}],"curies":[{"name":"wp","href":"https:\/\/api.w.org\/{rel}","templated":true}]}}