{"id":2423,"date":"2019-10-30T15:30:40","date_gmt":"2019-10-30T15:30:40","guid":{"rendered":"https:\/\/hilaturasegea.com\/index.php\/producto\/algodon-cordon\/"},"modified":"2025-06-13T12:25:08","modified_gmt":"2025-06-13T10:25:08","slug":"algodon-cordon","status":"publish","type":"product","link":"https:\/\/hilaturasegea.com\/ca\/producte\/algodon-cordon\/","title":{"rendered":"Cot\u00f3 \/ 3 Cordons Suau"},"content":{"rendered":"<p><em>Altres combinacions de colors Consultar!<\/em><\/p>\n<p><strong>COMPOSICI\u00d3:<\/strong> Cot\u00f3 fibra natural, ecol\u00f2gica, biodegradable.<\/p>\n<p><strong>CARACTER\u00cdSTIQUES:<\/strong> 3 cordons, tacte suau, flexible i seguretat al nus.<\/p>\n<p><strong>UTILITATS:<\/strong> Decoraci\u00f3, botiga de joguines, manualitats, bosses, m\u00faltiples aplicacions, etc.<\/p>","protected":false},"excerpt":{"rendered":"<p>Otras combinaciones de colores \u00a1Consultar! COMPOSICI\u00d3N: Algod\u00f3n fibra natural, ecol\u00f3gica, biodegradable. CARACTER\u00cdSTICAS: 3 cordones, tacto suave, flexible y seguridad en el nudo. UTILIDADES: Decoraci\u00f3n, jugueter\u00eda, manualidades, bolsos, m\u00faltiples aplicaciones, etc.<\/p>","protected":false},"featured_media":2419,"template":"","meta":[],"product_brand":[],"product_cat":[988,1033,970,1216,965,1281,967,986],"product_tag":[],"class_list":{"0":"post-2423","1":"product","2":"type-product","3":"status-publish","4":"has-post-thumbnail","6":"product_cat-algodon","7":"product_cat-algodon-cordeleria-nautica","8":"product_cat-cordeleria","9":"product_cat-cordon","10":"product_cat-ferreteria","11":"product_cat-cordon-algodon","12":"product_cat-nautica","13":"product_cat-cordeleria-nautica","14":"pa_diametro-8mm","15":"pa_diametro-10mm","16":"pa_diametro-12mm","17":"pa_diametro-14mm","18":"pa_metraje-100m","19":"pa_metraje-200m","20":"pa_presentacion-carrete","22":"first","23":"instock","24":"sale","25":"taxable","26":"shipping-taxable","27":"purchasable","28":"product-type-variable"},"tiered_pricing_type":"fixed","tiered_pricing_fixed_rules":[],"tiered_pricing_product_settings":{"layout":"default","base_unit_name":{"singular":null,"plural":null},"default_variation":null},"tiered_pricing_minimum_quantity":null,"tiered_pricing_roles_data":[],"tiered_pricing_percentage_rules":[],"_links":{"self":[{"href":"https:\/\/hilaturasegea.com\/ca\/wp-json\/wp\/v2\/product\/2423","targetHints":{"allow":["GET"]}}],"collection":[{"href":"https:\/\/hilaturasegea.com\/ca\/wp-json\/wp\/v2\/product"}],"about":[{"href":"https:\/\/hilaturasegea.com\/ca\/wp-json\/wp\/v2\/types\/product"}],"wp:featuredmedia":[{"embeddable":true,"href":"https:\/\/hilaturasegea.com\/ca\/wp-json\/wp\/v2\/media\/2419"}],"wp:attachment":[{"href":"https:\/\/hilaturasegea.com\/ca\/wp-json\/wp\/v2\/media?parent=2423"}],"wp:term":[{"taxonomy":"product_brand","embeddable":true,"href":"https:\/\/hilaturasegea.com\/ca\/wp-json\/wp\/v2\/product_brand?post=2423"},{"taxonomy":"product_cat","embeddable":true,"href":"https:\/\/hilaturasegea.com\/ca\/wp-json\/wp\/v2\/product_cat?post=2423"},{"taxonomy":"product_tag","embeddable":true,"href":"https:\/\/hilaturasegea.com\/ca\/wp-json\/wp\/v2\/product_tag?post=2423"}],"curies":[{"name":"wp","href":"https:\/\/api.w.org\/{rel}","templated":true}]}}