{"id":2631,"date":"2019-10-30T15:44:32","date_gmt":"2019-10-30T15:44:32","guid":{"rendered":"https:\/\/hilaturasegea.com\/index.php\/producto\/poliester-bobina-hilo-matanzareplanteo-atirantar\/"},"modified":"2025-06-13T12:02:04","modified_gmt":"2025-06-13T10:02:04","slug":"poliester-bobina-hilo-matanzareplanteo-atirantar","status":"publish","type":"product","link":"https:\/\/hilaturasegea.com\/ca\/producte\/poliester-bobina-hilo-matanzareplanteo-atirantar\/","title":{"rendered":"Poli\u00e8ster \/ Bobina Fil Matan\u00e7a\/Replanteig \u2013 Atirantar"},"content":{"rendered":"<p><strong>PRESENTACI\u00d3:<\/strong> Bossa individual amb tanca part superior i trepant europeu.<\/p>\n<p><strong>COMPOSICI\u00d3:<\/strong> 100 % Poli\u00e8ster alta tenacitat.<\/p>\n<p><strong>CARACTER\u00cdSTIQUES:<\/strong> Fil tor\u00e7at a diversos caps. No es trenca amb les mans, suau al tacte i lleuger.<\/p>\n<p><strong>UTILITATS:<\/strong> Treball de paleta (tiral\u00ednies, plomada), paqueteria, botiga de joguines, bricolatge, sector carni, manualitats, m\u00faltiples aplicacions, etc.<\/p>","protected":false},"excerpt":{"rendered":"<p>PRESENTACI\u00d3N: Bolsa individual con cierre parte superior y taladro europeo. COMPOSICI\u00d3N: 100 % Poli\u00e9ster alta tenacidad. CARACTER\u00cdSTICAS: Hilo torcido a varios cabos. No se rompe con las manos, suave al tacto y ligero. UTILIDADES: Trabajo de alba\u00f1iler\u00eda (tiral\u00edneas, plomada), paqueter\u00eda, jugueter\u00eda, bricolaje, sector c\u00e1rnico, manualidades, m\u00faltiples aplicaciones, etc.<\/p>","protected":false},"featured_media":2627,"template":"","meta":[],"product_brand":[],"product_cat":[993,965,1349,1160,982],"product_tag":[],"class_list":{"0":"post-2631","1":"product","2":"type-product","3":"status-publish","4":"has-post-thumbnail","6":"product_cat-bobinas","7":"product_cat-ferreteria","8":"product_cat-hilo-matanzareplanteo-atirantar-poliester-bobinas-blister","9":"product_cat-poliester-bobinas-blister","10":"product_cat-blister","11":"pa_color-blanco","12":"pa_color-rojo","13":"pa_metraje-275maproximados","14":"pa_pack-4unidades","15":"pa_peso-85g","17":"first","18":"instock","19":"sale","20":"taxable","21":"shipping-taxable","22":"purchasable","23":"product-type-variable"},"tiered_pricing_type":"fixed","tiered_pricing_fixed_rules":[],"tiered_pricing_product_settings":{"layout":"default","base_unit_name":{"singular":null,"plural":null},"default_variation":null},"tiered_pricing_minimum_quantity":null,"tiered_pricing_roles_data":[],"tiered_pricing_percentage_rules":[],"_links":{"self":[{"href":"https:\/\/hilaturasegea.com\/ca\/wp-json\/wp\/v2\/product\/2631","targetHints":{"allow":["GET"]}}],"collection":[{"href":"https:\/\/hilaturasegea.com\/ca\/wp-json\/wp\/v2\/product"}],"about":[{"href":"https:\/\/hilaturasegea.com\/ca\/wp-json\/wp\/v2\/types\/product"}],"wp:featuredmedia":[{"embeddable":true,"href":"https:\/\/hilaturasegea.com\/ca\/wp-json\/wp\/v2\/media\/2627"}],"wp:attachment":[{"href":"https:\/\/hilaturasegea.com\/ca\/wp-json\/wp\/v2\/media?parent=2631"}],"wp:term":[{"taxonomy":"product_brand","embeddable":true,"href":"https:\/\/hilaturasegea.com\/ca\/wp-json\/wp\/v2\/product_brand?post=2631"},{"taxonomy":"product_cat","embeddable":true,"href":"https:\/\/hilaturasegea.com\/ca\/wp-json\/wp\/v2\/product_cat?post=2631"},{"taxonomy":"product_tag","embeddable":true,"href":"https:\/\/hilaturasegea.com\/ca\/wp-json\/wp\/v2\/product_tag?post=2631"}],"curies":[{"name":"wp","href":"https:\/\/api.w.org\/{rel}","templated":true}]}}