{"id":2781,"date":"2019-10-30T16:00:10","date_gmt":"2019-10-30T16:00:10","guid":{"rendered":"https:\/\/hilaturasegea.com\/index.php\/producto\/canamo-pulido-extra-hilo-palomar-blister\/"},"modified":"2025-06-13T11:58:48","modified_gmt":"2025-06-13T09:58:48","slug":"canamo-pulido-extra-hilo-palomar-blister","status":"publish","type":"product","link":"https:\/\/hilaturasegea.com\/ca\/producte\/canamo-pulido-extra-hilo-palomar-blister\/","title":{"rendered":"C\u00e0nem \/ Polit Extra Fil Palomar"},"content":{"rendered":"<p><em>Penjador (Opcional)<\/em><\/p>\n<p><strong>COMPOSICI\u00d3:<\/strong> Fibra 100 % natural, ecol\u00f2gica i biodegradable.<\/p>\n<p><strong>CARACTER\u00cdSTIQUES:<\/strong> Fil polit i tort 2 caps, suau al tacte, lleuger, flexible, seguretat al nus.<\/p>\n<p><strong>UTILITATS:<\/strong> Paqueteria (etiquetes-marxem), botiga de joguines, bricolatge, lligat d&#039;embotit, guarnicioneria, tapisseria, treballs manuals, enfilalls de pebrots i alls, jardineria, horticultura, floricultura, m\u00faltiples aplicacions, etc.<\/p>","protected":false},"excerpt":{"rendered":"<p>Colgador (Opcional) COMPOSICI\u00d3N: Fibra 100 % natural, ecol\u00f3gica y biodegradable. CARACTER\u00cdSTICAS: Hilo pulido y torcido 2 cabos, suave al tacto, ligero, flexible, seguridad al nudo. UTILIDADES: Paqueter\u00eda (etiquetas-marchamos), jugueter\u00eda, bricolaje, atado de embutido, guarnicioner\u00eda, tapicer\u00eda, trabajos manuales, ristras de pimientos y ajos, jardiner\u00eda, horticultura, floricultura, m\u00faltiples aplicaciones, etc.<\/p>","protected":false},"featured_media":2779,"template":"","meta":[],"product_brand":[],"product_cat":[993,1154,965,1346,982],"product_tag":[],"class_list":{"0":"post-2781","1":"product","2":"type-product","3":"status-publish","4":"has-post-thumbnail","6":"product_cat-bobinas","7":"product_cat-canamo-bobinas-blister","8":"product_cat-ferreteria","9":"product_cat-pulido-extra-hilo-palomar","10":"product_cat-blister","11":"pa_pack-10bobinas","12":"pa_peso-50g","13":"pa_peso-100g","14":"pa_referencia-n2_2cabos","15":"pa_referencia-n4_2cabos","16":"pa_referencia-n5_2cabos","17":"pa_referencia-n6_2cabos","18":"pa_referencia-n8_2cabos","19":"pa_referencia-n10_2cabos","21":"first","22":"instock","23":"sale","24":"taxable","25":"shipping-taxable","26":"purchasable","27":"product-type-variable"},"tiered_pricing_type":"fixed","tiered_pricing_fixed_rules":[],"tiered_pricing_product_settings":{"layout":"default","base_unit_name":{"singular":null,"plural":null},"default_variation":null},"tiered_pricing_minimum_quantity":null,"tiered_pricing_roles_data":[],"tiered_pricing_percentage_rules":[],"_links":{"self":[{"href":"https:\/\/hilaturasegea.com\/ca\/wp-json\/wp\/v2\/product\/2781","targetHints":{"allow":["GET"]}}],"collection":[{"href":"https:\/\/hilaturasegea.com\/ca\/wp-json\/wp\/v2\/product"}],"about":[{"href":"https:\/\/hilaturasegea.com\/ca\/wp-json\/wp\/v2\/types\/product"}],"wp:featuredmedia":[{"embeddable":true,"href":"https:\/\/hilaturasegea.com\/ca\/wp-json\/wp\/v2\/media\/2779"}],"wp:attachment":[{"href":"https:\/\/hilaturasegea.com\/ca\/wp-json\/wp\/v2\/media?parent=2781"}],"wp:term":[{"taxonomy":"product_brand","embeddable":true,"href":"https:\/\/hilaturasegea.com\/ca\/wp-json\/wp\/v2\/product_brand?post=2781"},{"taxonomy":"product_cat","embeddable":true,"href":"https:\/\/hilaturasegea.com\/ca\/wp-json\/wp\/v2\/product_cat?post=2781"},{"taxonomy":"product_tag","embeddable":true,"href":"https:\/\/hilaturasegea.com\/ca\/wp-json\/wp\/v2\/product_tag?post=2781"}],"curies":[{"name":"wp","href":"https:\/\/api.w.org\/{rel}","templated":true}]}}