{"id":3232,"date":"2019-11-04T12:59:42","date_gmt":"2019-11-04T12:59:42","guid":{"rendered":"https:\/\/hilaturasegea.com\/index.php\/producto\/polietileno-trenzado-blister\/"},"modified":"2025-06-13T11:29:09","modified_gmt":"2025-06-13T09:29:09","slug":"polietileno-trenzado-blister","status":"publish","type":"product","link":"https:\/\/hilaturasegea.com\/ca\/producte\/polietileno-trenzado-blister\/","title":{"rendered":"Polietil\u00e8 \/ Trenat"},"content":{"rendered":"<p><em>Penjador (Opcional) <\/em><\/p>\n<p><em>Altres metratges Consultar! <\/em><\/p>\n<p><strong>COMPOSICI\u00d3:<\/strong> Trenat de monofilaments de Polietil\u00e8 alta densitat amb \u00e0nima al seu nucli.<\/p>\n<p><strong>CARACTER\u00cdSTIQUES:<\/strong> Resist\u00e8ncia a l&#039;aigua, posseeix flotabilitat, m\u00ednima elasticitat, resist\u00e8ncia a la fricci\u00f3 ia la flexi\u00f3.<\/p>\n<p><strong>UTILITATS:<\/strong> Persianes, estenedors de roba, tendals, tancats, construcci\u00f3, gimnasos, efectes navals, pancartes, c\u00e0mping, m\u00faltiples aplicacions, etc.<\/p>\n<table class=\"MsoNormalTable\" style=\"width: 190.6pt; border: 1pt solid; margin-left: auto; margin-right: auto;\" border=\"1\" width=\"254\" cellpadding=\"0\">\n<thead>\n<tr style=\"height: 21pt;\">\n<td style=\"border: dashed #BBBBBB 1pt; background: #C6D9F1; padding: 0.75pt 0.75pt 0.75pt 0.75pt; height: 21pt;\">\n<p class=\"MsoNormal\" style=\"margin-bottom: 0.0001pt; text-align: center; line-height: normal;\" align=\"center\"><b><span style=\"font-size: 8.5pt; font-family: Verdana, 'sans-serif'; color: #000000;\">Di\u00e0metre<\/span><\/b><\/p>\n<p>&nbsp;<\/td>\n<td style=\"border: dashed #BBBBBB 1pt; background: #C6D9F1; padding: 0.75pt 0.75pt 0.75pt 0.75pt; height: 21pt;\">\n<p class=\"MsoNormal\" style=\"margin-bottom: 0.0001pt; text-align: center; line-height: normal;\" align=\"center\"><b><span style=\"font-size: 8.5pt; font-family: Verdana, 'sans-serif'; color: #000000;\">C\u00e0rrega Trencament<br \/>\nAprox. (kg)<\/span><\/b><\/p>\n<p>&nbsp;<\/td>\n<\/tr>\n<\/thead>\n<tbody>\n<tr style=\"height: 9.75pt;\">\n<td style=\"border: dashed #BBBBBB 1pt; background: #D9D9D9; padding: 0.75pt 0.75pt 0.75pt 0.75pt; height: 9.75pt;\">\n<p class=\"MsoNormal\" style=\"margin-bottom: 0.0001pt; text-align: center; line-height: normal;\" align=\"center\"><span style=\"font-size: 8.5pt; font-family: Verdana, 'sans-serif'; color: #000000;\">5 mm<\/span><\/p>\n<\/td>\n<td style=\"border: dashed #BBBBBB 1pt; background: #D9D9D9; padding: 0.75pt 0.75pt 0.75pt 0.75pt; height: 9.75pt;\">\n<p class=\"MsoNormal\" style=\"margin-bottom: 0.0001pt; text-align: center; line-height: normal;\" align=\"center\"><span style=\"font-size: 8.5pt; font-family: Verdana, 'sans-serif'; color: #000000;\">120<\/span><\/p>\n<\/td>\n<\/tr>\n<tr style=\"height: 10.5pt;\">\n<td style=\"border: dashed #BBBBBB 1pt; padding: 0.75pt 0.75pt 0.75pt 0.75pt; height: 10.5pt;\">\n<p class=\"MsoNormal\" style=\"margin-bottom: 0.0001pt; text-align: center; line-height: normal;\" align=\"center\"><span style=\"font-size: 8.5pt; font-family: Verdana, 'sans-serif'; color: #000000;\">6 mm<\/span><\/p>\n<\/td>\n<td style=\"border: dashed #BBBBBB 1pt; padding: 0.75pt 0.75pt 0.75pt 0.75pt; height: 10.5pt;\">\n<p class=\"MsoNormal\" style=\"margin-bottom: 0.0001pt; text-align: center; line-height: normal;\" align=\"center\"><span style=\"font-size: 8.5pt; font-family: Verdana, 'sans-serif'; color: #000000;\">145<\/span><\/p>\n<\/td>\n<\/tr>\n<\/tbody>\n<\/table>","protected":false},"excerpt":{"rendered":"<p>Colgador (Opcional) Otros metrajes \u00a1Consultar! COMPOSICI\u00d3N: Trenzado de monofilamentos de Polietileno alta densidad con alma en su n\u00facleo. CARACTER\u00cdSTICAS: Resistencia al agua, posee flotabilidad, m\u00ednima elasticidad, resistencia al roce y a la flexi\u00f3n. UTILIDADES: Persianas, tendederos de ropa, toldos, cercados, construcci\u00f3n, gimnasios, efectos navales, pancartas, camping, m\u00faltiples aplicaciones, etc. Di\u00e1metro &nbsp; Carga Rotura Aprox. (kg) [&hellip;]<\/p>","protected":false},"featured_media":3226,"template":"","meta":[],"product_brand":[],"product_cat":[965,994,1174,1364,982],"product_tag":[],"class_list":{"0":"post-3232","1":"product","2":"type-product","3":"status-publish","4":"has-post-thumbnail","6":"product_cat-ferreteria","7":"product_cat-madejas","8":"product_cat-polietileno-madejas-blister","9":"product_cat-trenzado-polietileno-madejas-blister","10":"product_cat-blister","11":"pa_color-blanco","12":"pa_color-blancoazul","13":"pa_color-blancoverde","14":"pa_diametro-5mm","15":"pa_diametro-6mm","16":"pa_metraje-10m","17":"pa_metraje-15m","18":"pa_metraje-20m","19":"pa_metraje-25m","20":"pa_pack-6madejas","22":"first","23":"instock","24":"sale","25":"taxable","26":"shipping-taxable","27":"purchasable","28":"product-type-variable"},"tiered_pricing_type":"fixed","tiered_pricing_fixed_rules":[],"tiered_pricing_product_settings":{"layout":"default","base_unit_name":{"singular":null,"plural":null},"default_variation":null},"tiered_pricing_minimum_quantity":null,"tiered_pricing_roles_data":[],"tiered_pricing_percentage_rules":[],"_links":{"self":[{"href":"https:\/\/hilaturasegea.com\/ca\/wp-json\/wp\/v2\/product\/3232","targetHints":{"allow":["GET"]}}],"collection":[{"href":"https:\/\/hilaturasegea.com\/ca\/wp-json\/wp\/v2\/product"}],"about":[{"href":"https:\/\/hilaturasegea.com\/ca\/wp-json\/wp\/v2\/types\/product"}],"wp:featuredmedia":[{"embeddable":true,"href":"https:\/\/hilaturasegea.com\/ca\/wp-json\/wp\/v2\/media\/3226"}],"wp:attachment":[{"href":"https:\/\/hilaturasegea.com\/ca\/wp-json\/wp\/v2\/media?parent=3232"}],"wp:term":[{"taxonomy":"product_brand","embeddable":true,"href":"https:\/\/hilaturasegea.com\/ca\/wp-json\/wp\/v2\/product_brand?post=3232"},{"taxonomy":"product_cat","embeddable":true,"href":"https:\/\/hilaturasegea.com\/ca\/wp-json\/wp\/v2\/product_cat?post=3232"},{"taxonomy":"product_tag","embeddable":true,"href":"https:\/\/hilaturasegea.com\/ca\/wp-json\/wp\/v2\/product_tag?post=3232"}],"curies":[{"name":"wp","href":"https:\/\/api.w.org\/{rel}","templated":true}]}}