{"id":3283,"date":"2019-11-04T13:32:44","date_gmt":"2019-11-04T13:32:44","guid":{"rendered":"https:\/\/hilaturasegea.com\/index.php\/producto\/cable-acero-35mm-revestido-pvc-blister\/"},"modified":"2025-06-13T11:27:51","modified_gmt":"2025-06-13T09:27:51","slug":"cable-acero-35mm-revestido-pvc-blister","status":"publish","type":"product","link":"https:\/\/hilaturasegea.com\/ca\/producte\/cable-acero-35mm-revestido-pvc-blister\/","title":{"rendered":"Cable Acer \/ 3,5 mm Revestit PVC"},"content":{"rendered":"<p><em>Penjador (Opcional)<\/em><\/p>\n<p><em>Altres metratges Consultar! <\/em><\/p>\n<p><strong>COMPOSICI\u00d3:<\/strong> Cable d&#039;acer plastificat de PVC<\/p>\n<p><strong>CARACTER\u00cdSTIQUES:<\/strong> Elasticitat nul\u00b7la, resistent a la tracci\u00f3, f\u00e0cil neteja, etc.<\/p>\n<p><strong>UTILITATS:<\/strong> Estenedors de roba, vents d&#039;antenes i tendes de campanyes, en n\u00e0utica per a guardamancebos, en decoraci\u00f3 per a tensors de balustrada, en transport per a precinte i tensors de lones.<\/p>\n<table class=\"MsoNormalTable\" style=\"width: 189.1pt; border: 1pt solid; margin-left: auto; margin-right: auto;\" border=\"1\" width=\"252\" cellpadding=\"0\">\n<thead>\n<tr style=\"height: 19.55pt;\">\n<td style=\"border: dashed #BBBBBB 1pt; background: #C6D9F1; padding: 0.75pt 0.75pt 0.75pt 0.75pt; height: 19.55pt;\">\n<p class=\"MsoNormal\" style=\"margin-bottom: 0.0001pt; text-align: center; line-height: normal;\" align=\"center\"><b><span style=\"font-size: 8.5pt; font-family: Verdana, 'sans-serif'; color: #000000;\">Di\u00e0metre<\/span><\/b><\/p>\n<p>&nbsp;<\/td>\n<td style=\"border: dashed #BBBBBB 1pt; background: #C6D9F1; padding: 0.75pt 0.75pt 0.75pt 0.75pt; height: 19.55pt;\">\n<p class=\"MsoNormal\" style=\"margin-bottom: 0.0001pt; text-align: center; line-height: normal;\" align=\"center\"><b><span style=\"font-size: 8.5pt; font-family: Verdana, 'sans-serif'; color: #000000;\">C\u00e0rrega Trencament<br \/>\nAprox. (kg)<\/span><\/b><\/p>\n<p>&nbsp;<\/td>\n<\/tr>\n<\/thead>\n<tbody>\n<tr style=\"height: 9.75pt;\">\n<td style=\"border: dashed #BBBBBB 1pt; background: #D9D9D9; padding: 0.75pt 0.75pt 0.75pt 0.75pt; height: 9.75pt;\">\n<p class=\"MsoNormal\" style=\"margin-bottom: 0.0001pt; text-align: center; line-height: normal;\" align=\"center\"><span style=\"font-size: 8.5pt; font-family: Verdana, 'sans-serif'; color: #000000;\">3,5 mm<\/span><\/p>\n<\/td>\n<td style=\"border: dashed #BBBBBB 1pt; background: #D9D9D9; padding: 0.75pt 0.75pt 0.75pt 0.75pt; height: 9.75pt;\">\n<p class=\"MsoNormal\" style=\"margin-bottom: 0.0001pt; text-align: center; line-height: normal;\" align=\"center\"><span style=\"font-size: 8.5pt; font-family: Verdana, 'sans-serif'; color: #000000;\">100<\/span><\/p>\n<\/td>\n<\/tr>\n<\/tbody>\n<\/table>","protected":false},"excerpt":{"rendered":"<p>Colgador (Opcional) Otros metrajes \u00a1Consultar! COMPOSICI\u00d3N: Cable de acero plastificado de P.V.C. CARACTER\u00cdSTICAS: Elasticidad nula, resistente a la tracci\u00f3n, f\u00e1cil limpieza, etc. UTILIDADES: Tendederos de ropa, vientos de antenas y tiendas de campa\u00f1as, en n\u00e1utica para guardamancebos, en decoraci\u00f3n para tensores de balaustrada, en transporte para precinto y tensores de lonas. Di\u00e1metro &nbsp; Carga Rotura [&hellip;]<\/p>","protected":false},"featured_media":3279,"template":"","meta":[],"product_brand":[],"product_cat":[1356,965,994,982,1285],"product_tag":[],"class_list":{"0":"post-3283","1":"product","2":"type-product","3":"status-publish","4":"has-post-thumbnail","6":"product_cat-35-mm-revestido-pvc","7":"product_cat-ferreteria","8":"product_cat-madejas","9":"product_cat-blister","10":"product_cat-cable-acero","11":"pa_color-oro","12":"pa_color-verde","13":"pa_metraje-10m","14":"pa_metraje-15m","15":"pa_metraje-20m","16":"pa_metraje-25m","17":"pa_pack-6madejas","19":"first","20":"instock","21":"sale","22":"taxable","23":"shipping-taxable","24":"purchasable","25":"product-type-variable"},"tiered_pricing_type":"fixed","tiered_pricing_fixed_rules":[],"tiered_pricing_product_settings":{"layout":"default","base_unit_name":{"singular":null,"plural":null},"default_variation":null},"tiered_pricing_minimum_quantity":null,"tiered_pricing_roles_data":[],"tiered_pricing_percentage_rules":[],"_links":{"self":[{"href":"https:\/\/hilaturasegea.com\/ca\/wp-json\/wp\/v2\/product\/3283","targetHints":{"allow":["GET"]}}],"collection":[{"href":"https:\/\/hilaturasegea.com\/ca\/wp-json\/wp\/v2\/product"}],"about":[{"href":"https:\/\/hilaturasegea.com\/ca\/wp-json\/wp\/v2\/types\/product"}],"wp:featuredmedia":[{"embeddable":true,"href":"https:\/\/hilaturasegea.com\/ca\/wp-json\/wp\/v2\/media\/3279"}],"wp:attachment":[{"href":"https:\/\/hilaturasegea.com\/ca\/wp-json\/wp\/v2\/media?parent=3283"}],"wp:term":[{"taxonomy":"product_brand","embeddable":true,"href":"https:\/\/hilaturasegea.com\/ca\/wp-json\/wp\/v2\/product_brand?post=3283"},{"taxonomy":"product_cat","embeddable":true,"href":"https:\/\/hilaturasegea.com\/ca\/wp-json\/wp\/v2\/product_cat?post=3283"},{"taxonomy":"product_tag","embeddable":true,"href":"https:\/\/hilaturasegea.com\/ca\/wp-json\/wp\/v2\/product_tag?post=3283"}],"curies":[{"name":"wp","href":"https:\/\/api.w.org\/{rel}","templated":true}]}}