{"id":3384,"date":"2019-11-04T13:51:26","date_gmt":"2019-11-04T13:51:26","guid":{"rendered":"https:\/\/hilaturasegea.com\/index.php\/producto\/poliester-eslinga-elevacion-plana\/"},"modified":"2025-06-13T11:25:39","modified_gmt":"2025-06-13T09:25:39","slug":"poliester-eslinga-elevacion-plana","status":"publish","type":"product","link":"https:\/\/hilaturasegea.com\/ca\/producte\/poliester-eslinga-elevacion-plana\/","title":{"rendered":"Poli\u00e8ster Eslinga Elevaci\u00f3 Plana"},"content":{"rendered":"<p>Eslinga de Poli\u00e8ster plana doble gasa \u2013 doble tela:<\/p>\n<h3>Fabricada sota la normativa EN 1492-1. Coeficient seguretat 7:1<\/h3>\n<p>Altres c\u00e0rregues de trencament i metratges CONSULTAR!<\/p>\n<table class=\"MsoNormalTable\" style=\"width: 230.6pt; border: 1pt solid; margin-left: auto; margin-right: auto;\" border=\"1\" width=\"307\" cellpadding=\"0\">\n<thead>\n<tr style=\"height: 20.25pt;\">\n<td style=\"border: dashed #BBBBBB 1pt; background: #C6D9F1; padding: 0.75pt 0.75pt 0.75pt 0.75pt; height: 20.25pt;\">\n<p class=\"MsoNormal\" style=\"margin-bottom: 0.0001pt; text-align: center; line-height: normal;\" align=\"center\"><b><span style=\"font-size: 8.5pt; font-family: Verdana, 'sans-serif'; color: #000000;\">Color<\/span><\/b><\/p>\n<p>&nbsp;<\/td>\n<td style=\"border: dashed #BBBBBB 1pt; background: #C6D9F1; padding: 0.75pt 0.75pt 0.75pt 0.75pt; height: 20.25pt;\">\n<p class=\"MsoNormal\" style=\"margin-bottom: 0.0001pt; text-align: center; line-height: normal;\" align=\"center\"><b><span style=\"font-size: 8.5pt; font-family: Verdana, 'sans-serif'; color: #000000;\">C\u00e0rrega Trencament<br \/>\nAprox. (kg)<\/span><\/b><\/p>\n<p>&nbsp;<\/td>\n<td style=\"border: dashed #BBBBBB 1pt; background: #C6D9F1; padding: 0.75pt 0.75pt 0.75pt 0.75pt; height: 20.25pt;\">\n<p class=\"MsoNormal\" style=\"margin-bottom: 0.0001pt; text-align: center; line-height: normal;\" align=\"center\"><b><span style=\"font-size: 8.5pt; font-family: Verdana, 'sans-serif'; color: #000000;\">Ample<br \/>\n(mm)<\/span><\/b><\/p>\n<p>&nbsp;<\/td>\n<\/tr>\n<\/thead>\n<tbody>\n<tr style=\"height: 10.5pt;\">\n<td style=\"border: dashed #BBBBBB 1pt; background: #D9D9D9; padding: 0.75pt 0.75pt 0.75pt 0.75pt; height: 10.5pt;\">\n<p class=\"MsoNormal\" style=\"margin-bottom: 0.0001pt; text-align: center; line-height: normal;\" align=\"center\"><span style=\"font-size: 8.5pt; font-family: Verdana, 'sans-serif'; color: #000000;\">VIOLETA<\/span><\/p>\n<\/td>\n<td style=\"border: dashed #BBBBBB 1pt; background: #D9D9D9; padding: 0.75pt 0.75pt 0.75pt 0.75pt; height: 10.5pt;\">\n<p class=\"MsoNormal\" style=\"margin-bottom: 0.0001pt; text-align: center; line-height: normal;\" align=\"center\"><span style=\"font-size: 8.5pt; font-family: Verdana, 'sans-serif'; color: #000000;\">1000<\/span><\/p>\n<\/td>\n<td style=\"border: dashed #BBBBBB 1pt; background: #D9D9D9; padding: 0.75pt 0.75pt 0.75pt 0.75pt; height: 10.5pt;\">\n<p class=\"MsoNormal\" style=\"margin-bottom: 0.0001pt; text-align: center; line-height: normal;\" align=\"center\"><span style=\"font-size: 8.5pt; font-family: Verdana, 'sans-serif'; color: #000000;\">30<\/span><\/p>\n<\/td>\n<\/tr>\n<tr style=\"height: 10.5pt;\">\n<td style=\"border: dashed #BBBBBB 1pt; padding: 0.75pt 0.75pt 0.75pt 0.75pt; height: 10.5pt;\">\n<p class=\"MsoNormal\" style=\"margin-bottom: 0.0001pt; text-align: center; line-height: normal;\" align=\"center\"><span style=\"font-size: 8.5pt; font-family: Verdana, 'sans-serif'; color: #000000;\">VERD<\/span><\/p>\n<\/td>\n<td style=\"border: dashed #BBBBBB 1pt; padding: 0.75pt 0.75pt 0.75pt 0.75pt; height: 10.5pt;\">\n<p class=\"MsoNormal\" style=\"margin-bottom: 0.0001pt; text-align: center; line-height: normal;\" align=\"center\"><span style=\"font-size: 8.5pt; font-family: Verdana, 'sans-serif'; color: #000000;\">2000<\/span><\/p>\n<\/td>\n<td style=\"border: dashed #BBBBBB 1pt; padding: 0.75pt 0.75pt 0.75pt 0.75pt; height: 10.5pt;\">\n<p class=\"MsoNormal\" style=\"margin-bottom: 0.0001pt; text-align: center; line-height: normal;\" align=\"center\"><span style=\"font-size: 8.5pt; font-family: Verdana, 'sans-serif'; color: #000000;\">60<\/span><\/p>\n<\/td>\n<\/tr>\n<tr style=\"height: 10.5pt;\">\n<td style=\"border: dashed #BBBBBB 1pt; background: #D9D9D9; padding: 0.75pt 0.75pt 0.75pt 0.75pt; height: 10.5pt;\">\n<p class=\"MsoNormal\" style=\"margin-bottom: 0.0001pt; text-align: center; line-height: normal;\" align=\"center\"><span style=\"font-size: 8.5pt; font-family: Verdana, 'sans-serif'; color: #000000;\">GROC<\/span><\/p>\n<\/td>\n<td style=\"border: dashed #BBBBBB 1pt; background: #D9D9D9; padding: 0.75pt 0.75pt 0.75pt 0.75pt; height: 10.5pt;\">\n<p class=\"MsoNormal\" style=\"margin-bottom: 0.0001pt; text-align: center; line-height: normal;\" align=\"center\"><span style=\"font-size: 8.5pt; font-family: Verdana, 'sans-serif'; color: #000000;\">3000<\/span><\/p>\n<\/td>\n<td style=\"border: dashed #BBBBBB 1pt; background: #D9D9D9; padding: 0.75pt 0.75pt 0.75pt 0.75pt; height: 10.5pt;\">\n<p class=\"MsoNormal\" style=\"margin-bottom: 0.0001pt; text-align: center; line-height: normal;\" align=\"center\"><span style=\"font-size: 8.5pt; font-family: Verdana, 'sans-serif'; color: #000000;\">90<\/span><\/p>\n<\/td>\n<\/tr>\n<tr style=\"height: 10.5pt;\">\n<td style=\"border: dashed #BBBBBB 1pt; padding: 0.75pt 0.75pt 0.75pt 0.75pt; height: 10.5pt;\">\n<p class=\"MsoNormal\" style=\"margin-bottom: 0.0001pt; text-align: center; line-height: normal;\" align=\"center\"><span style=\"font-size: 8.5pt; font-family: Verdana, 'sans-serif'; color: #000000;\">GRIS<\/span><\/p>\n<\/td>\n<td style=\"border: dashed #BBBBBB 1pt; padding: 0.75pt 0.75pt 0.75pt 0.75pt; height: 10.5pt;\">\n<p class=\"MsoNormal\" style=\"margin-bottom: 0.0001pt; text-align: center; line-height: normal;\" align=\"center\"><span style=\"font-size: 8.5pt; font-family: Verdana, 'sans-serif'; color: #000000;\">4000<\/span><\/p>\n<\/td>\n<td style=\"border: dashed #BBBBBB 1pt; padding: 0.75pt 0.75pt 0.75pt 0.75pt; height: 10.5pt;\">\n<p class=\"MsoNormal\" style=\"margin-bottom: 0.0001pt; text-align: center; line-height: normal;\" align=\"center\"><span style=\"font-size: 8.5pt; font-family: Verdana, 'sans-serif'; color: #000000;\">120<\/span><\/p>\n<\/td>\n<\/tr>\n<\/tbody>\n<\/table>","protected":false},"excerpt":{"rendered":"<p>Eslinga de Poli\u00e9ster plana doble gaza &#8211; doble tela: Fabricada bajo la normativa EN 1492-1. Coeficiente seguridad 7:1 Otras cargas de rotura y metrajes \u00a1CONSULTAR! Color &nbsp; Carga Rotura Aprox. (kg) &nbsp; Ancho (mm) &nbsp; VIOLETA 1000 30 VERDE 2000 60 AMARILLO 3000 90 GRIS 4000 120<\/p>","protected":false},"featured_media":3376,"template":"","meta":[],"product_brand":[],"product_cat":[1039,1032,965,975,976,966,967,984,1096],"product_tag":[],"class_list":{"0":"post-3384","1":"product","2":"type-product","3":"status-publish","4":"has-post-thumbnail","6":"product_cat-eslingas-otros-articulos-nautica","7":"product_cat-eslingas","8":"product_cat-ferreteria","9":"product_cat-otros-articulos","10":"product_cat-otros-articulos-nautica","11":"product_cat-construccion","12":"product_cat-nautica","13":"product_cat-otros-articulos-ferreteria","14":"product_cat-eslingas-otros-articulos-ferreteria-ferreteria","15":"pa_anchoeslingas-30mm","16":"pa_anchoeslingas-60mm","17":"pa_anchoeslingas-90mm","18":"pa_anchoeslingas-120mm","19":"pa_cargaderoturaeslingas-1000kg","20":"pa_cargaderoturaeslingas-2000kg","21":"pa_cargaderoturaeslingas-3000kg","22":"pa_cargaderoturaeslingas-4000kg","23":"pa_coloreslingas-amarillo","24":"pa_coloreslingas-gris","25":"pa_coloreslingas-verde","26":"pa_coloreslingas-violeta","27":"pa_metroseslingas-1m","28":"pa_metroseslingas-2m","29":"pa_metroseslingas-3m","30":"pa_metroseslingas-4m","31":"pa_metroseslingas-5m","32":"pa_metroseslingas-6m","33":"pa_presentacioneslingas-cajade50unidades","34":"pa_presentacioneslingas-cajade40unidades","35":"pa_presentacioneslingas-cajade38unidades","36":"pa_presentacioneslingas-cajade30unidades","37":"pa_presentacioneslingas-cajade28unidades","38":"pa_presentacioneslingas-cajade25unidades","39":"pa_presentacioneslingas-cajade20unidades","40":"pa_presentacioneslingas-cajade15unidades","41":"pa_presentacioneslingas-cajade12unidades","42":"pa_presentacioneslingas-cajade10unidades","43":"pa_presentacioneslingas-cajade9unidades","44":"pa_presentacioneslingas-cajade8unidades","45":"pa_presentacioneslingas-cajade6unidades","46":"pa_presentacioneslingas-cajade5unidades","48":"first","49":"instock","50":"sale","51":"taxable","52":"shipping-taxable","53":"purchasable","54":"product-type-variable"},"tiered_pricing_type":"fixed","tiered_pricing_fixed_rules":[],"tiered_pricing_product_settings":{"layout":"default","base_unit_name":{"singular":null,"plural":null},"default_variation":null},"tiered_pricing_minimum_quantity":null,"tiered_pricing_roles_data":[],"tiered_pricing_percentage_rules":[],"_links":{"self":[{"href":"https:\/\/hilaturasegea.com\/ca\/wp-json\/wp\/v2\/product\/3384","targetHints":{"allow":["GET"]}}],"collection":[{"href":"https:\/\/hilaturasegea.com\/ca\/wp-json\/wp\/v2\/product"}],"about":[{"href":"https:\/\/hilaturasegea.com\/ca\/wp-json\/wp\/v2\/types\/product"}],"wp:featuredmedia":[{"embeddable":true,"href":"https:\/\/hilaturasegea.com\/ca\/wp-json\/wp\/v2\/media\/3376"}],"wp:attachment":[{"href":"https:\/\/hilaturasegea.com\/ca\/wp-json\/wp\/v2\/media?parent=3384"}],"wp:term":[{"taxonomy":"product_brand","embeddable":true,"href":"https:\/\/hilaturasegea.com\/ca\/wp-json\/wp\/v2\/product_brand?post=3384"},{"taxonomy":"product_cat","embeddable":true,"href":"https:\/\/hilaturasegea.com\/ca\/wp-json\/wp\/v2\/product_cat?post=3384"},{"taxonomy":"product_tag","embeddable":true,"href":"https:\/\/hilaturasegea.com\/ca\/wp-json\/wp\/v2\/product_tag?post=3384"}],"curies":[{"name":"wp","href":"https:\/\/api.w.org\/{rel}","templated":true}]}}