{"id":3501,"date":"2019-11-04T17:15:09","date_gmt":"2019-11-04T17:15:09","guid":{"rendered":"https:\/\/hilaturasegea.com\/index.php\/producto\/maquina-precinto-manual\/"},"modified":"2025-05-19T18:05:05","modified_gmt":"2025-05-19T16:05:05","slug":"maquina-precinto-manual","status":"publish","type":"product","link":"https:\/\/hilaturasegea.com\/ca\/producte\/maquina-precinto-manual\/","title":{"rendered":"M\u00e0quina precinte Aplicador Manual \/ 50mm"},"content":{"rendered":"<p><strong>CARACTER\u00cdSTIQUES:<\/strong> Aplicador que es pot fer servir amb tota mena de cinta adhesiva.<\/p>\n<p><strong>UTILITATS: <\/strong>Agrupament, paletitzaci\u00f3 de mercaderies i caixes. Protecci\u00f3 de mobles, electrodom\u00e8stics, trasllat, emmagatzematge, etc.<\/p>","protected":false},"excerpt":{"rendered":"<p>CARACTER\u00cdSTICAS: Aplicador que puede usarse con todo tipo de cinta adhesiva. Esta m\u00e1quina esta dotada de un freno para conseguir una mayor tensi\u00f3n. Especial para cintas de 50 mm de ancho. UTILIDADES: Agrupamiento, paletizaci\u00f3n de mercanc\u00edas y cajas. Protecci\u00f3n de muebles, electrodom\u00e9sticos, traslado, almacenamiento, etc.<\/p>","protected":false},"featured_media":3499,"template":"","meta":[],"product_brand":[],"product_cat":[1031,965,1367,1373,975,966,1291,984,1303,1092],"product_tag":[],"class_list":{"0":"post-3501","1":"product","2":"type-product","3":"status-publish","4":"has-post-thumbnail","6":"product_cat-embalaje-otros-articulos","7":"product_cat-ferreteria","8":"product_cat-maquina-precinto","9":"product_cat-maquina-precinto-precinto-maquina","10":"product_cat-otros-articulos","11":"product_cat-construccion","12":"product_cat-precinto-maquina","13":"product_cat-otros-articulos-ferreteria","14":"product_cat-precinto-maquina-embalaje-otros-articulos-ferreteria-ferreteria","15":"product_cat-embalaje-otros-articulos-ferreteria-ferreteria","16":"pa_presentacionprecinto-1unidad","18":"first","19":"instock","20":"sale","21":"taxable","22":"shipping-taxable","23":"purchasable","24":"product-type-variable","25":"has-default-attributes"},"tiered_pricing_type":"fixed","tiered_pricing_fixed_rules":[],"tiered_pricing_product_settings":{"layout":"default","base_unit_name":{"singular":null,"plural":null},"default_variation":null},"tiered_pricing_minimum_quantity":null,"tiered_pricing_roles_data":[],"tiered_pricing_percentage_rules":[],"_links":{"self":[{"href":"https:\/\/hilaturasegea.com\/ca\/wp-json\/wp\/v2\/product\/3501","targetHints":{"allow":["GET"]}}],"collection":[{"href":"https:\/\/hilaturasegea.com\/ca\/wp-json\/wp\/v2\/product"}],"about":[{"href":"https:\/\/hilaturasegea.com\/ca\/wp-json\/wp\/v2\/types\/product"}],"wp:featuredmedia":[{"embeddable":true,"href":"https:\/\/hilaturasegea.com\/ca\/wp-json\/wp\/v2\/media\/3499"}],"wp:attachment":[{"href":"https:\/\/hilaturasegea.com\/ca\/wp-json\/wp\/v2\/media?parent=3501"}],"wp:term":[{"taxonomy":"product_brand","embeddable":true,"href":"https:\/\/hilaturasegea.com\/ca\/wp-json\/wp\/v2\/product_brand?post=3501"},{"taxonomy":"product_cat","embeddable":true,"href":"https:\/\/hilaturasegea.com\/ca\/wp-json\/wp\/v2\/product_cat?post=3501"},{"taxonomy":"product_tag","embeddable":true,"href":"https:\/\/hilaturasegea.com\/ca\/wp-json\/wp\/v2\/product_tag?post=3501"}],"curies":[{"name":"wp","href":"https:\/\/api.w.org\/{rel}","templated":true}]}}