{"id":4112,"date":"2025-04-09T17:52:23","date_gmt":"2025-04-09T15:52:23","guid":{"rendered":"https:\/\/hilaturasegea.com\/?post_type=product&#038;p=4112"},"modified":"2025-05-19T18:06:59","modified_gmt":"2025-05-19T16:06:59","slug":"algodon-para-matanza","status":"publish","type":"product","link":"https:\/\/hilaturasegea.com\/ca\/producte\/algodon-para-matanza\/","title":{"rendered":"Cot\u00f3 per matan\u00e7a"},"content":{"rendered":"<p class=\"MsoNormal\"><span style=\"font-size:13.5pt;font-family:Verdana, 'sans-serif';color:#777777;background:#FFFFFF;\">Per garantir la m\u00e0xima qualitat i tra\u00e7abilitat de totes les nostres refer\u00e8ncies, cada article porta assignat:<\/span><span style=\"font-size:7pt;font-family:Verdana, 'sans-serif';color:#777777;background:#FFFFFF;\"> <\/span><\/p>\n<\/p>\n<p class=\"MsoNormal\" style=\"margin-left:36pt;text-indent:-18pt;\"><!-- [if !supportLists]--><span style=\"font-size:13.5pt;font-family:Verdana, 'sans-serif';color:#777777;\"><span>&#8211;<span style=\"font:7pt 'Times New Roman';\">\u00a0\u00a0\u00a0\u00a0\u00a0 <\/span><\/span><\/span><!--[endif]--><span style=\"font-size:13.5pt;font-family:Verdana, 'sans-serif';color:#777777;background:#FFFFFF;\">Codi d&#039;article<\/span><\/p>\n<\/p>\n<p class=\"MsoNormal\" style=\"margin-left:36pt;text-indent:-18pt;\"><!-- [if !supportLists]--><span style=\"font-size:13.5pt;font-family:Verdana, 'sans-serif';color:#777777;\"><span>&#8211;<span style=\"font:7pt 'Times New Roman';\">\u00a0\u00a0\u00a0\u00a0\u00a0 <\/span><\/span><\/span><!--[endif]--><span style=\"font-size:13.5pt;font-family:Verdana, 'sans-serif';color:#777777;background:#FFFFFF;\">Codi EAN <\/span><\/p>\n<\/p>\n<p class=\"MsoNormal\" style=\"margin-left:36pt;text-indent:-18pt;\"><!-- [if !supportLists]--><span style=\"font-size:13.5pt;font-family:Verdana, 'sans-serif';color:#777777;\"><span>&#8211;<span style=\"font:7pt 'Times New Roman';\">\u00a0\u00a0\u00a0\u00a0\u00a0 <\/span><\/span><\/span><!--[endif]--><span style=\"font-size:13.5pt;font-family:Verdana, 'sans-serif';color:#777777;background:#FFFFFF;\">Codi de fabricaci\u00f3<\/span><\/p>","protected":false},"excerpt":{"rendered":"<p class=\"MsoNormal\" style=\"line-height:normal;\"><span style=\"text-decoration:underline;\"><b><span style=\"font-size:13.5pt;font-family:Verdana, sans-serif;color:#000000;text-decoration:underline;\">Presentaci\u00f3:<\/span><\/b><\/span><\/p>\n<p class=\"MsoNormal\" style=\"line-height:normal;\"><span style=\"font-size:13.5pt;font-family:Verdana, 'sans-serif';color:#000000;\">Bobina<\/span><\/p>\n<p>\u00a0<\/p>\n<p class=\"MsoNormal\" style=\"line-height:normal;\"><span style=\"text-decoration:underline;\"><b><span style=\"font-size:13.5pt;font-family:Verdana, sans-serif;color:#000000;text-decoration:underline;\">Caracter\u00edstiques:<\/span><\/b><\/span><\/p>\n<p class=\"MsoNormal\" style=\"line-height:normal;\"><span style=\"font-size:13.5pt;font-family:Verdana, 'sans-serif';color:#000000;\">Fabricat amb fibres vegetals, ecol\u00f2giques i biodegradables<\/span><\/p>\n<p class=\"MsoNormal\" style=\"line-height:normal;\"><span style=\"font-size:13.5pt;font-family:Verdana, 'sans-serif';color:#000000;\">Fil rod\u00f3, sense estr\u00e8nyer-se entre si<\/span><\/p>\n<p class=\"MsoNormal\" style=\"line-height:normal;\"><span style=\"font-size:13.5pt;font-family:Verdana, 'sans-serif';color:#000000;\">Flexible i suau al tacte<\/span><\/p>\n<p class=\"MsoNormal\" style=\"line-height:normal;\"><span style=\"font-size:13.5pt;font-family:Verdana, 'sans-serif';color:#000000;\">M\u00e0xima resist\u00e8ncia, es pot tallar amb les mans<\/span><\/p>\n<p class=\"MsoNormal\" style=\"line-height:normal;\"><span style=\"font-size:13.5pt;font-family:Verdana, 'sans-serif';color:#000000;\">M\u00e0xima autonomia<\/span><\/p>\n<p class=\"MsoNormal\" style=\"line-height:normal;\"><span style=\"font-size:13.5pt;font-family:Verdana, 'sans-serif';color:#000000;\">Fil sol\u00b7licitat en matances per a particulars<\/span><\/p>\n<p class=\"MsoNormal\" style=\"line-height:normal;\"><b><span style=\"font-size:13.5pt;font-family:Verdana, 'sans-serif';color:#000000;\">\u00a0<\/span><\/b><\/p>\n<p class=\"MsoNormal\" style=\"line-height:normal;\"><b><span style=\"font-size:13.5pt;font-family:Verdana, 'sans-serif';color:#000000;\">\u00a0<\/span><\/b><\/p>\n<p class=\"MsoNormal\" style=\"line-height:normal;\"><b><span style=\"font-size:13.5pt;font-family:Verdana, 'sans-serif';color:#000000;\">APTE PER ESTAR EN CONTACTE AMB PRODUCTES ALIMENTOSOS<\/span><\/b><\/p>","protected":false},"featured_media":4110,"template":"","meta":[],"product_brand":[],"product_cat":[1257,978,1046,969],"product_tag":[],"class_list":{"0":"post-4112","1":"product","2":"type-product","3":"status-publish","4":"has-post-thumbnail","6":"product_cat-algodon-para-matanza","7":"product_cat-embutidos","8":"product_cat-fibras-naturales","9":"product_cat-carnicas","11":"first","12":"instock","13":"sale","14":"taxable","15":"shipping-taxable","16":"purchasable","17":"product-type-simple"},"tiered_pricing_type":"fixed","tiered_pricing_fixed_rules":[],"tiered_pricing_product_settings":{"layout":"default","base_unit_name":{"singular":null,"plural":null},"default_variation":null},"tiered_pricing_minimum_quantity":null,"tiered_pricing_roles_data":[],"tiered_pricing_percentage_rules":[],"_links":{"self":[{"href":"https:\/\/hilaturasegea.com\/ca\/wp-json\/wp\/v2\/product\/4112","targetHints":{"allow":["GET"]}}],"collection":[{"href":"https:\/\/hilaturasegea.com\/ca\/wp-json\/wp\/v2\/product"}],"about":[{"href":"https:\/\/hilaturasegea.com\/ca\/wp-json\/wp\/v2\/types\/product"}],"wp:featuredmedia":[{"embeddable":true,"href":"https:\/\/hilaturasegea.com\/ca\/wp-json\/wp\/v2\/media\/4110"}],"wp:attachment":[{"href":"https:\/\/hilaturasegea.com\/ca\/wp-json\/wp\/v2\/media?parent=4112"}],"wp:term":[{"taxonomy":"product_brand","embeddable":true,"href":"https:\/\/hilaturasegea.com\/ca\/wp-json\/wp\/v2\/product_brand?post=4112"},{"taxonomy":"product_cat","embeddable":true,"href":"https:\/\/hilaturasegea.com\/ca\/wp-json\/wp\/v2\/product_cat?post=4112"},{"taxonomy":"product_tag","embeddable":true,"href":"https:\/\/hilaturasegea.com\/ca\/wp-json\/wp\/v2\/product_tag?post=4112"}],"curies":[{"name":"wp","href":"https:\/\/api.w.org\/{rel}","templated":true}]}}