{"id":4185,"date":"2025-04-09T17:52:22","date_gmt":"2025-04-09T15:52:22","guid":{"rendered":"https:\/\/hilaturasegea.com\/?post_type=product&#038;p=4185"},"modified":"2025-05-29T09:26:35","modified_gmt":"2025-05-29T07:26:35","slug":"algodon-en-rollo","status":"publish","type":"product","link":"https:\/\/hilaturasegea.com\/ca\/producte\/algodon-en-rollo\/","title":{"rendered":"Cot\u00f3 funda en rotllo"},"content":{"rendered":"<p class=\"MsoNormal\"><span style=\"font-size: 13.5pt; font-family: Verdana, 'sans-serif'; color: #777777; background: #FFFFFF;\">Per garantir la m\u00e0xima qualitat i tra\u00e7abilitat de totes les nostres refer\u00e8ncies, cada article porta assignat:<\/span><\/p>\n<p class=\"MsoNormal\" style=\"margin-left: 36pt; text-indent: -18pt;\"><span style=\"font-size: 13.5pt; font-family: Verdana, 'sans-serif'; color: #777777;\">&#8211;<span style=\"font: 7pt 'Times New Roman';\">\u00a0\u00a0\u00a0\u00a0\u00a0\u00a0<\/span><\/span><span style=\"font-size: 13.5pt; font-family: Verdana, 'sans-serif'; color: #777777; background: #FFFFFF;\">Codi d&#039;article<\/span><\/p>\n<p class=\"MsoNormal\" style=\"margin-left: 36pt; text-indent: -18pt;\"><span style=\"font-size: 13.5pt; font-family: Verdana, 'sans-serif'; color: #777777;\">&#8211;<span style=\"font: 7pt 'Times New Roman';\">\u00a0\u00a0\u00a0\u00a0\u00a0\u00a0<\/span><\/span><span style=\"font-size: 13.5pt; font-family: Verdana, 'sans-serif'; color: #777777; background: #FFFFFF;\">Codi EAN<\/span><\/p>\n<p class=\"MsoNormal\" style=\"margin-left: 36pt; text-indent: -18pt;\"><span style=\"font-size: 13.5pt; font-family: Verdana, 'sans-serif'; color: #777777;\">&#8211;<span style=\"font: 7pt 'Times New Roman';\">\u00a0\u00a0\u00a0\u00a0\u00a0\u00a0<\/span><\/span><span style=\"font-size: 13.5pt; font-family: Verdana, 'sans-serif'; color: #777777; background: #FFFFFF;\">Codi de fabricaci\u00f3<\/span><\/p>","protected":false},"excerpt":{"rendered":"<p class=\"MsoNormal\" style=\"line-height: normal;\"><b><span style=\"text-decoration: underline;\"><span style=\"font-size: 13.5pt; font-family: Verdana, 'sans-serif'; color: #000000;\">Presentaci\u00f3:<\/span><\/span><\/b><\/p>\n<p class=\"MsoNormal\" style=\"line-height: normal;\"><span style=\"font-size: 13.5pt; font-family: Verdana, 'sans-serif'; color: #000000;\">Rotlles<\/span><\/p>\n<p class=\"MsoNormal\" style=\"line-height: normal;\"><span style=\"font-size: 8.5pt; font-family: Verdana, 'sans-serif'; color: #000000;\">\u00a0<\/span><\/p>\n<p class=\"MsoNormal\" style=\"line-height: normal;\"><b><span style=\"text-decoration: underline;\"><span style=\"font-size: 13.5pt; font-family: Verdana, 'sans-serif'; color: #000000;\">Caracter\u00edstiques:<\/span><\/span><\/b><\/p>\n<p class=\"MsoNormal\" style=\"line-height: normal;\"><span style=\"font-size: 13.5pt; font-family: Verdana, 'sans-serif'; color: #000000;\">Fabricat amb cot\u00f3 (fibra vegetal, ecol\u00f2gica i biodegradable)<\/span><\/p>\n<p class=\"MsoNormal\" style=\"line-height: normal;\"><span style=\"font-size: 13.5pt; font-family: Verdana, 'sans-serif'; color: #000000;\">M\u00e0xima resist\u00e8ncia<\/span><\/p>\n<p class=\"MsoNormal\" style=\"line-height: normal;\"><span style=\"font-size: 13.5pt; font-family: Verdana, 'sans-serif'; color: #000000;\">Suau al tacte<\/span><\/p>\n<p class=\"MsoNormal\" style=\"line-height: normal;\"><span style=\"font-size: 13.5pt; font-family: Verdana, 'sans-serif'; color: #000000;\">\u00c0mplia gamma de colors<\/span><\/p>\n<p class=\"MsoNormal\" style=\"line-height: normal;\"><span style=\"font-size: 13.5pt; font-family: Verdana, 'sans-serif'; color: #000000;\">\u00a0<\/span><\/p>\n<p class=\"MsoNormal\" style=\"line-height: normal;\"><span style=\"font-size: 13.5pt; font-family: Verdana, 'sans-serif'; color: #000000;\">\u00a0<\/span><\/p>\n<p class=\"MsoNormal\" style=\"line-height: normal;\"><b><span style=\"font-size: 13.5pt; font-family: Verdana, 'sans-serif'; color: #000000;\">APTE PER ESTAR EN CONTACTE AMB PRODUCTES ALIMENTOSOS<\/span><\/b><\/p>","protected":false},"featured_media":4181,"template":"","meta":[],"product_brand":[],"product_cat":[1387,1049,1263,979,1448,969],"product_tag":[],"class_list":{"0":"post-4185","1":"product","2":"type-product","3":"status-publish","4":"has-post-thumbnail","6":"product_cat-fibras-naturales-jamon-y-cecinas","7":"product_cat-fundas","8":"product_cat-jamon-y-cecinas","9":"product_cat-jamones-cecinas-y-vacunos","10":"product_cat-algodon-en-rollo","11":"product_cat-carnicas","13":"first","14":"instock","15":"sale","16":"taxable","17":"shipping-taxable","18":"purchasable","19":"product-type-simple"},"tiered_pricing_type":"fixed","tiered_pricing_fixed_rules":[],"tiered_pricing_product_settings":{"layout":"default","base_unit_name":{"singular":null,"plural":null},"default_variation":null},"tiered_pricing_minimum_quantity":null,"tiered_pricing_roles_data":[],"tiered_pricing_percentage_rules":[],"_links":{"self":[{"href":"https:\/\/hilaturasegea.com\/ca\/wp-json\/wp\/v2\/product\/4185","targetHints":{"allow":["GET"]}}],"collection":[{"href":"https:\/\/hilaturasegea.com\/ca\/wp-json\/wp\/v2\/product"}],"about":[{"href":"https:\/\/hilaturasegea.com\/ca\/wp-json\/wp\/v2\/types\/product"}],"wp:featuredmedia":[{"embeddable":true,"href":"https:\/\/hilaturasegea.com\/ca\/wp-json\/wp\/v2\/media\/4181"}],"wp:attachment":[{"href":"https:\/\/hilaturasegea.com\/ca\/wp-json\/wp\/v2\/media?parent=4185"}],"wp:term":[{"taxonomy":"product_brand","embeddable":true,"href":"https:\/\/hilaturasegea.com\/ca\/wp-json\/wp\/v2\/product_brand?post=4185"},{"taxonomy":"product_cat","embeddable":true,"href":"https:\/\/hilaturasegea.com\/ca\/wp-json\/wp\/v2\/product_cat?post=4185"},{"taxonomy":"product_tag","embeddable":true,"href":"https:\/\/hilaturasegea.com\/ca\/wp-json\/wp\/v2\/product_tag?post=4185"}],"curies":[{"name":"wp","href":"https:\/\/api.w.org\/{rel}","templated":true}]}}