{"id":4236,"date":"2025-04-09T17:52:21","date_gmt":"2025-04-09T15:52:21","guid":{"rendered":"https:\/\/hilaturasegea.com\/?post_type=product&#038;p=4236"},"modified":"2025-05-19T18:07:00","modified_gmt":"2025-05-19T16:07:00","slug":"funda-ternera","status":"publish","type":"product","link":"https:\/\/hilaturasegea.com\/ca\/producte\/funda-ternera\/","title":{"rendered":"Funda vedella"},"content":{"rendered":"<p class=\"MsoNormal\"><span style=\"font-size:13.5pt;font-family:Verdana, 'sans-serif';color:#777777;background:#FFFFFF;\">Per garantir la m\u00e0xima qualitat i tra\u00e7abilitat de totes les nostres refer\u00e8ncies, cada article porta assignat:<\/span><span style=\"font-size:7pt;font-family:Verdana, 'sans-serif';color:#777777;background:#FFFFFF;\"><\/span><\/p>\n<\/p>\n<p class=\"MsoNormal\" style=\"margin-left:36pt;text-indent:-18pt;\"><span style=\"font-size:13.5pt;font-family:Verdana, 'sans-serif';color:#777777;\"><span>&#8211;<span style=\"font:7pt 'Times New Roman';\">\u00a0\u00a0\u00a0\u00a0\u00a0\u00a0<\/span><\/span><\/span><span style=\"font-size:13.5pt;font-family:Verdana, 'sans-serif';color:#777777;background:#FFFFFF;\">Codi d&#039;article<\/span><\/p>\n<\/p>\n<p class=\"MsoNormal\" style=\"margin-left:36pt;text-indent:-18pt;\"><span style=\"font-size:13.5pt;font-family:Verdana, 'sans-serif';color:#777777;\"><span>&#8211;<span style=\"font:7pt 'Times New Roman';\">\u00a0\u00a0\u00a0\u00a0\u00a0\u00a0<\/span><\/span><\/span><span style=\"font-size:13.5pt;font-family:Verdana, 'sans-serif';color:#777777;background:#FFFFFF;\">Codi EAN<\/span><\/p>\n<\/p>\n<p class=\"MsoNormal\" style=\"margin-left:36pt;text-indent:-18pt;\"><span style=\"font-size:13.5pt;font-family:Verdana, 'sans-serif';color:#777777;\"><span>&#8211;<span style=\"font:7pt 'Times New Roman';\">\u00a0\u00a0\u00a0\u00a0\u00a0\u00a0<\/span><\/span><\/span><span style=\"font-size:13.5pt;font-family:Verdana, 'sans-serif';color:#777777;background:#FFFFFF;\">Codi de fabricaci\u00f3<\/span><\/p>","protected":false},"excerpt":{"rendered":"<p class=\"MsoNormal\" style=\"line-height:normal;\"><b><span style=\"text-decoration:underline;\"><span style=\"font-size:13.5pt;font-family:Verdana, 'sans-serif';color:#000000;\">Presentaci\u00f3:<\/span><\/span><\/b><span style=\"font-size:8.5pt;font-family:Verdana, 'sans-serif';color:#000000;\"><\/span><\/p>\n<\/p>\n<p class=\"MsoNormal\" style=\"line-height:normal;\"><span style=\"font-size:13.5pt;font-family:Verdana, 'sans-serif';color:#000000;\">Paquets 100 unitats Canal<\/span><\/p>\n<p class=\"MsoNormal\" style=\"line-height:normal;\"><span style=\"font-size:13.5pt;font-family:Verdana, 'sans-serif';color:#000000;\">Paquets 150 unitats \u00abDavanter\u00bb<\/span><\/p>\n<p class=\"MsoNormal\" style=\"line-height:normal;\"><span style=\"font-size:13.5pt;font-family:Verdana, 'sans-serif';color:#000000;\">En rotlle<\/span><\/p>\n<p class=\"MsoNormal\" style=\"line-height:normal;\"><span style=\"font-size:8.5pt;font-family:Verdana, 'sans-serif';color:#000000;\">\u00a0<\/span><\/p>\n<\/p>\n<p class=\"MsoNormal\" style=\"line-height:normal;\"><b><span style=\"text-decoration:underline;\"><span style=\"font-size:13.5pt;font-family:Verdana, 'sans-serif';color:#000000;\">Caracter\u00edstiques:<\/span><\/span><\/b><span style=\"font-size:8.5pt;font-family:Verdana, 'sans-serif';color:#000000;\"><\/span><\/p>\n<\/p>\n<p class=\"MsoNormal\" style=\"line-height:normal;\"><span style=\"font-size:13.5pt;font-family:Verdana, 'sans-serif';color:#000000;\">Fabricada a Pes.<\/span><\/p>\n<p class=\"MsoNormal\" style=\"line-height:normal;\"><span style=\"font-size:13.5pt;font-family:Verdana, 'sans-serif';color:#000000;\">Mesura de canal: 40 x 240<\/span><\/p>\n<p class=\"MsoNormal\" style=\"line-height:normal;\"><span style=\"font-size:13.5pt;font-family:Verdana, 'sans-serif';color:#000000;\">Mesura de davanter: 40 x 140<\/span><\/p>\n<p class=\"MsoNormal\" style=\"line-height:normal;\"><span style=\"font-size:13.5pt;font-family:Verdana, 'sans-serif';color:#000000;\">Suau al tacte<\/span><\/p>\n<p class=\"MsoNormal\" style=\"line-height:normal;\"><span style=\"font-size:13.5pt;font-family:Verdana, 'sans-serif';color:#000000;\">\u00a0<\/span><span style=\"font-size:8.5pt;font-family:Verdana, 'sans-serif';color:#000000;\"><\/span><\/p>\n<\/p>\n<p class=\"MsoNormal\" style=\"line-height:normal;\"><span style=\"font-size:13.5pt;font-family:Verdana, 'sans-serif';color:#000000;\">\u00a0<\/span><span style=\"font-size:8.5pt;font-family:Verdana, 'sans-serif';color:#000000;\"><\/span><\/p>\n<\/p>\n<p class=\"MsoNormal\" style=\"line-height:normal;\"><b><span style=\"font-size:13.5pt;font-family:Verdana, 'sans-serif';color:#000000;\">APTE PER ESTAR EN CONTACTE AMB PRODUCTES ALIMENTOSOS<\/span><\/b><\/p>","protected":false},"featured_media":4234,"template":"","meta":[],"product_brand":[],"product_cat":[1049,979,1389,1264,969],"product_tag":[],"class_list":{"0":"post-4236","1":"product","2":"type-product","3":"status-publish","4":"has-post-thumbnail","6":"product_cat-fundas","7":"product_cat-jamones-cecinas-y-vacunos","8":"product_cat-poliester-vacuno","9":"product_cat-vacuno","10":"product_cat-carnicas","12":"first","13":"instock","14":"sale","15":"taxable","16":"shipping-taxable","17":"purchasable","18":"product-type-simple"},"tiered_pricing_type":"fixed","tiered_pricing_fixed_rules":[],"tiered_pricing_product_settings":{"layout":"default","base_unit_name":{"singular":null,"plural":null},"default_variation":null},"tiered_pricing_minimum_quantity":null,"tiered_pricing_roles_data":[],"tiered_pricing_percentage_rules":[],"_links":{"self":[{"href":"https:\/\/hilaturasegea.com\/ca\/wp-json\/wp\/v2\/product\/4236","targetHints":{"allow":["GET"]}}],"collection":[{"href":"https:\/\/hilaturasegea.com\/ca\/wp-json\/wp\/v2\/product"}],"about":[{"href":"https:\/\/hilaturasegea.com\/ca\/wp-json\/wp\/v2\/types\/product"}],"wp:featuredmedia":[{"embeddable":true,"href":"https:\/\/hilaturasegea.com\/ca\/wp-json\/wp\/v2\/media\/4234"}],"wp:attachment":[{"href":"https:\/\/hilaturasegea.com\/ca\/wp-json\/wp\/v2\/media?parent=4236"}],"wp:term":[{"taxonomy":"product_brand","embeddable":true,"href":"https:\/\/hilaturasegea.com\/ca\/wp-json\/wp\/v2\/product_brand?post=4236"},{"taxonomy":"product_cat","embeddable":true,"href":"https:\/\/hilaturasegea.com\/ca\/wp-json\/wp\/v2\/product_cat?post=4236"},{"taxonomy":"product_tag","embeddable":true,"href":"https:\/\/hilaturasegea.com\/ca\/wp-json\/wp\/v2\/product_tag?post=4236"}],"curies":[{"name":"wp","href":"https:\/\/api.w.org\/{rel}","templated":true}]}}