{"id":4281,"date":"2025-04-09T17:51:41","date_gmt":"2025-04-09T15:51:41","guid":{"rendered":"https:\/\/hilaturasegea.com\/?post_type=product&#038;p=4281"},"modified":"2025-05-19T18:07:00","modified_gmt":"2025-05-19T16:07:00","slug":"film-preestirado-manual-2","status":"publish","type":"product","link":"https:\/\/hilaturasegea.com\/ca\/producte\/film-preestirado-manual-2\/","title":{"rendered":"Film preestirat manual"},"content":{"rendered":"<p><img fetchpriority=\"high\" decoding=\"async\" src=\"https:\/\/hilaturasegea.com\/img\/cms\/FILM%20PREESTIRADO%20MANUAL%20NEGRO%201%20-%20copia.jpg\" alt=\"\" width=\"666\" height=\"239\" \/><\/p>\n<p style=\"margin-top:0cm;text-align:justify;line-height:19.5pt;background:#FFFFFF;\"><strong><span style=\"font-size:10.5pt;\">METRES M\u00cdNIMS UNA VEGADA APLICAT: 350 m<\/span><\/strong><span style=\"font-size:10.5pt;\"><\/span><\/p>\n<\/p>\n<p style=\"margin-top:0cm;text-align:justify;line-height:19.5pt;background:#FFFFFF;margin-bottom:1rem;\"><strong><span style=\"font-size:10.5pt;\">COMPOSICI\u00d3:\u00a0<\/span><\/strong><span style=\"font-size:10.5pt;\">Film de Polietil\u00e8<\/span><\/p>\n<\/p>\n<p style=\"margin-top:0cm;text-align:justify;line-height:19.5pt;background:#FFFFFF;margin-bottom:1rem;\"><strong><span style=\"font-size:10.5pt;\">CARACTER\u00cdSTIQUES:<\/span><\/strong><span style=\"font-size:10.5pt;\">\u00a0Gr\u00e0cies al preestirat manual superior al 200%, durant el seu \u00fas en el proc\u00e9s d&#039;embalatge de les mercaderies, l&#039;operari pot anar variant la tensi\u00f3 de l&#039;empaquetat que es conferir\u00e0 al producte depenent de les seves caracter\u00edstiques particulars.<\/span><\/p>\n<\/p>\n<p style=\"margin-top:0cm;text-align:justify;line-height:19.5pt;background:#FFFFFF;margin-bottom:1rem;\"><strong><span style=\"font-size:10.5pt;\">UTILITATS:<\/span><\/strong><span style=\"font-size:10.5pt;\">\u00a0L&#039;esmentada elasticitat unida a l&#039;especial capacitat autoadhesiva, fa d&#039;aquest peculiar pl\u00e0stic un producte \u00fanic per a l&#039;empaquetatge de qualsevol tipus de material i en especial per al paletitzat de c\u00e0rregues, amb el qual aconseguirem agrupar els productes acabats per emmagatzemar-los.<\/span><\/p><\/p>","protected":false},"excerpt":{"rendered":"<p><b><span style=\"text-decoration:underline;\"><span style=\"font-size:13.5pt;font-family:Verdana, 'sans-serif';color:#000000;\">Presentaci\u00f3:<\/span><\/span><\/b><\/p>\n<p class=\"MsoNormal\" style=\"line-height:normal;\"><span style=\"font-size:13.5pt;font-family:Verdana, 'sans-serif';color:#000000;\">Caixa de 8 unitats<\/span><\/p>\n<p class=\"MsoNormal\" style=\"line-height:normal;\"><span style=\"font-size:8.5pt;font-family:Verdana, 'sans-serif';color:#000000;\">\u00a0<\/span><\/p>\n<p class=\"MsoNormal\" style=\"line-height:normal;\"><b><span style=\"text-decoration:underline;\"><span style=\"font-size:13.5pt;font-family:Verdana, 'sans-serif';color:#000000;\">Caracter\u00edstiques:<\/span><\/span><\/b><\/p>\n<p class=\"MsoNormal\" style=\"line-height:normal;\"><span style=\"font-size:13.5pt;font-family:Verdana, 'sans-serif';color:#000000;\">Formats disponibles: Blanc, transparent i negre<\/span><\/p>\n<p class=\"MsoNormal\" style=\"line-height:normal;\"><span style=\"font-size:13.5pt;font-family:Verdana, 'sans-serif';color:#000000;\">Gruix de 23 micres<\/span><\/p>\n<p class=\"MsoNormal\" style=\"line-height:normal;\"><span style=\"font-size:13.5pt;font-family:Verdana, 'sans-serif';color:#000000;\">Mida de 500 mm<\/span><\/p>\n<p class=\"MsoNormal\" style=\"line-height:normal;\"><span style=\"font-size:13.5pt;font-family:Verdana, 'sans-serif';color:#000000;\">140 metres lineals<\/span><\/p>\n<p class=\"MsoNormal\" style=\"line-height:normal;\"><span style=\"font-size:13.5pt;font-family:Verdana, 'sans-serif';color:#000000;\">Preestirat superior al 200 %<\/span><\/p>\n<p class=\"MsoNormal\" style=\"line-height:normal;\"><span style=\"font-size:13.5pt;font-family:Verdana, 'sans-serif';color:#000000;\">Pes bobina de 1,4 kg<\/span><\/p>","protected":false},"featured_media":4275,"template":"","meta":[],"product_brand":[],"product_cat":[1395,981,1054,1271,969],"product_tag":[],"class_list":{"0":"post-4281","1":"product","2":"type-product","3":"status-publish","4":"has-post-thumbnail","6":"product_cat-blanco-transparente-y-negro","7":"product_cat-embalaje","8":"product_cat-film-paletizar","9":"product_cat-manual","10":"product_cat-carnicas","12":"first","13":"instock","14":"sale","15":"taxable","16":"shipping-taxable","17":"purchasable","18":"product-type-simple"},"tiered_pricing_type":"fixed","tiered_pricing_fixed_rules":[],"tiered_pricing_product_settings":{"layout":"default","base_unit_name":{"singular":null,"plural":null},"default_variation":null},"tiered_pricing_minimum_quantity":null,"tiered_pricing_roles_data":[],"tiered_pricing_percentage_rules":[],"_links":{"self":[{"href":"https:\/\/hilaturasegea.com\/ca\/wp-json\/wp\/v2\/product\/4281","targetHints":{"allow":["GET"]}}],"collection":[{"href":"https:\/\/hilaturasegea.com\/ca\/wp-json\/wp\/v2\/product"}],"about":[{"href":"https:\/\/hilaturasegea.com\/ca\/wp-json\/wp\/v2\/types\/product"}],"wp:featuredmedia":[{"embeddable":true,"href":"https:\/\/hilaturasegea.com\/ca\/wp-json\/wp\/v2\/media\/4275"}],"wp:attachment":[{"href":"https:\/\/hilaturasegea.com\/ca\/wp-json\/wp\/v2\/media?parent=4281"}],"wp:term":[{"taxonomy":"product_brand","embeddable":true,"href":"https:\/\/hilaturasegea.com\/ca\/wp-json\/wp\/v2\/product_brand?post=4281"},{"taxonomy":"product_cat","embeddable":true,"href":"https:\/\/hilaturasegea.com\/ca\/wp-json\/wp\/v2\/product_cat?post=4281"},{"taxonomy":"product_tag","embeddable":true,"href":"https:\/\/hilaturasegea.com\/ca\/wp-json\/wp\/v2\/product_tag?post=4281"}],"curies":[{"name":"wp","href":"https:\/\/api.w.org\/{rel}","templated":true}]}}