{"id":4286,"date":"2025-04-09T17:51:41","date_gmt":"2025-04-09T15:51:41","guid":{"rendered":"https:\/\/hilaturasegea.com\/?post_type=product&#038;p=4286"},"modified":"2025-05-19T18:07:00","modified_gmt":"2025-05-19T16:07:00","slug":"film-preestirado-automatico-2","status":"publish","type":"product","link":"https:\/\/hilaturasegea.com\/ca\/producte\/film-preestirado-automatico-2\/","title":{"rendered":"Film preestirat autom\u00e0tic"},"content":{"rendered":"<p><img fetchpriority=\"high\" decoding=\"async\" src=\"https:\/\/hilaturasegea.com\/img\/cms\/PAGINA%2050-2.jpg\" alt=\"\" width=\"574\" height=\"270\" \/><\/p>\n<p style=\"margin-top:0px;margin-bottom:1rem;color:#777777;font-family:Poppins, sans-serif;font-size:14px;text-align:justify;background-color:#ffffff;\"><span style=\"font-weight:bolder;\">COMPOSICI\u00d3:\u00a0<\/span>Fina l\u00e0mina de pl\u00e0stic bobina sobre un tub de cartr\u00f3 amb una amplada habitual de 500 mm i gruix de 23 micres.<\/p>\n<p style=\"margin-top:0px;margin-bottom:1rem;color:#777777;font-family:Poppins, sans-serif;font-size:14px;text-align:justify;background-color:#ffffff;\"><span style=\"font-weight:bolder;\">CARACTER\u00cdSTIQUES:<\/span>\u00a0Gr\u00e0cies al preestirat manual superior al 200%, durant el seu \u00fas en el proc\u00e9s d&#039;embalatge de les mercaderies l&#039;operari pot anar variant la tensi\u00f3 de l&#039;empaquetat que es conferir\u00e0 al producte depenent de les seves caracter\u00edstiques particulars.<\/p>\n<p style=\"margin-top:0px;margin-bottom:1rem;color:#777777;font-family:Poppins, sans-serif;font-size:14px;text-align:justify;background-color:#ffffff;\"><span style=\"font-weight:bolder;\">UTILITATS:<\/span>\u00a0L&#039;esmentada elasticitat unida a l&#039;especial capacitat autoadhesiva, fa d&#039;aquest peculiar pl\u00e0stic un producte \u00fanic per a l&#039;empaquetatge de qualsevol tipus de material i en especial per al paletitzat de c\u00e0rregues, amb el qual aconseguirem agrupar els productes acabats per emmagatzemar-los.<\/p>","protected":false},"excerpt":{"rendered":"<p class=\"MsoNormal\" style=\"line-height:normal;\"><b><span style=\"text-decoration:underline;\"><span style=\"font-size:13.5pt;font-family:Verdana, 'sans-serif';color:#000000;\">Presentaci\u00f3:<\/span><\/span><\/b><span style=\"font-size:8.5pt;font-family:Verdana, 'sans-serif';color:#000000;\"><\/span><\/p>\n<\/p>\n<p class=\"MsoNormal\" style=\"line-height:normal;\"><span style=\"font-size:13.5pt;font-family:Verdana, 'sans-serif';color:#000000;\">8 unitats<\/span><span style=\"font-size:8.5pt;font-family:Verdana, 'sans-serif';color:#000000;\"><\/span><\/p>\n<\/p>\n<p class=\"MsoNormal\" style=\"line-height:normal;\"><span style=\"font-size:8.5pt;font-family:Verdana, 'sans-serif';color:#000000;\">\u00a0<\/span><\/p>\n<\/p>\n<p class=\"MsoNormal\" style=\"line-height:normal;\"><b><span style=\"text-decoration:underline;\"><span style=\"font-size:13.5pt;font-family:Verdana, 'sans-serif';color:#000000;\">Caracter\u00edstiques:<\/span><\/span><\/b><span style=\"font-size:8.5pt;font-family:Verdana, 'sans-serif';color:#000000;\"><\/span><\/p>\n<\/p>\n<p class=\"MsoNormal\" style=\"line-height:normal;\"><span style=\"font-size:13.5pt;font-family:Verdana, 'sans-serif';color:#000000;\">Formats disponibles: Transparent i negre<\/span><span style=\"font-size:8.5pt;font-family:Verdana, 'sans-serif';color:#000000;\"><\/span><\/p>\n<\/p>\n<p class=\"MsoNormal\" style=\"line-height:normal;\"><span style=\"font-size:13.5pt;font-family:Verdana, 'sans-serif';color:#000000;\">Gruix de 23 micres<\/span><\/p>\n<p class=\"MsoNormal\" style=\"line-height:normal;\"><span style=\"font-size:13.5pt;font-family:Verdana, 'sans-serif';color:#000000;\">1500 metres lineals<\/span><span style=\"font-size:8.5pt;font-family:Verdana, 'sans-serif';color:#000000;\"><\/span><\/p>\n<\/p>\n<p class=\"MsoNormal\" style=\"line-height:normal;\"><span style=\"font-size:13.5pt;font-family:Verdana, 'sans-serif';color:#000000;\">Preestirat superior al 200 %<\/span><span style=\"font-size:8.5pt;font-family:Verdana, 'sans-serif';color:#000000;\"><\/span><\/p>\n<\/p>\n<p class=\"MsoNormal\" style=\"line-height:normal;\"><span style=\"font-size:13.5pt;font-family:Verdana, 'sans-serif';color:#000000;\">Pes bobina de 16 kg<\/span><span style=\"font-size:8.5pt;font-family:Verdana, 'sans-serif';color:#000000;\"><\/span><\/p><\/p>","protected":false},"featured_media":4282,"template":"","meta":[],"product_brand":[],"product_cat":[1270,981,1054,1393,969],"product_tag":[],"class_list":{"0":"post-4286","1":"product","2":"type-product","3":"status-publish","4":"has-post-thumbnail","6":"product_cat-automatico","7":"product_cat-embalaje","8":"product_cat-film-paletizar","9":"product_cat-transparente-y-negro","10":"product_cat-carnicas","12":"first","13":"instock","14":"sale","15":"taxable","16":"shipping-taxable","17":"purchasable","18":"product-type-simple"},"tiered_pricing_type":"fixed","tiered_pricing_fixed_rules":[],"tiered_pricing_product_settings":{"layout":"default","base_unit_name":{"singular":null,"plural":null},"default_variation":null},"tiered_pricing_minimum_quantity":null,"tiered_pricing_roles_data":[],"tiered_pricing_percentage_rules":[],"_links":{"self":[{"href":"https:\/\/hilaturasegea.com\/ca\/wp-json\/wp\/v2\/product\/4286","targetHints":{"allow":["GET"]}}],"collection":[{"href":"https:\/\/hilaturasegea.com\/ca\/wp-json\/wp\/v2\/product"}],"about":[{"href":"https:\/\/hilaturasegea.com\/ca\/wp-json\/wp\/v2\/types\/product"}],"wp:featuredmedia":[{"embeddable":true,"href":"https:\/\/hilaturasegea.com\/ca\/wp-json\/wp\/v2\/media\/4282"}],"wp:attachment":[{"href":"https:\/\/hilaturasegea.com\/ca\/wp-json\/wp\/v2\/media?parent=4286"}],"wp:term":[{"taxonomy":"product_brand","embeddable":true,"href":"https:\/\/hilaturasegea.com\/ca\/wp-json\/wp\/v2\/product_brand?post=4286"},{"taxonomy":"product_cat","embeddable":true,"href":"https:\/\/hilaturasegea.com\/ca\/wp-json\/wp\/v2\/product_cat?post=4286"},{"taxonomy":"product_tag","embeddable":true,"href":"https:\/\/hilaturasegea.com\/ca\/wp-json\/wp\/v2\/product_tag?post=4286"}],"curies":[{"name":"wp","href":"https:\/\/api.w.org\/{rel}","templated":true}]}}