{"id":4292,"date":"2025-04-09T17:51:41","date_gmt":"2025-04-09T15:51:41","guid":{"rendered":"https:\/\/hilaturasegea.com\/?post_type=product&#038;p=4292"},"modified":"2025-05-19T18:07:00","modified_gmt":"2025-05-19T16:07:00","slug":"film-perforado-automatico-especial-sector-carnicas","status":"publish","type":"product","link":"https:\/\/hilaturasegea.com\/ca\/producte\/film-perforado-automatico-especial-sector-carnicas\/","title":{"rendered":"Film perforat autom\u00e0tic (Especial sector c\u00e0rnies)"},"content":{"rendered":"<p style=\"margin-top:0px;margin-bottom:1rem;color:#777777;font-family:Poppins, sans-serif;font-size:14px;text-align:justify;background-color:#ffffff;\">EN FRED: NO FA BARRERA DEIXANT PASSAR EL FRED PERFECTAMENT AL NUCLI.<\/p>\n<p style=\"margin-top:0px;margin-bottom:1rem;color:#777777;font-family:Poppins, sans-serif;font-size:14px;text-align:justify;background-color:#ffffff;\">EN CALOR: DEIXA SORTIR LA CALOR EVITANT CONDENSACIONS.<\/p>\n<p style=\"margin-top:0px;margin-bottom:1rem;color:#777777;font-family:Poppins, sans-serif;font-size:14px;text-align:justify;background-color:#ffffff;\"><span style=\"font-weight:bolder;\">COMPOSICI\u00d3:\u00a0<\/span>Fina l\u00e0mina de pl\u00e0stic bobina sobre un tub de cartr\u00f3 amb una amplada habitual de 500 mm i gruix de 20 micres.<\/p>\n<p style=\"margin-top:0px;margin-bottom:1rem;color:#777777;font-family:Poppins, sans-serif;font-size:14px;text-align:justify;background-color:#ffffff;\"><span style=\"font-weight:bolder;\">CARACTER\u00cdSTIQUES:<\/span>\u00a0Gr\u00e0cies al perforat no fa barrera deixant passar el fred perfectament al nucli i deixa sortir la calor evitant condensacions.<\/p>\n<p style=\"margin-top:0px;margin-bottom:1rem;color:#777777;font-family:Poppins, sans-serif;font-size:14px;text-align:justify;background-color:#ffffff;\"><span style=\"font-weight:bolder;\">UTILITATS:<\/span>\u00a0L&#039;esmentada elasticitat unida a l&#039;especial capacitat autoadhesiva, fa d&#039;aquest peculiar pl\u00e0stic un producte \u00fanic per a l&#039;empaquetatge de qualsevol tipus de material i en especial per al paletitzat de c\u00e0rregues, amb el qual aconseguirem agrupar els productes acabats per emmagatzemar-los.<\/p>","protected":false},"excerpt":{"rendered":"<p class=\"MsoNormal\" style=\"line-height:normal;\"><b><span style=\"text-decoration:underline;\"><span style=\"font-size:13.5pt;font-family:Verdana, 'sans-serif';color:#000000;\">Presentaci\u00f3:<\/span><\/span><\/b><\/p>\n<p class=\"MsoNormal\" style=\"line-height:normal;\"><span style=\"font-size:13.5pt;font-family:Verdana, 'sans-serif';color:#000000;\">24 unitats<\/span><\/p>\n<p class=\"MsoNormal\" style=\"line-height:normal;\"><span style=\"font-size:8.5pt;font-family:Verdana, 'sans-serif';color:#000000;\">\u00a0<\/span><\/p>\n<p class=\"MsoNormal\" style=\"line-height:normal;\"><b><span style=\"text-decoration:underline;\"><span style=\"font-size:13.5pt;font-family:Verdana, 'sans-serif';color:#000000;\">Caracter\u00edstiques:<\/span><\/span><\/b><\/p>\n<p class=\"MsoNormal\" style=\"line-height:normal;\"><span style=\"font-size:13.5pt;font-family:Verdana, 'sans-serif';color:#000000;\">Formats disponibles: Transparent perforat<\/span><\/p>\n<p class=\"MsoNormal\" style=\"line-height:normal;\"><span style=\"font-size:13.5pt;font-family:Verdana, 'sans-serif';color:#000000;\">Gruix de 20 micres<\/span><\/p>\n<p class=\"MsoNormal\" style=\"line-height:normal;\"><span style=\"font-size:13.5pt;font-family:Verdana, 'sans-serif';color:#000000;\">3000 metres lineals<\/span><\/p>\n<p class=\"MsoNormal\" style=\"line-height:normal;\"><span style=\"font-size:13.5pt;font-family:Verdana, 'sans-serif';color:#000000;\">Pes bobina de 17 kg<\/span><\/p>","protected":false},"featured_media":4290,"template":"","meta":[],"product_brand":[],"product_cat":[1270,981,1054,1394,969],"product_tag":[],"class_list":{"0":"post-4292","1":"product","2":"type-product","3":"status-publish","4":"has-post-thumbnail","6":"product_cat-automatico","7":"product_cat-embalaje","8":"product_cat-film-paletizar","9":"product_cat-transparente-perforado-especial-sector-carnicas","10":"product_cat-carnicas","12":"first","13":"instock","14":"sale","15":"taxable","16":"shipping-taxable","17":"purchasable","18":"product-type-simple"},"tiered_pricing_type":"fixed","tiered_pricing_fixed_rules":[],"tiered_pricing_product_settings":{"layout":"default","base_unit_name":{"singular":null,"plural":null},"default_variation":null},"tiered_pricing_minimum_quantity":null,"tiered_pricing_roles_data":[],"tiered_pricing_percentage_rules":[],"_links":{"self":[{"href":"https:\/\/hilaturasegea.com\/ca\/wp-json\/wp\/v2\/product\/4292","targetHints":{"allow":["GET"]}}],"collection":[{"href":"https:\/\/hilaturasegea.com\/ca\/wp-json\/wp\/v2\/product"}],"about":[{"href":"https:\/\/hilaturasegea.com\/ca\/wp-json\/wp\/v2\/types\/product"}],"wp:featuredmedia":[{"embeddable":true,"href":"https:\/\/hilaturasegea.com\/ca\/wp-json\/wp\/v2\/media\/4290"}],"wp:attachment":[{"href":"https:\/\/hilaturasegea.com\/ca\/wp-json\/wp\/v2\/media?parent=4292"}],"wp:term":[{"taxonomy":"product_brand","embeddable":true,"href":"https:\/\/hilaturasegea.com\/ca\/wp-json\/wp\/v2\/product_brand?post=4292"},{"taxonomy":"product_cat","embeddable":true,"href":"https:\/\/hilaturasegea.com\/ca\/wp-json\/wp\/v2\/product_cat?post=4292"},{"taxonomy":"product_tag","embeddable":true,"href":"https:\/\/hilaturasegea.com\/ca\/wp-json\/wp\/v2\/product_tag?post=4292"}],"curies":[{"name":"wp","href":"https:\/\/api.w.org\/{rel}","templated":true}]}}