{"id":4314,"date":"2025-04-09T17:51:42","date_gmt":"2025-04-09T15:51:42","guid":{"rendered":"https:\/\/hilaturasegea.com\/?post_type=product&#038;p=4314"},"modified":"2025-05-19T18:07:00","modified_gmt":"2025-05-19T16:07:00","slug":"maquina-precinto-aplicador-manual-50-mm","status":"publish","type":"product","link":"https:\/\/hilaturasegea.com\/ca\/producte\/maquina-precinto-aplicador-manual-50-mm\/","title":{"rendered":"M\u00e0quina precinte aplicador manual 50 mm"},"content":{"rendered":"<p class=\"MsoNormal\" style=\"line-height:normal;\"><b><span style=\"font-size:13.5pt;font-family:Verdana, 'sans-serif';color:#000000;\">Caracter\u00edstiques:<\/span><\/b><\/p>\n<p class=\"MsoNormal\" style=\"line-height:normal;\"><span style=\"font-size:13.5pt;font-family:Verdana, 'sans-serif';color:#000000;\">Aplicador que es pot fer servir amb tot tipus de cinta adhesiva. Aquesta m\u00e0quina est\u00e0 dotada d&#039;un fre per aconseguir m\u00e9s tensi\u00f3 quan apliquem la cinta augmentant la qualitat del precintat. Especial per a cintes de 50 mm d&#039;amplada.<\/span>\u00a0<\/p>\n<p class=\"MsoNormal\" style=\"line-height:normal;\">\u00a0<\/p>\n<p class=\"MsoNormal\" style=\"line-height:normal;\"><b><span style=\"font-size:13.5pt;font-family:Verdana, 'sans-serif';color:#000000;\">Utilitats:<\/span><\/b><span style=\"font-size:8.5pt;font-family:Verdana, 'sans-serif';color:#000000;\"><\/span><\/p>\n<\/p>\n<p class=\"MsoNormal\" style=\"line-height:normal;\"><span style=\"font-size:13.5pt;font-family:Verdana, 'sans-serif';color:#000000;\">Agrupament, paletitzaci\u00f3 de mercaderies i caixes. Protecci\u00f3 de mobles, electrodom\u00e8stics, trasllat, emmagatzematge, etc.<\/span><\/p>","protected":false},"excerpt":{"rendered":"<p class=\"MsoNormal\" style=\"line-height:normal;\"><b><span style=\"text-decoration:underline;\"><span style=\"font-size:13.5pt;font-family:Verdana, 'sans-serif';color:#000000;\">Presentaci\u00f3:<\/span><\/span><\/b><span style=\"font-size:8.5pt;font-family:Verdana, 'sans-serif';color:#000000;\"><\/span><\/p>\n<\/p>\n<p class=\"MsoNormal\" style=\"line-height:normal;\"><span style=\"font-size:13.5pt;font-family:Verdana, 'sans-serif';color:#000000;\">Caixa de 1 unitat<\/span><\/p>","protected":false},"featured_media":4312,"template":"","meta":[],"product_brand":[],"product_cat":[981,1072,969],"product_tag":[],"class_list":{"0":"post-4314","1":"product","2":"type-product","3":"status-publish","4":"has-post-thumbnail","6":"product_cat-embalaje","7":"product_cat-maquina-de-precintar","8":"product_cat-carnicas","10":"first","11":"instock","12":"sale","13":"taxable","14":"shipping-taxable","15":"purchasable","16":"product-type-simple"},"tiered_pricing_type":"fixed","tiered_pricing_fixed_rules":[],"tiered_pricing_product_settings":{"layout":"default","base_unit_name":{"singular":null,"plural":null},"default_variation":null},"tiered_pricing_minimum_quantity":null,"tiered_pricing_roles_data":[],"tiered_pricing_percentage_rules":[],"_links":{"self":[{"href":"https:\/\/hilaturasegea.com\/ca\/wp-json\/wp\/v2\/product\/4314","targetHints":{"allow":["GET"]}}],"collection":[{"href":"https:\/\/hilaturasegea.com\/ca\/wp-json\/wp\/v2\/product"}],"about":[{"href":"https:\/\/hilaturasegea.com\/ca\/wp-json\/wp\/v2\/types\/product"}],"wp:featuredmedia":[{"embeddable":true,"href":"https:\/\/hilaturasegea.com\/ca\/wp-json\/wp\/v2\/media\/4312"}],"wp:attachment":[{"href":"https:\/\/hilaturasegea.com\/ca\/wp-json\/wp\/v2\/media?parent=4314"}],"wp:term":[{"taxonomy":"product_brand","embeddable":true,"href":"https:\/\/hilaturasegea.com\/ca\/wp-json\/wp\/v2\/product_brand?post=4314"},{"taxonomy":"product_cat","embeddable":true,"href":"https:\/\/hilaturasegea.com\/ca\/wp-json\/wp\/v2\/product_cat?post=4314"},{"taxonomy":"product_tag","embeddable":true,"href":"https:\/\/hilaturasegea.com\/ca\/wp-json\/wp\/v2\/product_tag?post=4314"}],"curies":[{"name":"wp","href":"https:\/\/api.w.org\/{rel}","templated":true}]}}