{"id":1316,"date":"2019-10-29T18:02:47","date_gmt":"2019-10-29T18:02:47","guid":{"rendered":"https:\/\/hilaturasegea.com\/index.php\/producto\/poliester-cuerda-plomada-multicolor\/"},"modified":"2025-05-19T17:55:48","modified_gmt":"2025-05-19T15:55:48","slug":"poliester-cuerda-plomada-multicolor","status":"publish","type":"product","link":"https:\/\/hilaturasegea.com\/en\/product\/poliester-cuerda-plomada-multicolor\/","title":{"rendered":"Polyester \/ Multicolor Plumb Rope"},"content":{"rendered":"<p><strong>COMPOSITION:<\/strong> Multi-color polyester.<\/p>\n<p><strong>CHARACTERISTICS:<\/strong> Reinforced outer braid, minimal elasticity, high resistance to friction and traction, ideal braid for outdoor use.<\/p>\n<p><strong>UTILITIES:<\/strong> Awnings (triangular, sliding, etc.), construction, gym, naval effects, raising and lowering flags, nautical, DIY, tents, agriculture, camping, livestock, moving, trailers, banners, etc.<\/p>\n<p style=\"text-align:center;\"><img fetchpriority=\"high\" decoding=\"async\" class=\"size-full wp-image-1313\" src=\"https:\/\/hilaturasegea.com\/wp-content\/uploads\/2019\/10\/PAGINA-12.jpg\" alt=\"\" width=\"723\" height=\"122\" srcset=\"https:\/\/hilaturasegea.com\/wp-content\/uploads\/2019\/10\/PAGINA-12.jpg 1664w, https:\/\/hilaturasegea.com\/wp-content\/uploads\/2019\/10\/PAGINA-12-600x101.jpg 600w, https:\/\/hilaturasegea.com\/wp-content\/uploads\/2019\/10\/PAGINA-12-300x51.jpg 300w, https:\/\/hilaturasegea.com\/wp-content\/uploads\/2019\/10\/PAGINA-12-1024x173.jpg 1024w, https:\/\/hilaturasegea.com\/wp-content\/uploads\/2019\/10\/PAGINA-12-768x130.jpg 768w, https:\/\/hilaturasegea.com\/wp-content\/uploads\/2019\/10\/PAGINA-12-1536x259.jpg 1536w\" sizes=\"(max-width: 723px) 100vw, 723px\" \/><\/p>\n<table class=\"MsoNormalTable\" border=\"1\" cellpadding=\"0\" width=\"367\" style=\"width:275pt;border:1pt solid;margin-left:auto;margin-right:auto;\">\n<thead>\n<tr style=\"height:19.95pt;\">\n<td style=\"border:dashed #BBBBBB 1pt;background:#C6D9F1;padding:0.75pt 0.75pt 0.75pt 0.75pt;height:19.95pt;\">\n<p class=\"MsoNormal\" align=\"center\" style=\"margin-bottom:0.0001pt;text-align:center;line-height:normal;\"><b><span style=\"font-size:8.5pt;font-family:Verdana, 'sans-serif';color:#000000;\">Diameter<\/span><\/b><\/p>\n<\/p>\n<p> <b><\/b><\/td>\n<td style=\"border:dashed #BBBBBB 1pt;background:#C6D9F1;padding:0.75pt 0.75pt 0.75pt 0.75pt;height:19.95pt;\">\n<p class=\"MsoNormal\" align=\"center\" style=\"margin-bottom:0.0001pt;text-align:center;line-height:normal;\"><b><span style=\"font-size:8.5pt;font-family:Verdana, 'sans-serif';color:#000000;\">Breaking Load<br \/>Approx. (kg)<\/span><\/b><\/p>\n<\/p>\n<p> <b><\/b><\/td>\n<td style=\"border:dashed #BBBBBB 1pt;background:#C6D9F1;padding:0.75pt 0.75pt 0.75pt 0.75pt;height:19.95pt;\">\n<p class=\"MsoNormal\" align=\"center\" style=\"margin-bottom:0.0001pt;text-align:center;line-height:normal;\"><b><span style=\"font-size:8.5pt;font-family:Verdana, 'sans-serif';color:#000000;\">Approx. Weight\u00a0<br \/>kg\/100 m<\/span><\/b><\/p>\n<\/p>\n<p> <b><\/b><\/td>\n<\/tr>\n<\/thead>\n<tbody>\n<tr style=\"height:10pt;\">\n<td style=\"border:dashed #BBBBBB 1pt;background:#D9D9D9;padding:0.75pt 0.75pt 0.75pt 0.75pt;height:10pt;\">\n<p class=\"MsoNormal\" align=\"center\" style=\"margin-bottom:0.0001pt;text-align:center;line-height:normal;\"><span style=\"font-size:8.5pt;font-family:Verdana, 'sans-serif';color:#000000;\">5 mm<\/span><\/p>\n<\/p>\n<\/td>\n<td style=\"border:dashed #BBBBBB 1pt;background:#D9D9D9;padding:0.75pt 0.75pt 0.75pt 0.75pt;height:10pt;\">\n<p class=\"MsoNormal\" align=\"center\" style=\"margin-bottom:0.0001pt;text-align:center;line-height:normal;\"><span style=\"font-size:8.5pt;font-family:Verdana, 'sans-serif';color:#000000;\">175<\/span><\/p>\n<\/p>\n<\/td>\n<td style=\"border:dashed #BBBBBB 1pt;background:#D9D9D9;padding:0.75pt 0.75pt 0.75pt 0.75pt;height:10pt;\">\n<p class=\"MsoNormal\" align=\"center\" style=\"margin-bottom:0.0001pt;text-align:center;line-height:normal;\"><span style=\"font-size:8.5pt;font-family:Verdana, 'sans-serif';color:#000000;\">2,00<\/span><\/p>\n<\/p>\n<\/td>\n<\/tr>\n<\/tbody>\n<\/table>","protected":false},"excerpt":{"rendered":"<p>COMPOSICI\u00d3N: Poli\u00e9ster multicolor. CARACTER\u00cdSTICAS: Trenzado exterior reforzado, m\u00ednima elasticidad, gran resistencia al roce, a la tracci\u00f3n, trenzado ideal para utilizarse al intemperie. UTILIDADES: Toldos (triangulares, corredizo, etc), construcci\u00f3n, gimnasio, efectos navales, izar y arriar banderas, n\u00e1utica, bricolaje, carpas, agricultura, camping, ganaderia, mudanzas, remolques, pancartas, etc. Di\u00e1metro Carga\u00a0RoturaAprox. (kg) Peso\u00a0Aprox.\u00a0kg\/100 m 5 mm 175 2,00<\/p>","protected":false},"featured_media":1305,"template":"","meta":[],"product_brand":[],"product_cat":[970,965,1056,1296],"product_tag":[],"class_list":{"0":"post-1316","1":"product","2":"type-product","3":"status-publish","4":"has-post-thumbnail","6":"product_cat-cordeleria","7":"product_cat-ferreteria","8":"product_cat-poliester-cordeleria","9":"product_cat-cuerda-plomada-multicolor","10":"pa_diametro-5mm","11":"pa_metraje-200m","13":"first","14":"instock","15":"sale","16":"taxable","17":"shipping-taxable","18":"purchasable","19":"product-type-variable","20":"has-default-attributes"},"tiered_pricing_type":"fixed","tiered_pricing_fixed_rules":[],"tiered_pricing_product_settings":{"layout":"default","base_unit_name":{"singular":null,"plural":null},"default_variation":null},"tiered_pricing_minimum_quantity":null,"tiered_pricing_roles_data":[],"tiered_pricing_percentage_rules":[],"_links":{"self":[{"href":"https:\/\/hilaturasegea.com\/en\/wp-json\/wp\/v2\/product\/1316","targetHints":{"allow":["GET"]}}],"collection":[{"href":"https:\/\/hilaturasegea.com\/en\/wp-json\/wp\/v2\/product"}],"about":[{"href":"https:\/\/hilaturasegea.com\/en\/wp-json\/wp\/v2\/types\/product"}],"wp:featuredmedia":[{"embeddable":true,"href":"https:\/\/hilaturasegea.com\/en\/wp-json\/wp\/v2\/media\/1305"}],"wp:attachment":[{"href":"https:\/\/hilaturasegea.com\/en\/wp-json\/wp\/v2\/media?parent=1316"}],"wp:term":[{"taxonomy":"product_brand","embeddable":true,"href":"https:\/\/hilaturasegea.com\/en\/wp-json\/wp\/v2\/product_brand?post=1316"},{"taxonomy":"product_cat","embeddable":true,"href":"https:\/\/hilaturasegea.com\/en\/wp-json\/wp\/v2\/product_cat?post=1316"},{"taxonomy":"product_tag","embeddable":true,"href":"https:\/\/hilaturasegea.com\/en\/wp-json\/wp\/v2\/product_tag?post=1316"}],"curies":[{"name":"wp","href":"https:\/\/api.w.org\/{rel}","templated":true}]}}