{"id":1790,"date":"2019-10-29T18:49:42","date_gmt":"2019-10-29T18:49:42","guid":{"rendered":"https:\/\/hilaturasegea.com\/index.php\/producto\/poliamida-semiestatica-cuerda-de-vidaanticaida\/"},"modified":"2025-06-13T13:06:14","modified_gmt":"2025-06-13T11:06:14","slug":"poliamida-semiestatica-cuerda-de-vidaanticaida","status":"publish","type":"product","link":"https:\/\/hilaturasegea.com\/en\/product\/poliamida-semiestatica-cuerda-de-vidaanticaida\/","title":{"rendered":"Polyamide \/ Semi-static \u2013 Lifeline\/Fall arrester"},"content":{"rendered":"<p><em>Other thicknesses and colors Consult!<\/em><\/p>\n<p><strong>COMPOSITION:<\/strong> Synthetic fiber 100 % Polyamide.<\/p>\n<p><strong>CHARACTERISTICS:<\/strong> Type A. EN 1891:1998, shelf life 10 years under optimal storage conditions.<\/p>\n<p><strong>UTILITIES:<\/strong> It&#039;s primarily used for rope access, for working while suspended. This rope is highly sought after in canyoning, caving, rescue, and other applications.<\/p>\n<p style=\"text-align: center;\"><img fetchpriority=\"high\" decoding=\"async\" class=\"size-full wp-image-1788\" src=\"https:\/\/hilaturasegea.com\/wp-content\/uploads\/2019\/10\/PAGINA-17.jpg\" alt=\"\" width=\"723\" height=\"111\" srcset=\"https:\/\/hilaturasegea.com\/wp-content\/uploads\/2019\/10\/PAGINA-17.jpg 1834w, https:\/\/hilaturasegea.com\/wp-content\/uploads\/2019\/10\/PAGINA-17-600x92.jpg 600w, https:\/\/hilaturasegea.com\/wp-content\/uploads\/2019\/10\/PAGINA-17-300x46.jpg 300w, https:\/\/hilaturasegea.com\/wp-content\/uploads\/2019\/10\/PAGINA-17-1024x157.jpg 1024w, https:\/\/hilaturasegea.com\/wp-content\/uploads\/2019\/10\/PAGINA-17-768x118.jpg 768w, https:\/\/hilaturasegea.com\/wp-content\/uploads\/2019\/10\/PAGINA-17-1536x235.jpg 1536w\" sizes=\"(max-width: 723px) 100vw, 723px\" \/><\/p>\n<table class=\"MsoNormalTable\" style=\"width: 182.75pt; border: 1pt solid; margin-left: auto; margin-right: auto;\" border=\"1\" width=\"244\" cellpadding=\"0\">\n<thead>\n<tr style=\"height: 23.2pt;\">\n<td style=\"border: dashed #BBBBBB 1pt; background: #C6D9F1; padding: 0.75pt 0.75pt 0.75pt 0.75pt; height: 23.2pt;\">\n<p class=\"MsoNormal\" style=\"margin-bottom: 0.0001pt; text-align: center; line-height: normal;\" align=\"center\"><b><span style=\"font-size: 8.5pt; font-family: Verdana, 'sans-serif'; color: #000000;\">Diameter<\/span><\/b><\/p>\n<\/td>\n<td style=\"border: dashed #BBBBBB 1pt; background: #C6D9F1; padding: 0.75pt 0.75pt 0.75pt 0.75pt; height: 23.2pt;\">\n<p class=\"MsoNormal\" style=\"margin-bottom: 0.0001pt; text-align: center; line-height: normal;\" align=\"center\"><b><span style=\"font-size: 8.5pt; font-family: Verdana, 'sans-serif'; color: #000000;\">Approx. Weight<br \/>\nkg\/100 m<\/span><\/b><\/p>\n<\/td>\n<\/tr>\n<\/thead>\n<tbody>\n<tr style=\"height: 11.6pt;\">\n<td style=\"border: dashed #BBBBBB 1pt; background: #D9D9D9; padding: 0.75pt 0.75pt 0.75pt 0.75pt; height: 11.6pt;\">\n<p class=\"MsoNormal\" style=\"margin-bottom: 0.0001pt; text-align: center; line-height: normal;\" align=\"center\"><span style=\"font-size: 8.5pt; font-family: Verdana, 'sans-serif'; color: #000000;\">10.5 mm<\/span><\/p>\n<\/td>\n<td style=\"border: dashed #BBBBBB 1pt; background: #D9D9D9; padding: 0.75pt 0.75pt 0.75pt 0.75pt; height: 11.6pt;\">\n<p class=\"MsoNormal\" style=\"margin-bottom: 0.0001pt; text-align: center; line-height: normal;\" align=\"center\"><span style=\"font-size: 8.5pt; font-family: Verdana, 'sans-serif'; color: #000000;\">7,00<\/span><\/p>\n<\/td>\n<\/tr>\n<\/tbody>\n<\/table>","protected":false},"excerpt":{"rendered":"<p>Otros grosores y colores \u00a1Consultar! COMPOSICI\u00d3N: Fibra sint\u00e9tica 100 % Poliamida. CARACTER\u00cdSTICAS: Tipo A. EN 1891:1998, vida \u00fatil 10 a\u00f1os en condiciones \u00f3ptimas de almacenamiento. UTILIDADES: Principalmente se emplea en trabajos verticales, para trabajar suspendida de ella. Cuerda muy demandada en barranquismo, espeleolog\u00eda, rescate, etc. Di\u00e1metro Peso Aprox. kg\/100 m 10.5 mm 7,00<\/p>","protected":false},"featured_media":1780,"template":"","meta":[],"product_brand":[],"product_cat":[970,973,965,1013,1189,966,1055,1312],"product_tag":[],"class_list":{"0":"post-1790","1":"product","2":"type-product","3":"status-publish","4":"has-post-thumbnail","6":"product_cat-cordeleria","7":"product_cat-cordeleria-construccion","8":"product_cat-ferreteria","9":"product_cat-poliamida","10":"product_cat-semiestatica-cuerda-de-vidaanticaida-poliamida","11":"product_cat-construccion","12":"product_cat-poliamida-cordeleria","13":"product_cat-semiestatica-cuerda-de-vidaanticaida-poliamida-cordeleria","14":"pa_colorsemiestatica-blanco","15":"pa_colorsemiestatica-rojo","16":"pa_grosorsemiestatica-10_5mm","17":"pa_metrajesemiestatica-100m","19":"first","20":"instock","21":"sale","22":"taxable","23":"shipping-taxable","24":"purchasable","25":"product-type-variable"},"tiered_pricing_type":"fixed","tiered_pricing_fixed_rules":[],"tiered_pricing_product_settings":{"layout":"default","base_unit_name":{"singular":null,"plural":null},"default_variation":null},"tiered_pricing_minimum_quantity":null,"tiered_pricing_roles_data":[],"tiered_pricing_percentage_rules":[],"_links":{"self":[{"href":"https:\/\/hilaturasegea.com\/en\/wp-json\/wp\/v2\/product\/1790","targetHints":{"allow":["GET"]}}],"collection":[{"href":"https:\/\/hilaturasegea.com\/en\/wp-json\/wp\/v2\/product"}],"about":[{"href":"https:\/\/hilaturasegea.com\/en\/wp-json\/wp\/v2\/types\/product"}],"wp:featuredmedia":[{"embeddable":true,"href":"https:\/\/hilaturasegea.com\/en\/wp-json\/wp\/v2\/media\/1780"}],"wp:attachment":[{"href":"https:\/\/hilaturasegea.com\/en\/wp-json\/wp\/v2\/media?parent=1790"}],"wp:term":[{"taxonomy":"product_brand","embeddable":true,"href":"https:\/\/hilaturasegea.com\/en\/wp-json\/wp\/v2\/product_brand?post=1790"},{"taxonomy":"product_cat","embeddable":true,"href":"https:\/\/hilaturasegea.com\/en\/wp-json\/wp\/v2\/product_cat?post=1790"},{"taxonomy":"product_tag","embeddable":true,"href":"https:\/\/hilaturasegea.com\/en\/wp-json\/wp\/v2\/product_tag?post=1790"}],"curies":[{"name":"wp","href":"https:\/\/api.w.org\/{rel}","templated":true}]}}