{"id":2198,"date":"2019-10-30T15:17:34","date_gmt":"2019-10-30T15:17:34","guid":{"rendered":"https:\/\/hilaturasegea.com\/index.php\/producto\/polietileno-cordon-4-cabos\/"},"modified":"2025-06-13T13:00:47","modified_gmt":"2025-06-13T11:00:47","slug":"polietileno-cordon-4-cabos","status":"publish","type":"product","link":"https:\/\/hilaturasegea.com\/en\/product\/polietileno-cordon-4-cabos\/","title":{"rendered":"Polyethylene \/ 4-strand cord"},"content":{"rendered":"<p><strong>COMPOSITION:<\/strong> 100 % synthetic fiber made of high-density polyethylene monofilaments.<\/p>\n<p><strong>CHARACTERISTICS:<\/strong> Water resistant, has buoyancy, minimal elasticity, resistant to friction and bending.<\/p>\n<p><strong>UTILITIES:<\/strong> Blinds, clotheslines, awnings, fencing, construction, gyms, naval effects, banners, camping, multiple applications, etc.<\/p>\n<table class=\"MsoNormalTable\" style=\"width: 201pt; border: 1pt solid; margin-left: auto; margin-right: auto;\" border=\"1\" width=\"268\" cellpadding=\"0\">\n<thead>\n<tr style=\"height: 29.85pt;\">\n<td style=\"border: dashed #BBBBBB 1pt; background: #C6D9F1; padding: 0.75pt 0.75pt 0.75pt 0.75pt; height: 29.85pt;\">\n<p class=\"MsoNormal\" style=\"margin-bottom: 0.0001pt; text-align: center; line-height: normal;\" align=\"center\"><b><span style=\"font-size: 8.5pt; font-family: Verdana, 'sans-serif'; color: #000000;\">Diameter<\/span><\/b><\/p>\n<\/td>\n<td style=\"border: dashed #BBBBBB 1pt; background: #C6D9F1; padding: 0.75pt 0.75pt 0.75pt 0.75pt; height: 29.85pt;\">\n<p class=\"MsoNormal\" style=\"margin-bottom: 0.0001pt; text-align: center; line-height: normal;\" align=\"center\"><b><span style=\"font-size: 8.5pt; font-family: Verdana, 'sans-serif'; color: #000000;\">Breaking Load<br \/>\nApprox. (kg)<\/span><\/b><\/p>\n<\/td>\n<td style=\"border: dashed #BBBBBB 1pt; background: #C6D9F1; padding: 0.75pt 0.75pt 0.75pt 0.75pt; height: 29.85pt;\">\n<p class=\"MsoNormal\" style=\"margin-bottom: 0.0001pt; text-align: center; line-height: normal;\" align=\"center\"><b><span style=\"font-size: 8.5pt; font-family: Verdana, 'sans-serif'; color: #000000;\">Approx. Weight<br \/>\nkg\/100 m<\/span><\/b><\/p>\n<\/td>\n<\/tr>\n<\/thead>\n<tbody>\n<tr style=\"height: 21.3pt;\">\n<td style=\"border: dashed #BBBBBB 1pt; background: #D9D9D9; padding: 0.75pt 0.75pt 0.75pt 0.75pt; height: 21.3pt;\">\n<p class=\"MsoNormal\" style=\"margin-bottom: 0.0001pt; text-align: center; line-height: normal;\" align=\"center\"><span style=\"font-size: 8.5pt; font-family: Verdana, 'sans-serif'; color: #000000;\">5 mm<\/span><\/p>\n<\/td>\n<td style=\"border: dashed #BBBBBB 1pt; background: #D9D9D9; padding: 0.75pt 0.75pt 0.75pt 0.75pt; height: 21.3pt;\">\n<p class=\"MsoNormal\" style=\"margin-bottom: 0.0001pt; text-align: center; line-height: normal;\" align=\"center\"><span style=\"font-size: 8.5pt; font-family: Verdana, 'sans-serif'; color: #000000;\">260<\/span><\/p>\n<\/td>\n<td style=\"border: dashed #BBBBBB 1pt; background: #D9D9D9; padding: 0.75pt 0.75pt 0.75pt 0.75pt; height: 21.3pt;\">\n<p class=\"MsoNormal\" style=\"margin-bottom: 0.0001pt; text-align: center; line-height: normal;\" align=\"center\"><span style=\"font-size: 8.5pt; font-family: Verdana, 'sans-serif'; color: #000000;\">1,10<\/span><\/p>\n<\/td>\n<\/tr>\n<\/tbody>\n<\/table>","protected":false},"excerpt":{"rendered":"<p>COMPOSICI\u00d3N: Fibra 100 % sint\u00e9tica de monofilamentos de polietileno alta densidad. CARACTER\u00cdSTICAS: Resistente al agua, posee flotabilidad, m\u00ednima elasticidad, resistente al roce y a la flexi\u00f3n. UTILIDADES: Persianas, tendederos, toldos, cercados, construcci\u00f3n, gimnasios, efectos navales, pancartas, camping, m\u00faltiples aplicaciones, etc. Di\u00e1metro Carga Rotura Aprox. (kg) Peso Aprox. kg\/100 m 5 mm 260 1,10<\/p>","protected":false},"featured_media":2190,"template":"","meta":[],"product_brand":[],"product_cat":[970,965,1278,1058],"product_tag":[],"class_list":{"0":"post-2198","1":"product","2":"type-product","3":"status-publish","4":"has-post-thumbnail","6":"product_cat-cordeleria","7":"product_cat-ferreteria","8":"product_cat-cordon-4-cabos","9":"product_cat-polietileno-cordeleria","10":"pa_color-blanco","11":"pa_color-verde","12":"pa_diametro-5mm","13":"pa_metraje-100m","14":"pa_metraje-200m","15":"pa_presentacion-bobina","16":"pa_presentacion-carrete","18":"first","19":"instock","20":"sale","21":"taxable","22":"shipping-taxable","23":"purchasable","24":"product-type-variable"},"tiered_pricing_type":"fixed","tiered_pricing_fixed_rules":[],"tiered_pricing_product_settings":{"layout":"default","base_unit_name":{"singular":null,"plural":null},"default_variation":null},"tiered_pricing_minimum_quantity":null,"tiered_pricing_roles_data":[],"tiered_pricing_percentage_rules":[],"_links":{"self":[{"href":"https:\/\/hilaturasegea.com\/en\/wp-json\/wp\/v2\/product\/2198","targetHints":{"allow":["GET"]}}],"collection":[{"href":"https:\/\/hilaturasegea.com\/en\/wp-json\/wp\/v2\/product"}],"about":[{"href":"https:\/\/hilaturasegea.com\/en\/wp-json\/wp\/v2\/types\/product"}],"wp:featuredmedia":[{"embeddable":true,"href":"https:\/\/hilaturasegea.com\/en\/wp-json\/wp\/v2\/media\/2190"}],"wp:attachment":[{"href":"https:\/\/hilaturasegea.com\/en\/wp-json\/wp\/v2\/media?parent=2198"}],"wp:term":[{"taxonomy":"product_brand","embeddable":true,"href":"https:\/\/hilaturasegea.com\/en\/wp-json\/wp\/v2\/product_brand?post=2198"},{"taxonomy":"product_cat","embeddable":true,"href":"https:\/\/hilaturasegea.com\/en\/wp-json\/wp\/v2\/product_cat?post=2198"},{"taxonomy":"product_tag","embeddable":true,"href":"https:\/\/hilaturasegea.com\/en\/wp-json\/wp\/v2\/product_tag?post=2198"}],"curies":[{"name":"wp","href":"https:\/\/api.w.org\/{rel}","templated":true}]}}