{"id":2774,"date":"2019-10-30T15:58:16","date_gmt":"2019-10-30T15:58:16","guid":{"rendered":"https:\/\/hilaturasegea.com\/index.php\/producto\/sisal\/"},"modified":"2025-06-13T11:59:11","modified_gmt":"2025-06-13T09:59:11","slug":"sisal","status":"publish","type":"product","link":"https:\/\/hilaturasegea.com\/en\/product\/sisal\/","title":{"rendered":"Sisal"},"content":{"rendered":"<p><em>Hanger (Optional)<\/em><\/p>\n<p><strong>COMPOSITION:<\/strong> Sisal fiber 100 % vegetable, ecological and biodegradable.<\/p>\n<p><strong>CHARACTERISTICS:<\/strong> High resistance to friction, tensile strength, and knot security. Zero elasticity.<\/p>\n<p><strong>UTILITIES:<\/strong> Packaging, gardening, DIY, nurseries and greenhouses, crafts, agriculture, etc.<\/p>\n<table class=\"MsoNormalTable\" style=\"width: 170.35pt; border: 1pt solid; margin-left: auto; margin-right: auto;\" border=\"1\" width=\"227\" cellpadding=\"0\">\n<thead>\n<tr style=\"height: 9.7pt;\">\n<td style=\"width: 59.4pt; border: dashed #BBBBBB 1pt; background: #C6D9F1; padding: 0.75pt 0.75pt 0.75pt 0.75pt; height: 9.7pt;\" width=\"79\">\n<p class=\"MsoNormal\" style=\"margin-bottom: 0.0001pt; text-align: center; line-height: normal;\" align=\"center\"><b><span style=\"font-size: 8.5pt; font-family: Verdana, 'sans-serif'; color: #000000;\">Reference <\/span><\/b><\/p>\n<p>&nbsp;<\/td>\n<td style=\"border: dashed #BBBBBB 1pt; background: #C6D9F1; padding: 0.75pt 0.75pt 0.75pt 0.75pt; height: 9.7pt;\">\n<p class=\"MsoNormal\" style=\"margin-bottom: 0.0001pt; text-align: center; line-height: normal;\" align=\"center\"><b><span style=\"font-size: 8.5pt; font-family: Verdana, 'sans-serif'; color: #000000;\">Approx. Breaking Load (kg)<\/span><\/b><\/p>\n<p>&nbsp;<\/td>\n<\/tr>\n<\/thead>\n<tbody>\n<tr style=\"height: 10.5pt;\">\n<td style=\"width: 59.4pt; border: dashed #BBBBBB 1pt; background: #D9D9D9; padding: 0.75pt 0.75pt 0.75pt 0.75pt; height: 10.5pt;\" width=\"79\">\n<p class=\"MsoNormal\" style=\"margin-bottom: 0.0001pt; text-align: center; line-height: normal;\" align=\"center\"><span style=\"font-size: 8.5pt; font-family: Verdana, 'sans-serif'; color: #000000;\">2 Capes<\/span><\/p>\n<\/td>\n<td style=\"border: dashed #BBBBBB 1pt; background: #D9D9D9; padding: 0.75pt 0.75pt 0.75pt 0.75pt; height: 10.5pt;\">\n<p class=\"MsoNormal\" style=\"margin-bottom: 0.0001pt; text-align: center; line-height: normal;\" align=\"center\"><span style=\"font-size: 8.5pt; font-family: Verdana, 'sans-serif'; color: #000000;\">87<\/span><\/p>\n<\/td>\n<\/tr>\n<tr style=\"height: 10.5pt;\">\n<td style=\"width: 59.4pt; border: dashed #BBBBBB 1pt; padding: 0.75pt 0.75pt 0.75pt 0.75pt; height: 10.5pt;\" width=\"79\">\n<p class=\"MsoNormal\" style=\"margin-bottom: 0.0001pt; text-align: center; line-height: normal;\" align=\"center\"><span style=\"font-size: 8.5pt; font-family: Verdana, 'sans-serif'; color: #000000;\">3 Capes<\/span><\/p>\n<\/td>\n<td style=\"border: dashed #BBBBBB 1pt; padding: 0.75pt 0.75pt 0.75pt 0.75pt; height: 10.5pt;\">\n<p class=\"MsoNormal\" style=\"margin-bottom: 0.0001pt; text-align: center; line-height: normal;\" align=\"center\"><span style=\"font-size: 8.5pt; font-family: Verdana, 'sans-serif'; color: #000000;\">135<\/span><\/p>\n<\/td>\n<\/tr>\n<\/tbody>\n<\/table>","protected":false},"excerpt":{"rendered":"<p>Colgador (Opcional) COMPOSICI\u00d3N: Fibra de Sisal 100 % vegetal, ecol\u00f3gico y biodegradable. CARACTER\u00cdSTICAS: Gran resistencia al roce, a la tracci\u00f3n y seguridad en el nudo. Elasticidad nula. UTILIDADES: Paqueter\u00eda, jardiner\u00eda, bricolaje, viveros e invernaderos, trabajos manuales, agricultura, etc. Referencia &nbsp; Carga Rotura \u00a0\u00a0\u00a0\u00a0\u00a0\u00a0\u00a0Aprox. (kg) &nbsp; 2 Cabos 87 3 Cabos 135<\/p>","protected":false},"featured_media":2772,"template":"","meta":[],"product_brand":[],"product_cat":[993,965,1166,982],"product_tag":[],"class_list":{"0":"post-2774","1":"product","2":"type-product","3":"status-publish","4":"has-post-thumbnail","6":"product_cat-bobinas","7":"product_cat-ferreteria","8":"product_cat-sisal-bobinas-blister","9":"product_cat-blister","10":"pa_pack-6unidades","11":"pa_peso-100g","12":"pa_peso-200g","13":"pa_presentacion-bobina","14":"pa_referencia-n34_2cabos","15":"pa_referencia-n34_3cabos","17":"first","18":"instock","19":"sale","20":"taxable","21":"shipping-taxable","22":"purchasable","23":"product-type-variable"},"tiered_pricing_type":"fixed","tiered_pricing_fixed_rules":[],"tiered_pricing_product_settings":{"layout":"default","base_unit_name":{"singular":null,"plural":null},"default_variation":null},"tiered_pricing_minimum_quantity":null,"tiered_pricing_roles_data":[],"tiered_pricing_percentage_rules":[],"_links":{"self":[{"href":"https:\/\/hilaturasegea.com\/en\/wp-json\/wp\/v2\/product\/2774","targetHints":{"allow":["GET"]}}],"collection":[{"href":"https:\/\/hilaturasegea.com\/en\/wp-json\/wp\/v2\/product"}],"about":[{"href":"https:\/\/hilaturasegea.com\/en\/wp-json\/wp\/v2\/types\/product"}],"wp:featuredmedia":[{"embeddable":true,"href":"https:\/\/hilaturasegea.com\/en\/wp-json\/wp\/v2\/media\/2772"}],"wp:attachment":[{"href":"https:\/\/hilaturasegea.com\/en\/wp-json\/wp\/v2\/media?parent=2774"}],"wp:term":[{"taxonomy":"product_brand","embeddable":true,"href":"https:\/\/hilaturasegea.com\/en\/wp-json\/wp\/v2\/product_brand?post=2774"},{"taxonomy":"product_cat","embeddable":true,"href":"https:\/\/hilaturasegea.com\/en\/wp-json\/wp\/v2\/product_cat?post=2774"},{"taxonomy":"product_tag","embeddable":true,"href":"https:\/\/hilaturasegea.com\/en\/wp-json\/wp\/v2\/product_tag?post=2774"}],"curies":[{"name":"wp","href":"https:\/\/api.w.org\/{rel}","templated":true}]}}