{"id":2978,"date":"2019-11-04T12:41:40","date_gmt":"2019-11-04T12:41:40","guid":{"rendered":"https:\/\/hilaturasegea.com\/index.php\/producto\/algodon-ovillo-hilo-matanzareplanteo-atirantar\/"},"modified":"2025-06-13T11:56:59","modified_gmt":"2025-06-13T09:56:59","slug":"algodon-ovillo-hilo-matanzareplanteo-atirantar","status":"publish","type":"product","link":"https:\/\/hilaturasegea.com\/en\/product\/algodon-ovillo-hilo-matanzareplanteo-atirantar\/","title":{"rendered":"Cotton \/ Slaughter\/Staking Thread Ball \u2013 Tirantar"},"content":{"rendered":"<p><strong>PRESENTATION:<\/strong> Individual bag with top closure and European drill.<\/p>\n<p><strong>COMPOSITION:<\/strong> 100% Cotton Fiber % ecological and biodegradable.<\/p>\n<p><strong>CHARACTERISTICS:<\/strong> Multi-strand twisted thread. Secure knot. Soft and flexible to the touch.<\/p>\n<p><strong>UTILITIES:<\/strong> In construction, as rulers and plumb lines. In crafts, such as warp thread, handicrafts, saddlery, upholstery, gardening, floristry, toy making, sausage making, etc.<\/p>","protected":false},"excerpt":{"rendered":"<p>PRESENTACI\u00d3N: Bolsa individual con cierre parte superior y taladro europeo. COMPOSICI\u00d3N: Fibra de Algod\u00f3n 100 % ecol\u00f3gica y biodegradable. CARACTER\u00cdSTICAS: Hilo torcido a varios cabos. Seguridad en el nudo. Tacto suave y flexible. UTILIDADES: En la construcci\u00f3n como tiral\u00edneas y plomadas. En manualidades como hilo de urdimbre, trabajos manuales, guarnicioner\u00eda, tapicer\u00eda, jardiner\u00eda, floristeria, jugueteria, elaboraci\u00f3n [&hellip;]<\/p>","protected":false},"featured_media":2976,"template":"","meta":[],"product_brand":[],"product_cat":[1152,993,965,1345,982],"product_tag":[],"class_list":{"0":"post-2978","1":"product","2":"type-product","3":"status-publish","4":"has-post-thumbnail","6":"product_cat-algodon-bobinas-blister","7":"product_cat-bobinas","8":"product_cat-ferreteria","9":"product_cat-ovillo-hilo-matanzareplanteo-atirantar","10":"product_cat-blister","11":"pa_color-blanco","12":"pa_color-rojo","13":"pa_metraje-45munidadaproximados","14":"pa_pack-6packx2ovillos","15":"pa_peso-25g","17":"first","18":"instock","19":"sale","20":"taxable","21":"shipping-taxable","22":"purchasable","23":"product-type-variable"},"tiered_pricing_type":"fixed","tiered_pricing_fixed_rules":[],"tiered_pricing_product_settings":{"layout":"default","base_unit_name":{"singular":null,"plural":null},"default_variation":null},"tiered_pricing_minimum_quantity":null,"tiered_pricing_roles_data":[],"tiered_pricing_percentage_rules":[],"_links":{"self":[{"href":"https:\/\/hilaturasegea.com\/en\/wp-json\/wp\/v2\/product\/2978","targetHints":{"allow":["GET"]}}],"collection":[{"href":"https:\/\/hilaturasegea.com\/en\/wp-json\/wp\/v2\/product"}],"about":[{"href":"https:\/\/hilaturasegea.com\/en\/wp-json\/wp\/v2\/types\/product"}],"wp:featuredmedia":[{"embeddable":true,"href":"https:\/\/hilaturasegea.com\/en\/wp-json\/wp\/v2\/media\/2976"}],"wp:attachment":[{"href":"https:\/\/hilaturasegea.com\/en\/wp-json\/wp\/v2\/media?parent=2978"}],"wp:term":[{"taxonomy":"product_brand","embeddable":true,"href":"https:\/\/hilaturasegea.com\/en\/wp-json\/wp\/v2\/product_brand?post=2978"},{"taxonomy":"product_cat","embeddable":true,"href":"https:\/\/hilaturasegea.com\/en\/wp-json\/wp\/v2\/product_cat?post=2978"},{"taxonomy":"product_tag","embeddable":true,"href":"https:\/\/hilaturasegea.com\/en\/wp-json\/wp\/v2\/product_tag?post=2978"}],"curies":[{"name":"wp","href":"https:\/\/api.w.org\/{rel}","templated":true}]}}