{"id":2987,"date":"2019-11-04T12:44:16","date_gmt":"2019-11-04T12:44:16","guid":{"rendered":"https:\/\/hilaturasegea.com\/index.php\/producto\/yute-bobina-blister\/"},"modified":"2025-06-13T11:56:29","modified_gmt":"2025-06-13T09:56:29","slug":"yute-bobina-blister","status":"publish","type":"product","link":"https:\/\/hilaturasegea.com\/en\/product\/yute-bobina-blister\/","title":{"rendered":"Jute No. 6 \u2013 2 Strands"},"content":{"rendered":"<p><em>Hanger (Optional) <\/em><\/p>\n<p><strong>COMPOSITION:<\/strong> Jute fiber 100 % vegetable, ecological and biodegradable.<\/p>\n<p><strong>CHARACTERISTICS:<\/strong> 2-ply twisted thread, soft to the touch, light, flexible and secure in the knot.<\/p>\n<p><strong>UTILITIES:<\/strong> Packaging, toy making, DIY, sausage tying, crafts, pepper stringing, gardening, upholstery, multiple applications, etc.<\/p>","protected":false},"excerpt":{"rendered":"<p>Colgador (Opcional) COMPOSICI\u00d3N: Fibra de Yute 100 % vegetal, ecol\u00f3gica y biodegradable. CARACTER\u00cdSTICAS: Hilo torcido 2 cabos, suave al tacto, ligero,flexible y seguridad en el nudo. UTILIDADES: Paqueter\u00eda, jugueter\u00eda, bricolaje, atado de embutido, trabajos manuales, ristras de pimientos, jardiner\u00eda, tapicer\u00eda, m\u00faltiples aplicaciones, etc.<\/p>","protected":false},"featured_media":2985,"template":"","meta":[],"product_brand":[],"product_cat":[993,965,1168,982],"product_tag":[],"class_list":{"0":"post-2987","1":"product","2":"type-product","3":"status-publish","4":"has-post-thumbnail","6":"product_cat-bobinas","7":"product_cat-ferreteria","8":"product_cat-yute-bobinas-blister","9":"product_cat-blister","10":"pa_pack-6bobinas","11":"pa_peso-50g","12":"pa_peso-100g","13":"pa_peso-200g","15":"first","16":"instock","17":"sale","18":"taxable","19":"shipping-taxable","20":"purchasable","21":"product-type-variable"},"tiered_pricing_type":"fixed","tiered_pricing_fixed_rules":[],"tiered_pricing_product_settings":{"layout":"default","base_unit_name":{"singular":null,"plural":null},"default_variation":null},"tiered_pricing_minimum_quantity":null,"tiered_pricing_roles_data":[],"tiered_pricing_percentage_rules":[],"_links":{"self":[{"href":"https:\/\/hilaturasegea.com\/en\/wp-json\/wp\/v2\/product\/2987","targetHints":{"allow":["GET"]}}],"collection":[{"href":"https:\/\/hilaturasegea.com\/en\/wp-json\/wp\/v2\/product"}],"about":[{"href":"https:\/\/hilaturasegea.com\/en\/wp-json\/wp\/v2\/types\/product"}],"wp:featuredmedia":[{"embeddable":true,"href":"https:\/\/hilaturasegea.com\/en\/wp-json\/wp\/v2\/media\/2985"}],"wp:attachment":[{"href":"https:\/\/hilaturasegea.com\/en\/wp-json\/wp\/v2\/media?parent=2987"}],"wp:term":[{"taxonomy":"product_brand","embeddable":true,"href":"https:\/\/hilaturasegea.com\/en\/wp-json\/wp\/v2\/product_brand?post=2987"},{"taxonomy":"product_cat","embeddable":true,"href":"https:\/\/hilaturasegea.com\/en\/wp-json\/wp\/v2\/product_cat?post=2987"},{"taxonomy":"product_tag","embeddable":true,"href":"https:\/\/hilaturasegea.com\/en\/wp-json\/wp\/v2\/product_tag?post=2987"}],"curies":[{"name":"wp","href":"https:\/\/api.w.org\/{rel}","templated":true}]}}