{"id":3277,"date":"2019-11-04T13:31:50","date_gmt":"2019-11-04T13:31:50","guid":{"rendered":"https:\/\/hilaturasegea.com\/index.php\/producto\/algodon-mecha-para-antorchas-blister\/"},"modified":"2025-06-13T15:08:50","modified_gmt":"2025-06-13T13:08:50","slug":"algodon-mecha-para-antorchas-blister","status":"publish","type":"product","link":"https:\/\/hilaturasegea.com\/en\/product\/algodon-mecha-para-antorchas-blister\/","title":{"rendered":"Cotton \/ Torch Wick"},"content":{"rendered":"<p><strong>PRESENTATION:<\/strong> In individual transparent polyethylene bag with zip closure and built-in European drill.<\/p>\n<p><strong>COMPOSITION:<\/strong> 9mm thick braided wick, made of 100% white % cotton, containing a special absorbent fiber inside that facilitates the absorption of liquid and reduces the amount of smoke.<\/p>\n<p><strong>UTILITIES:<\/strong> Wick designed for liquid wax, alcohol, etc.<\/p>","protected":false},"excerpt":{"rendered":"<p>PRESENTACI\u00d3N: En bolsa transparente de polietileno individual con cierre zip y taladro europeo incorporado. COMPOSICI\u00d3N: Mecha trenzada de 9mm de grosor, fabricada en Algod\u00f3n 100 % blanco, conteniendo en su interior una fibra especial absorvente que facilita la absorci\u00f3n del l\u00edquido y reduce la cantidad de humo. UTILIDADES: Mecha dise\u00f1ada para cera l\u00edquida, alcohol, etc.<\/p>","protected":false},"featured_media":3275,"template":"","meta":[],"product_brand":[],"product_cat":[1170,965,994,1354,982],"product_tag":[],"class_list":{"0":"post-3277","1":"product","2":"type-product","3":"status-publish","4":"has-post-thumbnail","6":"product_cat-algodon-madejas-blister","7":"product_cat-ferreteria","8":"product_cat-madejas","9":"product_cat-mecha-para-antorchas","10":"product_cat-blister","11":"pa_color-blanco","12":"pa_diametro-9mm","13":"pa_metraje-25cm","14":"pa_pack-4unidades","15":"pa_presentacion-4pack","17":"first","18":"instock","19":"sale","20":"taxable","21":"shipping-taxable","22":"purchasable","23":"product-type-variable"},"tiered_pricing_type":"fixed","tiered_pricing_fixed_rules":[],"tiered_pricing_product_settings":{"layout":"default","base_unit_name":{"singular":null,"plural":null},"default_variation":null},"tiered_pricing_minimum_quantity":null,"tiered_pricing_roles_data":[],"tiered_pricing_percentage_rules":[],"_links":{"self":[{"href":"https:\/\/hilaturasegea.com\/en\/wp-json\/wp\/v2\/product\/3277","targetHints":{"allow":["GET"]}}],"collection":[{"href":"https:\/\/hilaturasegea.com\/en\/wp-json\/wp\/v2\/product"}],"about":[{"href":"https:\/\/hilaturasegea.com\/en\/wp-json\/wp\/v2\/types\/product"}],"wp:featuredmedia":[{"embeddable":true,"href":"https:\/\/hilaturasegea.com\/en\/wp-json\/wp\/v2\/media\/3275"}],"wp:attachment":[{"href":"https:\/\/hilaturasegea.com\/en\/wp-json\/wp\/v2\/media?parent=3277"}],"wp:term":[{"taxonomy":"product_brand","embeddable":true,"href":"https:\/\/hilaturasegea.com\/en\/wp-json\/wp\/v2\/product_brand?post=3277"},{"taxonomy":"product_cat","embeddable":true,"href":"https:\/\/hilaturasegea.com\/en\/wp-json\/wp\/v2\/product_cat?post=3277"},{"taxonomy":"product_tag","embeddable":true,"href":"https:\/\/hilaturasegea.com\/en\/wp-json\/wp\/v2\/product_tag?post=3277"}],"curies":[{"name":"wp","href":"https:\/\/api.w.org\/{rel}","templated":true}]}}