{"id":3316,"date":"2025-04-11T16:49:32","date_gmt":"2025-04-11T14:49:32","guid":{"rendered":"https:\/\/hilaturasegea.com\/?post_type=product&#038;p=3316"},"modified":"2025-06-13T10:22:41","modified_gmt":"2025-06-13T08:22:41","slug":"red-construccion-tipo-t-bandeja-o-mensulas","status":"publish","type":"product","link":"https:\/\/hilaturasegea.com\/en\/product\/red-construccion-tipo-t-bandeja-o-mensulas\/","title":{"rendered":"Safety Net \/ T-Type Tray or Brackets"},"content":{"rendered":"<p>It is manufactured under EN 1263-1 regulations<\/p>\n<p>System T A2 D100 with rhombus and knot<\/p>\n<p>Made of high-tenacity polypropylene or polyamide, safety net with perimeter rope, attached to consoles for horizontal use, installed as close as possible to the work floor.<\/p>\n<p>NETWORK LABEL WITH MANUFACTURER&#039;S NAME AND CIF.<\/p>\n<p><em>Other measures Consult!<\/em><\/p>","protected":false},"excerpt":{"rendered":"<p>Se fabrica bajo la normativa EN 1263-1 Sistema T A2 D100 al rombo y nudo Fabricado en Polipropileno \u00f3 Poliamida alta tenacidad, red de seguridad con cuerda perimetral, sujeta a consolas para su utilizaci\u00f3n en horizontal, instaladas lo m\u00e1s cercano a la planta de trabajo. ETIQUETA DE LA RED CON NOMBRE Y CIF DEL FABRICANTE. [&hellip;]<\/p>","protected":false},"featured_media":3312,"template":"","meta":[],"product_brand":[],"product_cat":[965,974,1003,1027,966,985],"product_tag":[],"class_list":{"0":"post-3316","1":"product","2":"type-product","3":"status-publish","4":"has-post-thumbnail","6":"product_cat-ferreteria","7":"product_cat-redes","8":"product_cat-tipo-t","9":"product_cat-tipo-t-redes","10":"product_cat-construccion","11":"product_cat-redes-ferreteria","12":"pa_colorredes-azul","13":"pa_colorredes-blanco","14":"pa_medidasistemaa-segunmedida","16":"first","17":"instock","18":"sale","19":"taxable","20":"shipping-taxable","21":"purchasable","22":"product-type-variable"},"tiered_pricing_type":"fixed","tiered_pricing_fixed_rules":[],"tiered_pricing_product_settings":{"layout":"default","base_unit_name":{"singular":null,"plural":null},"default_variation":null},"tiered_pricing_minimum_quantity":null,"tiered_pricing_roles_data":[],"tiered_pricing_percentage_rules":[],"_links":{"self":[{"href":"https:\/\/hilaturasegea.com\/en\/wp-json\/wp\/v2\/product\/3316","targetHints":{"allow":["GET"]}}],"collection":[{"href":"https:\/\/hilaturasegea.com\/en\/wp-json\/wp\/v2\/product"}],"about":[{"href":"https:\/\/hilaturasegea.com\/en\/wp-json\/wp\/v2\/types\/product"}],"wp:featuredmedia":[{"embeddable":true,"href":"https:\/\/hilaturasegea.com\/en\/wp-json\/wp\/v2\/media\/3312"}],"wp:attachment":[{"href":"https:\/\/hilaturasegea.com\/en\/wp-json\/wp\/v2\/media?parent=3316"}],"wp:term":[{"taxonomy":"product_brand","embeddable":true,"href":"https:\/\/hilaturasegea.com\/en\/wp-json\/wp\/v2\/product_brand?post=3316"},{"taxonomy":"product_cat","embeddable":true,"href":"https:\/\/hilaturasegea.com\/en\/wp-json\/wp\/v2\/product_cat?post=3316"},{"taxonomy":"product_tag","embeddable":true,"href":"https:\/\/hilaturasegea.com\/en\/wp-json\/wp\/v2\/product_tag?post=3316"}],"curies":[{"name":"wp","href":"https:\/\/api.w.org\/{rel}","templated":true}]}}