{"id":3466,"date":"2019-11-04T17:08:49","date_gmt":"2019-11-04T17:08:49","guid":{"rendered":"https:\/\/hilaturasegea.com\/index.php\/producto\/film-preestirado-automatico\/"},"modified":"2025-06-13T11:22:07","modified_gmt":"2025-06-13T09:22:07","slug":"film-preestirado-automatico","status":"publish","type":"product","link":"https:\/\/hilaturasegea.com\/en\/product\/film-preestirado-automatico\/","title":{"rendered":"Pre-stretched film \/ Automatic"},"content":{"rendered":"<p><strong><img fetchpriority=\"high\" decoding=\"async\" class=\"size-full wp-image-3464\" src=\"https:\/\/hilaturasegea.com\/wp-content\/uploads\/2019\/11\/PAGINA-50-2.jpg\" alt=\"\" width=\"574\" height=\"270\" srcset=\"https:\/\/hilaturasegea.com\/wp-content\/uploads\/2019\/11\/PAGINA-50-2.jpg 574w, https:\/\/hilaturasegea.com\/wp-content\/uploads\/2019\/11\/PAGINA-50-2-300x141.jpg 300w\" sizes=\"(max-width: 574px) 100vw, 574px\" \/><\/strong><\/p>\n<p><strong>COMPOSITION:\u00a0<\/strong>Thin plastic sheet coiled on a cardboard tube with a standard width of 500 mm and thickness of 23 microns.<\/p>\n<p><strong>CHARACTERISTICS:<\/strong>\u00a0Thanks to the superior manual pre-stretching of the 200%, during its use in the goods packaging process, the operator can vary the packaging tension applied to the product depending on its particular characteristics.<\/p>\n<p><strong>UTILITIES:<\/strong>\u00a0The aforementioned elasticity, combined with its special self-adhesive properties, makes this unique plastic a unique product for packaging any type of material, especially for palletizing loads, allowing us to group finished products together for storage.<\/p>","protected":false},"excerpt":{"rendered":"<p>COMPOSICI\u00d3N:\u00a0Fina l\u00e1mina de pl\u00e1stico bobina sobre un tubo de cart\u00f3n con un ancho habitual de 500 mm y espesor de 23 micras. CARACTER\u00cdSTICAS:\u00a0Gracias al preestirado manual superior al 200%, durante su uso en el proceso de embalaje de las mercanc\u00edas el operario puede ir variando la tensi\u00f3n del empaquetado que se le conferir\u00e1 al producto [&hellip;]<\/p>","protected":false},"featured_media":3460,"template":"","meta":[],"product_brand":[],"product_cat":[1366,1371,1031,965,1181,1207,975,1408,1410,966,984,1092],"product_tag":[],"class_list":{"0":"post-3466","1":"product","2":"type-product","3":"status-publish","4":"has-post-thumbnail","6":"product_cat-automatico-film-paletizar-embalaje-otros-articulos-ferreteria","7":"product_cat-automatico-film-paletizar-embalaje-otros-articulos","8":"product_cat-embalaje-otros-articulos","9":"product_cat-ferreteria","10":"product_cat-film-paletizar-embalaje-otros-articulos-ferreteria","11":"product_cat-film-paletizar-embalaje-otros-articulos","12":"product_cat-otros-articulos","13":"product_cat-preestirado","14":"product_cat-preestirado-automatico-film-paletizar-embalaje-otros-articulos","15":"product_cat-construccion","16":"product_cat-otros-articulos-ferreteria","17":"product_cat-embalaje-otros-articulos-ferreteria-ferreteria","18":"pa_formatofilm-negro","19":"pa_formatofilm-transparente","20":"pa_grosormicras-23micras","21":"pa_metroslineales-1500m","22":"pa_pesobobina-16kg","23":"pa_preestiradosuperior-781","24":"pa_presentacionfilm-8unidades","26":"first","27":"instock","28":"sale","29":"taxable","30":"shipping-taxable","31":"purchasable","32":"product-type-variable"},"tiered_pricing_type":"fixed","tiered_pricing_fixed_rules":[],"tiered_pricing_product_settings":{"layout":"default","base_unit_name":{"singular":null,"plural":null},"default_variation":null},"tiered_pricing_minimum_quantity":null,"tiered_pricing_roles_data":[],"tiered_pricing_percentage_rules":[],"_links":{"self":[{"href":"https:\/\/hilaturasegea.com\/en\/wp-json\/wp\/v2\/product\/3466","targetHints":{"allow":["GET"]}}],"collection":[{"href":"https:\/\/hilaturasegea.com\/en\/wp-json\/wp\/v2\/product"}],"about":[{"href":"https:\/\/hilaturasegea.com\/en\/wp-json\/wp\/v2\/types\/product"}],"wp:featuredmedia":[{"embeddable":true,"href":"https:\/\/hilaturasegea.com\/en\/wp-json\/wp\/v2\/media\/3460"}],"wp:attachment":[{"href":"https:\/\/hilaturasegea.com\/en\/wp-json\/wp\/v2\/media?parent=3466"}],"wp:term":[{"taxonomy":"product_brand","embeddable":true,"href":"https:\/\/hilaturasegea.com\/en\/wp-json\/wp\/v2\/product_brand?post=3466"},{"taxonomy":"product_cat","embeddable":true,"href":"https:\/\/hilaturasegea.com\/en\/wp-json\/wp\/v2\/product_cat?post=3466"},{"taxonomy":"product_tag","embeddable":true,"href":"https:\/\/hilaturasegea.com\/en\/wp-json\/wp\/v2\/product_tag?post=3466"}],"curies":[{"name":"wp","href":"https:\/\/api.w.org\/{rel}","templated":true}]}}