{"id":3511,"date":"2019-11-04T17:16:47","date_gmt":"2019-11-04T17:16:47","guid":{"rendered":"https:\/\/hilaturasegea.com\/index.php\/producto\/algodon-rollo-limpieza-corte-rapido\/"},"modified":"2025-06-13T11:20:12","modified_gmt":"2025-06-13T09:20:12","slug":"algodon-rollo-limpieza-corte-rapido","status":"publish","type":"product","link":"https:\/\/hilaturasegea.com\/en\/product\/algodon-rollo-limpieza-corte-rapido\/","title":{"rendered":"Cotton \/ Quick Cut Cleaning Roll"},"content":{"rendered":"<p><strong>COMPOSITION:<\/strong> 100% reprocessed cotton, %, ecological and biodegradable.<\/p>\n<p><strong>CHARACTERISTICS:<\/strong> Cotton fabric made with a cardboard tube inside for easy unrolling.<\/p>\n<p><strong>UTILITIES:<\/strong> Cotton fabric for cleaning mainly oils and greases in the mechanical, hospitality, printing, aeronautical, and naval industries, laboratories, profiles, automotive, and metallurgy industries, etc.<\/p>","protected":false},"excerpt":{"rendered":"<p>COMPOSICI\u00d3N: Algod\u00f3n reprocesado 100 % ecol\u00f3gico y biodegradable. CARACTER\u00cdSTICAS: Tejido de algod\u00f3n fabricado con tubo de cart\u00f3n en su interior para facilitar su desenrollado. UTILIDADES: Tejido de algod\u00f3n para la limpieza principalmente de aceites y grasas en la industria mec\u00e1nica, hosteler\u00eda, imprentas, suministros aeron\u00e1uticos, suministros navales, laboratorios, perfiler\u00eda, automoci\u00f3n, metalurgia, etc.<\/p>","protected":false},"featured_media":3509,"template":"","meta":[],"product_brand":[],"product_cat":[1211,965,1042,976,1253,1405,967,984,1113],"product_tag":[],"class_list":{"0":"post-3511","1":"product","2":"type-product","3":"status-publish","4":"has-post-thumbnail","6":"product_cat-algodon-limpieza-otros-articulos-ferreteria-ferreteria","7":"product_cat-ferreteria","8":"product_cat-limpieza-otros-articulos-nautica","9":"product_cat-otros-articulos-nautica","10":"product_cat-rollo-limpieza-corte-rapido","11":"product_cat-rollo-limpieza-corte-rapido-algodon-limpieza-otros-articulos-ferreteria-ferreteria","12":"product_cat-nautica","13":"product_cat-otros-articulos-ferreteria","14":"product_cat-limpieza-otros-articulos-ferreteria-ferreteria","15":"pa_colorrollolimpieza-azul","16":"pa_metrosbobina-50maproximados","17":"pa_packrollolimpieza-8bobinas","18":"pa_pesobobinarollolimpieza-2_4kgaproximados","20":"first","21":"instock","22":"sale","23":"taxable","24":"shipping-taxable","25":"purchasable","26":"product-type-variable","27":"has-default-attributes"},"tiered_pricing_type":"fixed","tiered_pricing_fixed_rules":[],"tiered_pricing_product_settings":{"layout":"default","base_unit_name":{"singular":null,"plural":null},"default_variation":null},"tiered_pricing_minimum_quantity":null,"tiered_pricing_roles_data":[],"tiered_pricing_percentage_rules":[],"_links":{"self":[{"href":"https:\/\/hilaturasegea.com\/en\/wp-json\/wp\/v2\/product\/3511","targetHints":{"allow":["GET"]}}],"collection":[{"href":"https:\/\/hilaturasegea.com\/en\/wp-json\/wp\/v2\/product"}],"about":[{"href":"https:\/\/hilaturasegea.com\/en\/wp-json\/wp\/v2\/types\/product"}],"wp:featuredmedia":[{"embeddable":true,"href":"https:\/\/hilaturasegea.com\/en\/wp-json\/wp\/v2\/media\/3509"}],"wp:attachment":[{"href":"https:\/\/hilaturasegea.com\/en\/wp-json\/wp\/v2\/media?parent=3511"}],"wp:term":[{"taxonomy":"product_brand","embeddable":true,"href":"https:\/\/hilaturasegea.com\/en\/wp-json\/wp\/v2\/product_brand?post=3511"},{"taxonomy":"product_cat","embeddable":true,"href":"https:\/\/hilaturasegea.com\/en\/wp-json\/wp\/v2\/product_cat?post=3511"},{"taxonomy":"product_tag","embeddable":true,"href":"https:\/\/hilaturasegea.com\/en\/wp-json\/wp\/v2\/product_tag?post=3511"}],"curies":[{"name":"wp","href":"https:\/\/api.w.org\/{rel}","templated":true}]}}