{"id":3590,"date":"2019-11-12T12:41:04","date_gmt":"2019-11-12T12:41:04","guid":{"rendered":"https:\/\/hilaturasegea.com\/index.php\/producto\/hilo-de-pesca-relix\/"},"modified":"2025-06-13T11:10:06","modified_gmt":"2025-06-13T09:10:06","slug":"hilo-de-pesca-relix","status":"publish","type":"product","link":"https:\/\/hilaturasegea.com\/en\/product\/hilo-de-pesca-relix\/","title":{"rendered":"Fishing Line \/ Relix"},"content":{"rendered":"<p><strong>Basic Range<\/strong> BEST BALANCE 100 m<\/p>\n<p>100 % nylon copolymer line. Suitable for all types of fishing. Also known as fishing line or fishing line. Color: Transparent<\/p>\n<p>Utilities: Construction, line pulling, fishing, decoration, crafts, window dressing, etc.<\/p>","protected":false},"excerpt":{"rendered":"<p>Gama B\u00e1sica BEST BALANCE 100 m Hilo 100 % copol\u00edmero de nyl\u00f3n. Adecuado para cualquier tipo de pesca. Tambi\u00e9n conocido como sedal o tanza. Color: Transparente Utilidades: Construcci\u00f3n, tiral\u00edneas, pesca, decoraci\u00f3n, manualidades, escaparatismo, etc.<\/p>","protected":false},"featured_media":3588,"template":"","meta":[],"product_brand":[],"product_cat":[965,1041,976,967,984,1108],"product_tag":[],"class_list":{"0":"post-3590","1":"product","2":"type-product","3":"status-publish","4":"has-post-thumbnail","6":"product_cat-ferreteria","7":"product_cat-hilo-de-pesca","8":"product_cat-otros-articulos-nautica","9":"product_cat-nautica","10":"product_cat-otros-articulos-ferreteria","11":"product_cat-hilo-de-pesca-otros-articulos-ferreteria-ferreteria","12":"pa_cargaderoturaaprox_kg-2_70kg","13":"pa_cargaderoturaaprox_kg-6_80kg","14":"pa_cargaderoturaaprox_kg-11_40kg","15":"pa_cargaderoturaaprox_kg-18_20kg","16":"pa_cargaderoturaaprox_kg-22_70kg","17":"pa_cargaderoturaaprox_kg-31_80kg","18":"pa_cargaderoturaaprox_kg-40_90kg","19":"pa_cargaderoturaaprox_kg-45_50kg","20":"pa_cargaderoturaaprox_kg-68_20kg","21":"pa_grosorhilodepesca-0_2mm","22":"pa_grosorhilodepesca-0_3mm","23":"pa_grosorhilodepesca-0_4mm","24":"pa_grosorhilodepesca-0_5mm","25":"pa_grosorhilodepesca-0_6mm","26":"pa_grosorhilodepesca-0_7mm","27":"pa_grosorhilodepesca-0_8mm","28":"pa_grosorhilodepesca-0_9mm","29":"pa_grosorhilodepesca-1_0mm","30":"pa_metrajehilodepesca-100m","31":"pa_presentacionhilodepesca-paquetede6unidades","32":"pa_presentacionhilodepesca-paquetede10unidades","34":"first","35":"instock","36":"sale","37":"taxable","38":"shipping-taxable","39":"purchasable","40":"product-type-variable"},"tiered_pricing_type":"fixed","tiered_pricing_fixed_rules":[],"tiered_pricing_product_settings":{"layout":"default","base_unit_name":{"singular":null,"plural":null},"default_variation":null},"tiered_pricing_minimum_quantity":null,"tiered_pricing_roles_data":[],"tiered_pricing_percentage_rules":[],"_links":{"self":[{"href":"https:\/\/hilaturasegea.com\/en\/wp-json\/wp\/v2\/product\/3590","targetHints":{"allow":["GET"]}}],"collection":[{"href":"https:\/\/hilaturasegea.com\/en\/wp-json\/wp\/v2\/product"}],"about":[{"href":"https:\/\/hilaturasegea.com\/en\/wp-json\/wp\/v2\/types\/product"}],"wp:featuredmedia":[{"embeddable":true,"href":"https:\/\/hilaturasegea.com\/en\/wp-json\/wp\/v2\/media\/3588"}],"wp:attachment":[{"href":"https:\/\/hilaturasegea.com\/en\/wp-json\/wp\/v2\/media?parent=3590"}],"wp:term":[{"taxonomy":"product_brand","embeddable":true,"href":"https:\/\/hilaturasegea.com\/en\/wp-json\/wp\/v2\/product_brand?post=3590"},{"taxonomy":"product_cat","embeddable":true,"href":"https:\/\/hilaturasegea.com\/en\/wp-json\/wp\/v2\/product_cat?post=3590"},{"taxonomy":"product_tag","embeddable":true,"href":"https:\/\/hilaturasegea.com\/en\/wp-json\/wp\/v2\/product_tag?post=3590"}],"curies":[{"name":"wp","href":"https:\/\/api.w.org\/{rel}","templated":true}]}}