{"id":3902,"date":"2019-11-12T13:08:25","date_gmt":"2019-11-12T13:08:25","guid":{"rendered":"https:\/\/hilaturasegea.com\/index.php\/producto\/cesped-6mm\/"},"modified":"2025-05-19T18:06:01","modified_gmt":"2025-05-19T16:06:01","slug":"cesped-6mm","status":"publish","type":"product","link":"https:\/\/hilaturasegea.com\/en\/product\/cesped-6mm\/","title":{"rendered":"Grass \/ 10 mm"},"content":{"rendered":"<p><strong>Tones:<\/strong> Green<\/p>\n<p><strong>Measurements Consult!<\/strong><\/p>\n<p><strong>TECHNICAL CHARACTERISTICS<\/strong><\/p>\n<\/p>\n<p><strong>PRODUCT<\/strong> DECORATIVE \/ RECREATIONAL GARDEN USE<\/p>\n<p><strong>YARN QUALITY (DTEX)<\/strong> SMOOTH 2200 DTEX\/GREEN 100 % PP WITH UV STABILIZATION<\/p>\n<p><strong>THREAD LENGTH (mm)<\/strong> 10 mm + 2 %<\/p>\n<p><strong>CALIBER<\/strong> 5\/32\u201d<\/p>\n<p><strong>THAWS<\/strong> 60,000 m2 (+ 3%)<\/p>\n<p><strong>YARN WEIGHT (g\/m2)<\/strong> 240 g (+ 10 %)<\/p>\n<p><strong>WATER PERMEABILITY<\/strong> 40 l\/m2<\/p>\n<p><strong>TOTAL WEIGHT (g\/m2)<\/strong> 800 g\/m2 (+ 10 %)<\/p>\n<p><strong>PRIMARY BASE<\/strong> PP FABRIC WITH UV STABILIZER<\/p>\n<p><strong>SECONDARY BASE<\/strong> N\/A<\/p>\n<p><strong>ADHESIVE LAYER <\/strong><\/p>\n<p><strong>COLORS<\/strong> ARMY GREEN<\/p>\n<p><strong>WARRANTY<\/strong> 2 YEARS<\/p>","protected":false},"excerpt":{"rendered":"<p>Tonos: Verde Medidas \u00a1Consultar! CARACTER\u00cdSTICAS T\u00c9CNICAS PRODUCTO USO JARD\u00cdN DECORATIVO \/ RECREATIVO CALIDAD HILO (DTEX) LISO 2200 DTEX\/VERDE 100 % PP CON ESTABILIZACI\u00d3N UV LONGITUD HILO (mm) 10 mm + 2 % CALIBRE 5\/32\u201d PUNZADAS 60.000 m2 (+ 3%) PESO HILO (g\/m2) 240 g (+ 10 %) PERMEABILIDAD AL AGUA 40 l\/m2 PESO TOTAL (g\/m2) [&hellip;]<\/p>","protected":false},"featured_media":3898,"template":"","meta":[],"product_brand":[],"product_cat":[1210,965,1063,984],"product_tag":[],"class_list":{"0":"post-3902","1":"product","2":"type-product","3":"status-publish","4":"has-post-thumbnail","6":"product_cat-10-mm","7":"product_cat-ferreteria","8":"product_cat-cesped","9":"product_cat-otros-articulos-ferreteria","10":"pa_alturacesped-10mm","11":"pa_garantiacesped-2anos","12":"pa_pesocesped-0_80kgm2","14":"first","15":"instock","16":"sale","17":"taxable","18":"shipping-taxable","19":"purchasable","20":"product-type-variable","21":"has-default-attributes"},"tiered_pricing_type":"fixed","tiered_pricing_fixed_rules":[],"tiered_pricing_product_settings":{"layout":"default","base_unit_name":{"singular":null,"plural":null},"default_variation":null},"tiered_pricing_minimum_quantity":null,"tiered_pricing_roles_data":[],"tiered_pricing_percentage_rules":[],"_links":{"self":[{"href":"https:\/\/hilaturasegea.com\/en\/wp-json\/wp\/v2\/product\/3902","targetHints":{"allow":["GET"]}}],"collection":[{"href":"https:\/\/hilaturasegea.com\/en\/wp-json\/wp\/v2\/product"}],"about":[{"href":"https:\/\/hilaturasegea.com\/en\/wp-json\/wp\/v2\/types\/product"}],"wp:featuredmedia":[{"embeddable":true,"href":"https:\/\/hilaturasegea.com\/en\/wp-json\/wp\/v2\/media\/3898"}],"wp:attachment":[{"href":"https:\/\/hilaturasegea.com\/en\/wp-json\/wp\/v2\/media?parent=3902"}],"wp:term":[{"taxonomy":"product_brand","embeddable":true,"href":"https:\/\/hilaturasegea.com\/en\/wp-json\/wp\/v2\/product_brand?post=3902"},{"taxonomy":"product_cat","embeddable":true,"href":"https:\/\/hilaturasegea.com\/en\/wp-json\/wp\/v2\/product_cat?post=3902"},{"taxonomy":"product_tag","embeddable":true,"href":"https:\/\/hilaturasegea.com\/en\/wp-json\/wp\/v2\/product_tag?post=3902"}],"curies":[{"name":"wp","href":"https:\/\/api.w.org\/{rel}","templated":true}]}}