{"id":4050,"date":"2019-11-27T09:18:12","date_gmt":"2019-11-27T09:18:12","guid":{"rendered":"https:\/\/hilaturasegea.com\/index.php\/producto\/articulos-varios-3\/"},"modified":"2025-06-13T10:47:43","modified_gmt":"2025-06-13T08:47:43","slug":"articulos-varios-3","status":"publish","type":"product","link":"https:\/\/hilaturasegea.com\/en\/product\/articulos-varios-3\/","title":{"rendered":"Cotton \/ Miscellaneous Items"},"content":{"rendered":"<h4><strong><span style=\"font-size: 10pt; font-family: Arial, 'sans-serif';\">For upholstery, crafts, saddlery, advertising, bags, footwear, clothing, f<\/span><\/strong><strong><span style=\"font-size: 10pt; font-family: Arial, 'sans-serif';\">jewelry, fantasy, decoration, case making, jewelry, carpentry, graphic art, leather goods, mosquito nets, hand sewing, sportswear, leather, multiple applications.<\/span><\/strong><\/h4>\n<p>Due to the small thickness of the items shown in this sheet, they cannot be photographed. If you are interested in these items, samples will be sent to you. A wide range of colors is available in both cotton and polyester.<\/p>\n<p class=\"MsoNormal\"><span style=\"font-size: 10pt; line-height: 115%; font-family: Arial, 'sans-serif';\">All related items can be manufactured in any thickness you desire.<\/span><span style=\"color: #010101;\">.<\/span><\/p>","protected":false},"excerpt":{"rendered":"<p>Para Tapicer\u00edas, manualidades, guarnicioner\u00edas, publicidad, bolsos, calzados, confecci\u00f3n, florister\u00eda, fantas\u00eda, decoraci\u00f3n, estucher\u00edas, bisuter\u00eda, carpinter\u00eda, arte gr\u00e1ficas, marroquiner\u00eda, mosquiteras, coser a mano, prendas deportivas, cuero, m\u00faltiples aplicaciones. Debido a los peque\u00f1os grosores de los art\u00edculos reflejados en dicha l\u00e1mina, no pueden ser fotografiados. De interesar dichos art\u00edculos, se les remitir\u00eda muestra. Se dispone de una amplia [&hellip;]<\/p>","protected":false},"featured_media":4040,"template":"","meta":[],"product_brand":[],"product_cat":[988,1009,1139,970,965,972,968],"product_tag":[],"class_list":{"0":"post-4050","1":"product","2":"type-product","3":"status-publish","4":"has-post-thumbnail","6":"product_cat-algodon","7":"product_cat-algodon-marroquineria","8":"product_cat-articulos-varios-algodon","9":"product_cat-cordeleria","10":"product_cat-ferreteria","11":"product_cat-marroquineria","12":"product_cat-manualidades","13":"pa_articulo-algodontrenzado0_90mm","14":"pa_articulo-18-algodonenceradoextrafino1","15":"pa_articulo-algodonenceradomedio3mm","16":"pa_articulo-algodonenceradoplano3mm","17":"pa_articulo-algodonenceradoplano4mm","18":"pa_articulo-algodonenceradoplano5mm","19":"pa_metraje-200m","21":"first","22":"instock","23":"sale","24":"taxable","25":"shipping-taxable","26":"purchasable","27":"product-type-variable"},"tiered_pricing_type":"fixed","tiered_pricing_fixed_rules":[],"tiered_pricing_product_settings":{"layout":"default","base_unit_name":{"singular":null,"plural":null},"default_variation":null},"tiered_pricing_minimum_quantity":null,"tiered_pricing_roles_data":[],"tiered_pricing_percentage_rules":[],"_links":{"self":[{"href":"https:\/\/hilaturasegea.com\/en\/wp-json\/wp\/v2\/product\/4050","targetHints":{"allow":["GET"]}}],"collection":[{"href":"https:\/\/hilaturasegea.com\/en\/wp-json\/wp\/v2\/product"}],"about":[{"href":"https:\/\/hilaturasegea.com\/en\/wp-json\/wp\/v2\/types\/product"}],"wp:featuredmedia":[{"embeddable":true,"href":"https:\/\/hilaturasegea.com\/en\/wp-json\/wp\/v2\/media\/4040"}],"wp:attachment":[{"href":"https:\/\/hilaturasegea.com\/en\/wp-json\/wp\/v2\/media?parent=4050"}],"wp:term":[{"taxonomy":"product_brand","embeddable":true,"href":"https:\/\/hilaturasegea.com\/en\/wp-json\/wp\/v2\/product_brand?post=4050"},{"taxonomy":"product_cat","embeddable":true,"href":"https:\/\/hilaturasegea.com\/en\/wp-json\/wp\/v2\/product_cat?post=4050"},{"taxonomy":"product_tag","embeddable":true,"href":"https:\/\/hilaturasegea.com\/en\/wp-json\/wp\/v2\/product_tag?post=4050"}],"curies":[{"name":"wp","href":"https:\/\/api.w.org\/{rel}","templated":true}]}}