{"id":4074,"date":"2019-12-11T13:00:08","date_gmt":"2019-12-11T13:00:08","guid":{"rendered":"https:\/\/hilaturasegea.com\/index.php\/producto\/precinto-pp-solvente-75mm-x-132mm-manual\/"},"modified":"2025-06-13T10:46:29","modified_gmt":"2025-06-13T08:46:29","slug":"precinto-pp-solvente-75mm-x-132mm-manual","status":"publish","type":"product","link":"https:\/\/hilaturasegea.com\/en\/product\/precinto-pp-solvente-75mm-x-132mm-manual\/","title":{"rendered":"PP Solvent Seal 75 mm x 132 m \/ Manual"},"content":{"rendered":"<p><strong>TRANSPARENT SEAL:<\/strong>\u00a0Special adhesive for cold.<\/p>\n<p><strong>COMPOSITION:<\/strong>\u00a0Transparent bi-oriented polypropylene sheet support, natural rubber adhesive and hydrocarbon resins.<\/p>\n<p><b>CHARACTERISTICS<\/b><strong>:<\/strong>\u00a0Excellent tack, long-lasting adhesion, excellent adhesion even on recycled cardboard boxes.<\/p>\n<p><strong>UTILITIES:<\/strong>\u00a0Adhesive tape suitable for closing all types of cardboard boxes and plastic containers for manual use.<\/p>","protected":false},"excerpt":{"rendered":"<p>PRECINTO TRANSPARENTE:\u00a0Adhesivo especial para fr\u00edo. COMPOSICI\u00d3N:\u00a0Soporte de l\u00e1mina de polipropileno biorientado transparente, adhesivo de caucho natural y resinas de hidrocarburo. CARACTER\u00cdSTICAS:\u00a0Excelente tack, adhesi\u00f3n a larga duraci\u00f3n, excelente adhesi\u00f3n incluso en cajas de cart\u00f3n recicladas. UTILIDADES:\u00a0Cinta adhesiva adecuada para cerrar todo tipo de cajas de cart\u00f3n y envases de pl\u00e1stico para uso manual.<\/p>","protected":false},"featured_media":4068,"template":"","meta":[],"product_brand":[],"product_cat":[1031,965,975,1374,966,1440,1442,1403,1291,1465,1464,984,1303,1092],"product_tag":[],"class_list":{"0":"post-4074","1":"product","2":"type-product","3":"status-publish","4":"has-post-thumbnail","6":"product_cat-embalaje-otros-articulos","7":"product_cat-ferreteria","8":"product_cat-otros-articulos","9":"product_cat-precinto-precinto-maquina","10":"product_cat-construccion","11":"product_cat-manual-precinto-precinto-maquina-embalaje-otros-articulos-ferreteria-ferreteria-precinto-maquina-embalaje-otros-articulos-ferreteria-ferreteria","12":"product_cat-manual-precinto-precinto-maquina-precinto-maquina","13":"product_cat-precinto-precinto-maquina-embalaje-otros-articulos-ferreteria-ferreteria","14":"product_cat-precinto-maquina","15":"product_cat-75-mm-x-132-m-manual-precinto-precinto-maquina","16":"product_cat-75-mm-x-132-m-manual-precinto-precinto-maquina-embalaje-otros-articulos-ferreteria-ferreteria","17":"product_cat-otros-articulos-ferreteria","18":"product_cat-precinto-maquina-embalaje-otros-articulos-ferreteria-ferreteria","19":"product_cat-embalaje-otros-articulos-ferreteria-ferreteria","20":"pa_colorprecinto-blanco","21":"pa_colorprecinto-marron","22":"pa_colorprecinto-transparente","23":"pa_medidaprecinto-75mmx132m","24":"pa_packprecinto-9cajas","25":"pa_presentacionprecinto-cajade24unidades","27":"first","28":"instock","29":"sale","30":"taxable","31":"shipping-taxable","32":"purchasable","33":"product-type-variable"},"tiered_pricing_type":"fixed","tiered_pricing_fixed_rules":[],"tiered_pricing_product_settings":{"layout":"default","base_unit_name":{"singular":null,"plural":null},"default_variation":null},"tiered_pricing_minimum_quantity":null,"tiered_pricing_roles_data":[],"tiered_pricing_percentage_rules":[],"_links":{"self":[{"href":"https:\/\/hilaturasegea.com\/en\/wp-json\/wp\/v2\/product\/4074","targetHints":{"allow":["GET"]}}],"collection":[{"href":"https:\/\/hilaturasegea.com\/en\/wp-json\/wp\/v2\/product"}],"about":[{"href":"https:\/\/hilaturasegea.com\/en\/wp-json\/wp\/v2\/types\/product"}],"wp:featuredmedia":[{"embeddable":true,"href":"https:\/\/hilaturasegea.com\/en\/wp-json\/wp\/v2\/media\/4068"}],"wp:attachment":[{"href":"https:\/\/hilaturasegea.com\/en\/wp-json\/wp\/v2\/media?parent=4074"}],"wp:term":[{"taxonomy":"product_brand","embeddable":true,"href":"https:\/\/hilaturasegea.com\/en\/wp-json\/wp\/v2\/product_brand?post=4074"},{"taxonomy":"product_cat","embeddable":true,"href":"https:\/\/hilaturasegea.com\/en\/wp-json\/wp\/v2\/product_cat?post=4074"},{"taxonomy":"product_tag","embeddable":true,"href":"https:\/\/hilaturasegea.com\/en\/wp-json\/wp\/v2\/product_tag?post=4074"}],"curies":[{"name":"wp","href":"https:\/\/api.w.org\/{rel}","templated":true}]}}