{"id":1074,"date":"2025-05-20T16:28:11","date_gmt":"2025-05-20T14:28:11","guid":{"rendered":"https:\/\/hilaturasegea.com\/?post_type=product&#038;p=1074"},"modified":"2025-06-13T10:21:01","modified_gmt":"2025-06-13T08:21:01","slug":"poliester-monofilamento","status":"publish","type":"product","link":"https:\/\/hilaturasegea.com\/eu\/produktua\/poliester-monofilamento\/","title":{"rendered":"Poliesterra \/ Monofilamentoa"},"content":{"rendered":"<p><strong>KONPOSIZIOA:<\/strong> Iraunkortasun handiko poliesterra, nekazaritza sektorean metalezko hariak ordezkatzeko diseinatua.<\/p>\n<p><strong>EZAUGARRIAK:<\/strong> Hari elastiko oso iraunkorra, tentsio konstantearekin instalazio azkarra ahalbidetzen duena. Ez du mantentze-lanik behar eta ez da herdoiltzen. Pestiziden aurrean erresistentea da eta UV izpien tratamendua du. Altzairua baino bost aldiz arinagoa da. Makinaren bibrazioek ez dute eraginik harian.<\/p>\n<p><strong>ERABILERAK:<\/strong> Palmondoak, olibondo-sail superintentsiboak, krabelin, arrosondo eta landare apaingarrientzako euskarri-lerroak, urtegi-estalkiak, negutegi-instalazioak, etab.<\/p>\n<p style=\"text-align: center;\"><img fetchpriority=\"high\" decoding=\"async\" class=\"size-full wp-image-1071\" src=\"https:\/\/hilaturasegea.com\/wp-content\/uploads\/2019\/10\/PAGINA-7.jpg\" alt=\"\" width=\"723\" height=\"111\" srcset=\"https:\/\/hilaturasegea.com\/wp-content\/uploads\/2019\/10\/PAGINA-7.jpg 1873w, https:\/\/hilaturasegea.com\/wp-content\/uploads\/2019\/10\/PAGINA-7-600x92.jpg 600w, https:\/\/hilaturasegea.com\/wp-content\/uploads\/2019\/10\/PAGINA-7-300x46.jpg 300w, https:\/\/hilaturasegea.com\/wp-content\/uploads\/2019\/10\/PAGINA-7-1024x157.jpg 1024w, https:\/\/hilaturasegea.com\/wp-content\/uploads\/2019\/10\/PAGINA-7-768x118.jpg 768w, https:\/\/hilaturasegea.com\/wp-content\/uploads\/2019\/10\/PAGINA-7-1536x236.jpg 1536w\" sizes=\"(max-width: 723px) 100vw, 723px\" \/><\/p>\n<table class=\"MsoNormalTable\" style=\"width: 265.2pt; border: 1pt solid; margin-left: auto; margin-right: auto;\" border=\"1\" width=\"354\" cellpadding=\"0\">\n<thead>\n<tr style=\"height: 20.25pt;\">\n<td style=\"border: dashed #BBBBBB 1pt; background: #C6D9F1; padding: .75pt .75pt .75pt .75pt; height: 20.25pt;\">\n<p class=\"MsoNormal\" style=\"margin-bottom: .0001pt; text-align: center; line-height: normal;\" align=\"center\"><b><span style=\"font-size: 8.5pt; font-family: Verdana, 'sans-serif'; color: #000000;\">Diametroa<\/span><\/b><\/p>\n<p>&nbsp;<\/td>\n<td style=\"border: dashed #BBBBBB 1pt; background: #C6D9F1; padding: .75pt .75pt .75pt .75pt; height: 20.25pt;\">\n<p class=\"MsoNormal\" style=\"margin-bottom: .0001pt; text-align: center; line-height: normal;\" align=\"center\"><b><span style=\"font-size: 8.5pt; font-family: Verdana, 'sans-serif'; color: #000000;\">Haustura-karga<br \/>\nGutxi gorabehera (kg)<\/span><\/b><\/p>\n<p>&nbsp;<\/td>\n<td style=\"border: dashed #BBBBBB 1pt; background: #C6D9F1; padding: .75pt .75pt .75pt .75pt; height: 20.25pt;\">\n<p class=\"MsoNormal\" style=\"margin-bottom: .0001pt; text-align: center; line-height: normal;\" align=\"center\"><b><span style=\"font-size: 8.5pt; font-family: Verdana, 'sans-serif'; color: #000000;\">Gutxi gorabeherako pisua<br \/>\nkg\/100 m<\/span><\/b><\/p>\n<p>&nbsp;<\/td>\n<\/tr>\n<\/thead>\n<tbody>\n<tr style=\"height: 10.1pt;\">\n<td style=\"border: dashed #BBBBBB 1pt; background: #D9D9D9; padding: .75pt .75pt .75pt .75pt; height: 10.1pt;\">\n<p class=\"MsoNormal\" style=\"margin-bottom: .0001pt; text-align: center; line-height: normal;\" align=\"center\"><span style=\"font-size: 8.5pt; font-family: Verdana, 'sans-serif'; color: #000000;\">2,20 mm<\/span><\/p>\n<\/td>\n<td style=\"border: dashed #BBBBBB 1pt; background: #D9D9D9; padding: .75pt .75pt .75pt .75pt; height: 10.1pt;\">\n<p class=\"MsoNormal\" style=\"margin-bottom: .0001pt; text-align: center; line-height: normal;\" align=\"center\"><span style=\"font-size: 8.5pt; font-family: Verdana, 'sans-serif'; color: #000000;\">215<\/span><\/p>\n<\/td>\n<td style=\"border: dashed #BBBBBB 1pt; background: #D9D9D9; padding: .75pt .75pt .75pt .75pt; height: 10.1pt;\">\n<p class=\"MsoNormal\" style=\"margin-bottom: .0001pt; text-align: center; line-height: normal;\" align=\"center\"><span style=\"font-size: 8.5pt; font-family: Verdana, 'sans-serif'; color: #000000;\">10<\/span><\/p>\n<\/td>\n<\/tr>\n<tr style=\"height: 9.4pt;\">\n<td style=\"border: dashed #BBBBBB 1pt; padding: .75pt .75pt .75pt .75pt; height: 9.4pt;\">\n<p class=\"MsoNormal\" style=\"margin-bottom: .0001pt; text-align: center; line-height: normal;\" align=\"center\"><span style=\"font-size: 8.5pt; font-family: Verdana, 'sans-serif'; color: #000000;\">2,60 mm<\/span><\/p>\n<\/td>\n<td style=\"border: dashed #BBBBBB 1pt; padding: .75pt .75pt .75pt .75pt; height: 9.4pt;\">\n<p class=\"MsoNormal\" style=\"margin-bottom: .0001pt; text-align: center; line-height: normal;\" align=\"center\"><span style=\"font-size: 8.5pt; font-family: Verdana, 'sans-serif'; color: #000000;\">300<\/span><\/p>\n<\/td>\n<td style=\"border: dashed #BBBBBB 1pt; padding: .75pt .75pt .75pt .75pt; height: 9.4pt;\">\n<p class=\"MsoNormal\" style=\"margin-bottom: .0001pt; text-align: center; line-height: normal;\" align=\"center\"><span style=\"font-size: 8.5pt; font-family: Verdana, 'sans-serif'; color: #000000;\">10<\/span><\/p>\n<\/td>\n<\/tr>\n<tr style=\"height: 10.1pt;\">\n<td style=\"border: dashed #BBBBBB 1pt; background: #D9D9D9; padding: .75pt .75pt .75pt .75pt; height: 10.1pt;\">\n<p class=\"MsoNormal\" style=\"margin-bottom: .0001pt; text-align: center; line-height: normal;\" align=\"center\"><span style=\"font-size: 8.5pt; font-family: Verdana, 'sans-serif'; color: #000000;\">3,00 mm<\/span><\/p>\n<\/td>\n<td style=\"border: dashed #BBBBBB 1pt; background: #D9D9D9; padding: .75pt .75pt .75pt .75pt; height: 10.1pt;\">\n<p class=\"MsoNormal\" style=\"margin-bottom: .0001pt; text-align: center; line-height: normal;\" align=\"center\"><span style=\"font-size: 8.5pt; font-family: Verdana, 'sans-serif'; color: #000000;\">365<\/span><\/p>\n<\/td>\n<td style=\"border: dashed #BBBBBB 1pt; background: #D9D9D9; padding: .75pt .75pt .75pt .75pt; height: 10.1pt;\">\n<p class=\"MsoNormal\" style=\"margin-bottom: .0001pt; text-align: center; line-height: normal;\" align=\"center\"><span style=\"font-size: 8.5pt; font-family: Verdana, 'sans-serif'; color: #000000;\">10<\/span><\/p>\n<\/td>\n<\/tr>\n<tr style=\"height: 10.1pt;\">\n<td style=\"border: dashed #BBBBBB 1pt; padding: .75pt .75pt .75pt .75pt; height: 10.1pt;\">\n<p class=\"MsoNormal\" style=\"margin-bottom: .0001pt; text-align: center; line-height: normal;\" align=\"center\"><span style=\"font-size: 8.5pt; font-family: Verdana, 'sans-serif'; color: #000000;\">4,00 mm<\/span><\/p>\n<\/td>\n<td style=\"border: dashed #BBBBBB 1pt; padding: .75pt .75pt .75pt .75pt; height: 10.1pt;\">\n<p class=\"MsoNormal\" style=\"margin-bottom: .0001pt; text-align: center; line-height: normal;\" align=\"center\"><span style=\"font-size: 8.5pt; font-family: Verdana, 'sans-serif'; color: #000000;\">405<\/span><\/p>\n<\/td>\n<td style=\"border: dashed #BBBBBB 1pt; padding: .75pt .75pt .75pt .75pt; height: 10.1pt;\">\n<p class=\"MsoNormal\" style=\"margin-bottom: .0001pt; text-align: center; line-height: normal;\" align=\"center\"><span style=\"font-size: 8.5pt; font-family: Verdana, 'sans-serif'; color: #000000;\">10<\/span><\/p>\n<\/td>\n<\/tr>\n<tr style=\"height: 10.1pt;\">\n<td style=\"border: dashed #BBBBBB 1pt; background: #D9D9D9; padding: .75pt .75pt .75pt .75pt; height: 10.1pt;\">\n<p class=\"MsoNormal\" style=\"margin-bottom: .0001pt; text-align: center; line-height: normal;\" align=\"center\"><span style=\"font-size: 8.5pt; font-family: Verdana, 'sans-serif'; color: #000000;\">5,00 mm<\/span><\/p>\n<\/td>\n<td style=\"border: dashed #BBBBBB 1pt; background: #D9D9D9; padding: .75pt .75pt .75pt .75pt; height: 10.1pt;\">\n<p class=\"MsoNormal\" style=\"margin-bottom: .0001pt; text-align: center; line-height: normal;\" align=\"center\"><span style=\"font-size: 8.5pt; font-family: Verdana, 'sans-serif'; color: #000000;\">450<\/span><\/p>\n<\/td>\n<td style=\"border: dashed #BBBBBB 1pt; background: #D9D9D9; padding: .75pt .75pt .75pt .75pt; height: 10.1pt;\">\n<p class=\"MsoNormal\" style=\"margin-bottom: .0001pt; text-align: center; line-height: normal;\" align=\"center\"><span style=\"font-size: 8.5pt; font-family: Verdana, 'sans-serif'; color: #000000;\">10<\/span><\/p>\n<\/td>\n<\/tr>\n<\/tbody>\n<\/table>","protected":false},"excerpt":{"rendered":"<p>COMPOSICI\u00d3N: Poli\u00e9ster alta tenacidad, dise\u00f1ado para sustituir los alambres met\u00e1licos en el sector agr\u00edcola. CARACTER\u00cdSTICAS: Hilo el\u00e1stico muy resistente, que nos permite realizar una instalaci\u00f3n r\u00e1pida con una tensi\u00f3n constante. No precisa mantenimiento, no se oxida. resistente a los fitosanitarios y con tratamiento UV. Es 5 veces m\u00e1s ligero que el acero. Las vibraciones de [&hellip;]<\/p>","protected":false},"featured_media":1063,"template":"","meta":[],"product_brand":[],"product_cat":[970,965,1056,1343],"product_tag":[],"class_list":{"0":"post-1074","1":"product","2":"type-product","3":"status-publish","4":"has-post-thumbnail","6":"product_cat-cordeleria","7":"product_cat-ferreteria","8":"product_cat-poliester-cordeleria","9":"product_cat-monofilamento","10":"pa_color-blanco","11":"pa_color-negro","12":"pa_diametro-2_20mm","13":"pa_diametro-2_60mm","14":"pa_diametro-3mm","15":"pa_diametro-4mm","16":"pa_diametro-5mm","17":"pa_metraje-300m","18":"pa_metraje-600m","19":"pa_metraje-1000m","20":"pa_metraje-1400m","21":"pa_metraje-1800m","23":"first","24":"instock","25":"sale","26":"taxable","27":"shipping-taxable","28":"purchasable","29":"product-type-variable"},"tiered_pricing_type":"fixed","tiered_pricing_fixed_rules":[],"tiered_pricing_product_settings":{"layout":"default","base_unit_name":{"singular":null,"plural":null},"default_variation":null},"tiered_pricing_minimum_quantity":null,"tiered_pricing_roles_data":[],"tiered_pricing_percentage_rules":[],"_links":{"self":[{"href":"https:\/\/hilaturasegea.com\/eu\/wp-json\/wp\/v2\/product\/1074","targetHints":{"allow":["GET"]}}],"collection":[{"href":"https:\/\/hilaturasegea.com\/eu\/wp-json\/wp\/v2\/product"}],"about":[{"href":"https:\/\/hilaturasegea.com\/eu\/wp-json\/wp\/v2\/types\/product"}],"wp:featuredmedia":[{"embeddable":true,"href":"https:\/\/hilaturasegea.com\/eu\/wp-json\/wp\/v2\/media\/1063"}],"wp:attachment":[{"href":"https:\/\/hilaturasegea.com\/eu\/wp-json\/wp\/v2\/media?parent=1074"}],"wp:term":[{"taxonomy":"product_brand","embeddable":true,"href":"https:\/\/hilaturasegea.com\/eu\/wp-json\/wp\/v2\/product_brand?post=1074"},{"taxonomy":"product_cat","embeddable":true,"href":"https:\/\/hilaturasegea.com\/eu\/wp-json\/wp\/v2\/product_cat?post=1074"},{"taxonomy":"product_tag","embeddable":true,"href":"https:\/\/hilaturasegea.com\/eu\/wp-json\/wp\/v2\/product_tag?post=1074"}],"curies":[{"name":"wp","href":"https:\/\/api.w.org\/{rel}","templated":true}]}}