{"id":1672,"date":"2019-10-29T18:45:37","date_gmt":"2019-10-29T18:45:37","guid":{"rendered":"https:\/\/hilaturasegea.com\/index.php\/producto\/poliamida-nylon-goma-elastica\/"},"modified":"2026-02-05T17:55:50","modified_gmt":"2026-02-05T16:55:50","slug":"poliamida-nylon-goma-elastica","status":"publish","type":"product","link":"https:\/\/hilaturasegea.com\/eu\/produktua\/poliamida-nylon-goma-elastica\/","title":{"rendered":"Poliamida \/ Kautxu elastikoa"},"content":{"rendered":"<p>Beste lodiera, luzera eta kolore batzuk. Kontsultatu!<\/p>\n<p>8,5 mm-ko lodiera: 200 metroko kaxetan<\/p>\n<p><strong>KONPOSIZIOA:<\/strong> Kanpoko txirikorda 100 % poliamidazko erresistentzia handikoa eta barnekoa 100 % latex natural estrusatua kalitate gorenekoa.<\/p>\n<p><strong>EZAUGARRIAK:<\/strong> Elastikotasun, fidagarritasun eta iraunkortasun bikaina, berreskurapen sendoarekin. Malgua eta ukimenerako leuna.<\/p>\n<p><strong>ERABILERAK:<\/strong> Igerilekuko estalkiak, kamioi-estalkiak, atoi-estalkiak, olibondo-soroetarako nekazaritzako estalkiak, bela nagusiaren uzkiruetarako itsas-estalkiak, driza eta belak berreskuratzeko, kiroletarako, jostailuetarako, toldoetarako, tapizeriarako, dendak eta beste hainbat aplikaziotarako.<\/p>\n<div align=\"center\">\n<table class=\"MsoNormalTable\" style=\"height: 231px; width: 183px; border: 1pt solid;\" border=\"1\" width=\"267\" cellpadding=\"0\">\n<thead>\n<tr style=\"height: 19.9pt;\">\n<td style=\"border: dashed #BBBBBB 1pt; background: #C6D9F1; padding: 0.75pt 0.75pt 0.75pt 0.75pt; height: 19.9pt;\">\n<p class=\"MsoNormal\" style=\"margin-bottom: 0.0001pt; text-align: center; line-height: normal;\" align=\"center\"><b><span style=\"font-size: 8.5pt; font-family: Verdana, sans-serif;\">Diametroa<\/span><\/b><\/p>\n<p>&nbsp;<\/td>\n<td style=\"border: dashed #BBBBBB 1pt; background: #C6D9F1; padding: 0.75pt 0.75pt 0.75pt 0.75pt; height: 19.9pt;\">\n<p class=\"MsoNormal\" style=\"margin-bottom: 0.0001pt; text-align: center; line-height: normal;\" align=\"center\"><b><span style=\"font-size: 8.5pt; font-family: Verdana, sans-serif;\">\u00a0 Gutxi gorabeherako pisua\u00a0 \u00a0<\/span><\/b><b><span style=\"font-size: 8.5pt; font-family: Verdana, sans-serif;\">kg\/100 m<\/span><\/b><\/p>\n<\/td>\n<\/tr>\n<\/thead>\n<tbody>\n<tr style=\"height: 9.95pt;\">\n<td style=\"border: dashed #BBBBBB 1pt; background: #D9D9D9; padding: 0.75pt 0.75pt 0.75pt 0.75pt; height: 9.95pt;\">\n<p class=\"MsoNormal\" style=\"margin-bottom: 0.0001pt; text-align: center; line-height: normal;\" align=\"center\"><span style=\"font-size: 8.5pt; font-family: Verdana, sans-serif;\">4 mm<\/span><\/p>\n<\/td>\n<td style=\"border: dashed #BBBBBB 1pt; background: #D9D9D9; padding: 0.75pt 0.75pt 0.75pt 0.75pt; height: 9.95pt;\">\n<p class=\"MsoNormal\" style=\"margin-bottom: 0.0001pt; text-align: center; line-height: normal;\" align=\"center\"><span style=\"font-size: 8.5pt; font-family: Verdana, sans-serif;\">1,30<\/span><\/p>\n<\/td>\n<\/tr>\n<tr style=\"height: 9.95pt;\">\n<td style=\"border: dashed #BBBBBB 1pt; padding: 0.75pt 0.75pt 0.75pt 0.75pt; height: 9.95pt;\">\n<p class=\"MsoNormal\" style=\"margin-bottom: 0.0001pt; text-align: center; line-height: normal;\" align=\"center\"><span style=\"font-size: 8.5pt; font-family: Verdana, sans-serif;\">5 mm<\/span><\/p>\n<\/td>\n<td style=\"border: dashed #BBBBBB 1pt; padding: 0.75pt 0.75pt 0.75pt 0.75pt; height: 9.95pt;\">\n<p class=\"MsoNormal\" style=\"margin-bottom: 0.0001pt; text-align: center; line-height: normal;\" align=\"center\"><span style=\"font-size: 8.5pt; font-family: Verdana, sans-serif;\">1,80<\/span><\/p>\n<\/td>\n<\/tr>\n<tr style=\"height: 9.25pt;\">\n<td style=\"border: dashed #BBBBBB 1pt; background: #D9D9D9; padding: 0.75pt 0.75pt 0.75pt 0.75pt; height: 9.25pt;\">\n<p class=\"MsoNormal\" style=\"margin-bottom: 0.0001pt; text-align: center; line-height: normal;\" align=\"center\"><span style=\"font-size: 8.5pt; font-family: Verdana, sans-serif;\">6 mm<\/span><\/p>\n<\/td>\n<td style=\"border: dashed #BBBBBB 1pt; background: #D9D9D9; padding: 0.75pt 0.75pt 0.75pt 0.75pt; height: 9.25pt;\">\n<p class=\"MsoNormal\" style=\"margin-bottom: 0.0001pt; text-align: center; line-height: normal;\" align=\"center\"><span style=\"font-size: 8.5pt; font-family: Verdana, sans-serif;\">3,00<\/span><\/p>\n<\/td>\n<\/tr>\n<tr style=\"height: 9.95pt;\">\n<td style=\"border: dashed #BBBBBB 1pt; padding: 0.75pt 0.75pt 0.75pt 0.75pt; height: 9.95pt;\">\n<p class=\"MsoNormal\" style=\"margin-bottom: 0.0001pt; text-align: center; line-height: normal;\" align=\"center\"><span style=\"font-size: 8.5pt; font-family: Verdana, sans-serif;\">8 mm<\/span><\/p>\n<\/td>\n<td style=\"border: dashed #BBBBBB 1pt; padding: 0.75pt 0.75pt 0.75pt 0.75pt; height: 9.95pt;\">\n<p class=\"MsoNormal\" style=\"margin-bottom: 0.0001pt; text-align: center; line-height: normal;\" align=\"center\"><span style=\"font-size: 8.5pt; font-family: Verdana, sans-serif;\">5,10<\/span><\/p>\n<\/td>\n<\/tr>\n<tr style=\"height: 9.95pt;\">\n<td style=\"border: dashed #BBBBBB 1pt; background: #D9D9D9; padding: 0.75pt 0.75pt 0.75pt 0.75pt; height: 9.95pt;\">\n<p class=\"MsoNormal\" style=\"margin-bottom: 0.0001pt; text-align: center; line-height: normal;\" align=\"center\"><span style=\"font-size: 8.5pt; font-family: Verdana, sans-serif;\">8,5 mm<\/span><\/p>\n<\/td>\n<td style=\"border: dashed #BBBBBB 1pt; background: #D9D9D9; padding: 0.75pt 0.75pt 0.75pt 0.75pt; height: 9.95pt;\">\n<p class=\"MsoNormal\" style=\"margin-bottom: 0.0001pt; text-align: center; line-height: normal;\" align=\"center\"><span style=\"font-size: 8.5pt; font-family: Verdana, sans-serif;\">6,30<\/span><\/p>\n<\/td>\n<\/tr>\n<tr style=\"height: 9.95pt;\">\n<td style=\"border: dashed #BBBBBB 1pt; padding: 0.75pt 0.75pt 0.75pt 0.75pt; height: 9.95pt;\">\n<p class=\"MsoNormal\" style=\"margin-bottom: 0.0001pt; text-align: center; line-height: normal;\" align=\"center\"><span style=\"font-size: 8.5pt; font-family: Verdana, sans-serif;\">10 mm<\/span><\/p>\n<\/td>\n<td style=\"border: dashed #BBBBBB 1pt; padding: 0.75pt 0.75pt 0.75pt 0.75pt; height: 9.95pt;\">\n<p class=\"MsoNormal\" style=\"margin-bottom: 0.0001pt; text-align: center; line-height: normal;\" align=\"center\"><span style=\"font-size: 8.5pt; font-family: Verdana, sans-serif;\">8,00<\/span><\/p>\n<\/td>\n<\/tr>\n<tr style=\"height: 9.25pt;\">\n<td style=\"border: dashed #BBBBBB 1pt; background: #D9D9D9; padding: 0.75pt 0.75pt 0.75pt 0.75pt; height: 9.25pt;\">\n<p class=\"MsoNormal\" style=\"margin-bottom: 0.0001pt; text-align: center; line-height: normal;\" align=\"center\"><span style=\"font-size: 8.5pt; font-family: Verdana, sans-serif;\">12 mm<\/span><\/p>\n<\/td>\n<td style=\"border: dashed #BBBBBB 1pt; background: #D9D9D9; padding: 0.75pt 0.75pt 0.75pt 0.75pt; height: 9.25pt;\">\n<p class=\"MsoNormal\" style=\"margin-bottom: 0.0001pt; text-align: center; line-height: normal;\" align=\"center\"><span style=\"font-size: 8.5pt; font-family: Verdana, sans-serif;\">10,10<\/span><\/p>\n<\/td>\n<\/tr>\n<\/tbody>\n<\/table>\n<\/div>","protected":false},"excerpt":{"rendered":"<p>Otros grosores, metrajes y colores \u00a1Consultar! Grosor 8,5 mm : En caja de 200 Metros COMPOSICI\u00d3N: Trenzado exterior 100 % poliamida alta tenacidad e interior 100 % l\u00e1tex natural extrusionado 1\u00aa calidad. CARACTER\u00cdSTICAS: Excelente elasticidad, fiabilidad y durabilidad, con recuperaci\u00f3n en\u00e9rgica. Flexible y suave al tacto. UTILIDADES: Lonas de piscinas, camiones, remolques, en agricultura para [&hellip;]<\/p>","protected":false},"featured_media":1653,"template":"","meta":[],"product_brand":[],"product_cat":[970,965,1224,1275,1055,967,1090,986],"product_tag":[],"class_list":{"0":"post-1672","1":"product","2":"type-product","3":"status-publish","4":"has-post-thumbnail","6":"product_cat-cordeleria","7":"product_cat-ferreteria","8":"product_cat-goma-elastica","9":"product_cat-goma-elastica-poliamida-cordeleria","10":"product_cat-poliamida-cordeleria","11":"product_cat-nautica","12":"product_cat-poliamida-cordeleria-nautica-nautica","13":"product_cat-cordeleria-nautica","14":"pa_color-azul","15":"pa_color-blanco","16":"pa_color-blancodistintivo","17":"pa_color-negro","18":"pa_color-rojo","19":"pa_color-verde","20":"pa_diametro-4mm","21":"pa_diametro-5mm","22":"pa_diametro-6mm","23":"pa_diametro-8mm","24":"pa_diametro-8_5mm","25":"pa_diametro-10mm","26":"pa_diametro-12mm","27":"pa_metraje-10m","28":"pa_metraje-15m","29":"pa_metraje-25m","30":"pa_metraje-50m","31":"pa_metraje-100m","32":"pa_metraje-200m","34":"first","35":"instock","36":"sale","37":"taxable","38":"shipping-taxable","39":"purchasable","40":"product-type-variable"},"tiered_pricing_type":"fixed","tiered_pricing_fixed_rules":[],"tiered_pricing_product_settings":{"layout":"default","base_unit_name":{"singular":null,"plural":null},"default_variation":null},"tiered_pricing_minimum_quantity":null,"tiered_pricing_roles_data":[],"tiered_pricing_percentage_rules":[],"_links":{"self":[{"href":"https:\/\/hilaturasegea.com\/eu\/wp-json\/wp\/v2\/product\/1672","targetHints":{"allow":["GET"]}}],"collection":[{"href":"https:\/\/hilaturasegea.com\/eu\/wp-json\/wp\/v2\/product"}],"about":[{"href":"https:\/\/hilaturasegea.com\/eu\/wp-json\/wp\/v2\/types\/product"}],"wp:featuredmedia":[{"embeddable":true,"href":"https:\/\/hilaturasegea.com\/eu\/wp-json\/wp\/v2\/media\/1653"}],"wp:attachment":[{"href":"https:\/\/hilaturasegea.com\/eu\/wp-json\/wp\/v2\/media?parent=1672"}],"wp:term":[{"taxonomy":"product_brand","embeddable":true,"href":"https:\/\/hilaturasegea.com\/eu\/wp-json\/wp\/v2\/product_brand?post=1672"},{"taxonomy":"product_cat","embeddable":true,"href":"https:\/\/hilaturasegea.com\/eu\/wp-json\/wp\/v2\/product_cat?post=1672"},{"taxonomy":"product_tag","embeddable":true,"href":"https:\/\/hilaturasegea.com\/eu\/wp-json\/wp\/v2\/product_tag?post=1672"}],"curies":[{"name":"wp","href":"https:\/\/api.w.org\/{rel}","templated":true}]}}