{"id":1816,"date":"2019-10-29T18:53:59","date_gmt":"2019-10-29T18:53:59","guid":{"rendered":"https:\/\/hilaturasegea.com\/index.php\/producto\/kevlar-ignifuga-y-de-seguridad\/"},"modified":"2025-05-19T17:58:16","modified_gmt":"2025-05-19T15:58:16","slug":"kevlar-ignifuga-y-de-seguridad","status":"publish","type":"product","link":"https:\/\/hilaturasegea.com\/eu\/produktua\/kevlar-ignifuga-y-de-seguridad\/","title":{"rendered":"Kevlar \/ Suaren aurkakoa (Segurtasuna)"},"content":{"rendered":"<p><strong>Araudia betetzen du: EN 1891<\/strong><\/p>\n<p><strong>KONPOSIZIOA:<\/strong> Kevlar kanpoko zorroa eta poliamidazko nukleoa.<\/p>\n<p><strong>EZAUGARRIAK:<\/strong><\/p>\n<p>Pisua (g\/m) 69<\/p>\n<p>Erorketa kopurua 30<\/p>\n<p>Indar erlatiboaren pisua (%) 39<\/p>\n<p>Zorroaren irristatzea (mm) 4<\/p>\n<p>Estatikoa (50-150 kg (%) 34<\/p>\n<p>Uzkurdura (%) 2<\/p>\n<p>Irmotasuna (kn) 34<\/p>\n<\/p>\n<p>Marruskaduraren aurkako erresistentzia handiagatik nabarmentzen da. Sokak 450-500 \u00b0C-ko sugar irekien eta bero itogarrien eraginpean egoteko gai da denbora laburrean.<\/p>","protected":false},"excerpt":{"rendered":"<p>Cumple la normativa: EN 1891 COMPOSICI\u00d3N: Funda exterior de Kevlar y n\u00facleo de poliamida. CARACTERISTICAS: Peso (g\/m) 69 N\u00famero de ca\u00eddas 30 Peso de la fuerza relativa (%) 39 Deslizamiento de la funda (mm) 4 Est\u00e1tico (50-150 kg (%) 34 Encogimiento (%) 2 Firmeza (kn) 34 Destaca por su elevada resistencia a la abrasi\u00f3n. La [&hellip;]<\/p>","protected":false},"featured_media":1814,"template":"","meta":[],"product_brand":[],"product_cat":[970,965,1133,992],"product_tag":[],"class_list":{"0":"post-1816","1":"product","2":"type-product","3":"status-publish","4":"has-post-thumbnail","6":"product_cat-cordeleria","7":"product_cat-ferreteria","8":"product_cat-ignifuga-y-de-seguridad-kevlar","9":"product_cat-kevlar","10":"pa_diametro-11mm","11":"pa_metros-100m","12":"pa_presentacion-carrete","14":"first","15":"instock","16":"sale","17":"taxable","18":"shipping-taxable","19":"purchasable","20":"product-type-variable","21":"has-default-attributes"},"tiered_pricing_type":"fixed","tiered_pricing_fixed_rules":[],"tiered_pricing_product_settings":{"layout":"default","base_unit_name":{"singular":null,"plural":null},"default_variation":null},"tiered_pricing_minimum_quantity":null,"tiered_pricing_roles_data":[],"tiered_pricing_percentage_rules":[],"_links":{"self":[{"href":"https:\/\/hilaturasegea.com\/eu\/wp-json\/wp\/v2\/product\/1816","targetHints":{"allow":["GET"]}}],"collection":[{"href":"https:\/\/hilaturasegea.com\/eu\/wp-json\/wp\/v2\/product"}],"about":[{"href":"https:\/\/hilaturasegea.com\/eu\/wp-json\/wp\/v2\/types\/product"}],"wp:featuredmedia":[{"embeddable":true,"href":"https:\/\/hilaturasegea.com\/eu\/wp-json\/wp\/v2\/media\/1814"}],"wp:attachment":[{"href":"https:\/\/hilaturasegea.com\/eu\/wp-json\/wp\/v2\/media?parent=1816"}],"wp:term":[{"taxonomy":"product_brand","embeddable":true,"href":"https:\/\/hilaturasegea.com\/eu\/wp-json\/wp\/v2\/product_brand?post=1816"},{"taxonomy":"product_cat","embeddable":true,"href":"https:\/\/hilaturasegea.com\/eu\/wp-json\/wp\/v2\/product_cat?post=1816"},{"taxonomy":"product_tag","embeddable":true,"href":"https:\/\/hilaturasegea.com\/eu\/wp-json\/wp\/v2\/product_tag?post=1816"}],"curies":[{"name":"wp","href":"https:\/\/api.w.org\/{rel}","templated":true}]}}