{"id":2128,"date":"2019-10-30T15:10:47","date_gmt":"2019-10-30T15:10:47","guid":{"rendered":"https:\/\/hilaturasegea.com\/index.php\/producto\/rafia-hilo-de-asiento-silla\/"},"modified":"2025-10-24T09:33:11","modified_gmt":"2025-10-24T07:33:11","slug":"rafia-hilo-de-asiento-silla","status":"publish","type":"product","link":"https:\/\/hilaturasegea.com\/eu\/produktua\/rafia-hilo-de-asiento-silla\/","title":{"rendered":"Rafia \/ Aulkiaren eserleku-haria"},"content":{"rendered":"<p><strong>KONPOSIZIOA:<\/strong> 100% zuntz sintetikoa. Polipropilenozko errafia.<\/p>\n<p><strong>EZAUGARRIAK:<\/strong> Elastikotasunik ez du. Flotatzen du. Ukimenean leuna eta malgua. UV izpien aurrean egonkortutako kolorea.<\/p>\n<p><strong>ERABILERAK:<\/strong> Aulkietarako bereziki fabrikatutako hari bihurrituak. Beste aplikazio batzuk: Ontziak, eskulanak, etiketak, lorezaintza, lorezaintza, haurtzaindegiak, brikolajea, jostailuak, etab.<\/p>","protected":false},"excerpt":{"rendered":"<p>COMPOSICI\u00d3N: Fibra sint\u00e9tica 100%. Rafia de polipropileno. CARACTER\u00cdSTICAS: Carece de elasticidad. Posee flotabilidad. Suave y flexible al tacto. Color estabilizado por rayos U.V. UTILIDADES: Hilos torcidos fabricados especialmente para asiento de silla. Otras aplicaciones : Paqueter\u00eda, manualidades, etiquetas, jardiner\u00eda, floricultura, viveros, bricolaje, jugueter\u00eda, etc.<\/p>","protected":false},"featured_media":2124,"template":"","meta":[],"product_brand":[],"product_cat":[970,965,1060,1298],"product_tag":[],"class_list":{"0":"post-2128","1":"product","2":"type-product","3":"status-publish","4":"has-post-thumbnail","6":"product_cat-cordeleria","7":"product_cat-ferreteria","8":"product_cat-rafia","9":"product_cat-hilo-de-asiento-silla","10":"pa_color-blanco","11":"pa_color-enea","12":"pa_referencia-t1200","14":"first","15":"instock","16":"sale","17":"taxable","18":"shipping-taxable","19":"purchasable","20":"product-type-variable","21":"has-default-attributes"},"tiered_pricing_type":"fixed","tiered_pricing_fixed_rules":[],"tiered_pricing_product_settings":{"layout":"default","base_unit_name":{"singular":null,"plural":null},"default_variation":null},"tiered_pricing_minimum_quantity":null,"tiered_pricing_roles_data":[],"tiered_pricing_percentage_rules":[],"_links":{"self":[{"href":"https:\/\/hilaturasegea.com\/eu\/wp-json\/wp\/v2\/product\/2128","targetHints":{"allow":["GET"]}}],"collection":[{"href":"https:\/\/hilaturasegea.com\/eu\/wp-json\/wp\/v2\/product"}],"about":[{"href":"https:\/\/hilaturasegea.com\/eu\/wp-json\/wp\/v2\/types\/product"}],"wp:featuredmedia":[{"embeddable":true,"href":"https:\/\/hilaturasegea.com\/eu\/wp-json\/wp\/v2\/media\/2124"}],"wp:attachment":[{"href":"https:\/\/hilaturasegea.com\/eu\/wp-json\/wp\/v2\/media?parent=2128"}],"wp:term":[{"taxonomy":"product_brand","embeddable":true,"href":"https:\/\/hilaturasegea.com\/eu\/wp-json\/wp\/v2\/product_brand?post=2128"},{"taxonomy":"product_cat","embeddable":true,"href":"https:\/\/hilaturasegea.com\/eu\/wp-json\/wp\/v2\/product_cat?post=2128"},{"taxonomy":"product_tag","embeddable":true,"href":"https:\/\/hilaturasegea.com\/eu\/wp-json\/wp\/v2\/product_tag?post=2128"}],"curies":[{"name":"wp","href":"https:\/\/api.w.org\/{rel}","templated":true}]}}