{"id":2185,"date":"2019-10-30T15:16:04","date_gmt":"2019-10-30T15:16:04","guid":{"rendered":"https:\/\/hilaturasegea.com\/index.php\/producto\/polietileno-guia-3-cabos\/"},"modified":"2025-06-13T12:30:17","modified_gmt":"2025-06-13T10:30:17","slug":"polietileno-guia-3-cabos","status":"publish","type":"product","link":"https:\/\/hilaturasegea.com\/eu\/produktua\/polietileno-guia-3-cabos\/","title":{"rendered":"Polietilenoa \/ 3 hariko gida"},"content":{"rendered":"<p><strong>KONPOSIZIOA:<\/strong> 100 % dentsitate handiko polietilenozko monofilamento zuntz sintetikoa.<\/p>\n<p><strong>EZAUGARRIAK:<\/strong> Soka erdi-zurruna eta urarekiko erresistentea, flotagarritasuna du, elastikotasun minimoa du, ukimenerako leuna da eta edozein gainazaletan erraz irristatzen da.<\/p>\n<p><strong>ERABILERAK:<\/strong> Mota guztietako kableak arku-zuloetatik, lurpeko hodietatik, aireko kanaletatik eta abarretatik pasatzeko gida-alanbrea.<\/p>\n<p style=\"text-align: center;\"><img fetchpriority=\"high\" decoding=\"async\" class=\"size-full wp-image-2183\" src=\"https:\/\/hilaturasegea.com\/wp-content\/uploads\/2019\/10\/PAGINA-24.jpg\" alt=\"\" width=\"533\" height=\"377\" srcset=\"https:\/\/hilaturasegea.com\/wp-content\/uploads\/2019\/10\/PAGINA-24.jpg 533w, https:\/\/hilaturasegea.com\/wp-content\/uploads\/2019\/10\/PAGINA-24-300x212.jpg 300w\" sizes=\"(max-width: 533px) 100vw, 533px\" \/><\/p>\n<table class=\"MsoNormalTable\" style=\"width: 267.7pt; border: 1pt solid; margin-left: auto; margin-right: auto;\" border=\"1\" width=\"357\" cellpadding=\"0\">\n<thead>\n<tr style=\"height: 21pt;\">\n<td style=\"border: dashed #BBBBBB 1pt; background: #C6D9F1; padding: 0.75pt 0.75pt 0.75pt 0.75pt; height: 21pt;\">\n<p class=\"MsoNormal\" style=\"margin-bottom: 0.0001pt; text-align: center; line-height: normal;\" align=\"center\"><b><span style=\"font-size: 8.5pt; font-family: Verdana, 'sans-serif'; color: #000000;\">Diametroa<\/span><\/b><\/p>\n<\/td>\n<td style=\"border: dashed #BBBBBB 1pt; background: #C6D9F1; padding: 0.75pt 0.75pt 0.75pt 0.75pt; height: 21pt;\">\n<p class=\"MsoNormal\" style=\"margin-bottom: 0.0001pt; text-align: center; line-height: normal;\" align=\"center\"><b><span style=\"font-size: 8.5pt; font-family: Verdana, 'sans-serif'; color: #000000;\">Haustura-karga<br \/>\nGutxi gorabehera (kg)<\/span><\/b><\/p>\n<\/td>\n<td style=\"border: dashed #BBBBBB 1pt; background: #C6D9F1; padding: 0.75pt 0.75pt 0.75pt 0.75pt; height: 21pt;\">\n<p class=\"MsoNormal\" style=\"margin-bottom: 0.0001pt; text-align: center; line-height: normal;\" align=\"center\"><b><span style=\"font-size: 8.5pt; font-family: Verdana, 'sans-serif'; color: #000000;\">Gutxi gorabeherako pisua<br \/>\nkg\/100 m<\/span><\/b><\/p>\n<\/td>\n<\/tr>\n<\/thead>\n<tbody>\n<tr style=\"height: 10.5pt;\">\n<td style=\"border: dashed #BBBBBB 1pt; background: #D9D9D9; padding: 0.75pt 0.75pt 0.75pt 0.75pt; height: 10.5pt;\">\n<p class=\"MsoNormal\" style=\"margin-bottom: 0.0001pt; text-align: center; line-height: normal;\" align=\"center\"><span style=\"font-size: 8.5pt; font-family: Verdana, 'sans-serif'; color: #000000;\">3 mm<\/span><\/p>\n<\/td>\n<td style=\"border: dashed #BBBBBB 1pt; background: #D9D9D9; padding: 0.75pt 0.75pt 0.75pt 0.75pt; height: 10.5pt;\"><\/td>\n<td style=\"border: dashed #BBBBBB 1pt; background: #D9D9D9; padding: 0.75pt 0.75pt 0.75pt 0.75pt; height: 10.5pt;\">\n<p class=\"MsoNormal\" style=\"margin-bottom: 0.0001pt; text-align: center; line-height: normal;\" align=\"center\"><span style=\"font-size: 8.5pt; font-family: Verdana, 'sans-serif'; color: #000000;\">0,50<\/span><\/p>\n<\/td>\n<\/tr>\n<tr style=\"height: 11.25pt;\">\n<td style=\"border: dashed #BBBBBB 1pt; padding: 0.75pt 0.75pt 0.75pt 0.75pt; height: 11.25pt;\">\n<p class=\"MsoNormal\" style=\"margin-bottom: 0.0001pt; text-align: center; line-height: normal;\" align=\"center\"><span style=\"font-size: 8.5pt; font-family: Verdana, 'sans-serif'; color: #000000;\">4 mm<\/span><\/p>\n<\/td>\n<td style=\"border: dashed #BBBBBB 1pt; padding: 0.75pt 0.75pt 0.75pt 0.75pt; height: 11.25pt;\">\n<p class=\"MsoNormal\" style=\"margin-bottom: 0.0001pt; text-align: center; line-height: normal;\" align=\"center\"><span style=\"font-size: 8.5pt; font-family: Verdana, 'sans-serif'; color: #000000;\">160<\/span><\/p>\n<\/td>\n<td style=\"border: dashed #BBBBBB 1pt; padding: 0.75pt 0.75pt 0.75pt 0.75pt; height: 11.25pt;\">\n<p class=\"MsoNormal\" style=\"margin-bottom: 0.0001pt; text-align: center; line-height: normal;\" align=\"center\"><span style=\"font-size: 8.5pt; font-family: Verdana, 'sans-serif'; color: #000000;\">0,78<\/span><\/p>\n<\/td>\n<\/tr>\n<tr style=\"height: 11.25pt;\">\n<td style=\"border: dashed #BBBBBB 1pt; background: #D9D9D9; padding: 0.75pt 0.75pt 0.75pt 0.75pt; height: 11.25pt;\">\n<p class=\"MsoNormal\" style=\"margin-bottom: 0.0001pt; text-align: center; line-height: normal;\" align=\"center\"><span style=\"font-size: 8.5pt; font-family: Verdana, 'sans-serif'; color: #000000;\">5 mm<\/span><\/p>\n<\/td>\n<td style=\"border: dashed #BBBBBB 1pt; background: #D9D9D9; padding: 0.75pt 0.75pt 0.75pt 0.75pt; height: 11.25pt;\"><\/td>\n<td style=\"border: dashed #BBBBBB 1pt; background: #D9D9D9; padding: 0.75pt 0.75pt 0.75pt 0.75pt; height: 11.25pt;\">\n<p class=\"MsoNormal\" style=\"margin-bottom: 0.0001pt; text-align: center; line-height: normal;\" align=\"center\"><span style=\"font-size: 8.5pt; font-family: Verdana, 'sans-serif'; color: #000000;\">1,00<\/span><\/p>\n<\/td>\n<\/tr>\n<\/tbody>\n<\/table>","protected":false},"excerpt":{"rendered":"<p>COMPOSICI\u00d3N: Fibra 100 % sint\u00e9tica de monofilamento de polietileno alta densidad. CARACTER\u00cdSTICAS: Cord\u00f3n semirr\u00edgido, resistente al agua, posee flotabilidad, m\u00ednima elasticidad, suave al tacto, se desliza con facilidad sobre cualquier superficie. UTILIDADES: Hilo gu\u00eda para pasar todo tipo de cables por arquetas, subconductos subterr\u00e1neos, canaletas a\u00e9reas, etc. Di\u00e1metro Carga Rotura Aprox. (kg) Peso Aprox. kg\/100 [&hellip;]<\/p>","protected":false},"featured_media":2179,"template":"","meta":[],"product_brand":[],"product_cat":[970,965,1058,1299],"product_tag":[],"class_list":{"0":"post-2185","1":"product","2":"type-product","3":"status-publish","4":"has-post-thumbnail","6":"product_cat-cordeleria","7":"product_cat-ferreteria","8":"product_cat-polietileno-cordeleria","9":"product_cat-guia-3-cabos","10":"pa_diametro-3mm","11":"pa_diametro-4mm","12":"pa_diametro-5mm","13":"pa_metraje-200m","14":"pa_metraje-500m","16":"first","17":"instock","18":"sale","19":"taxable","20":"shipping-taxable","21":"purchasable","22":"product-type-variable"},"tiered_pricing_type":"fixed","tiered_pricing_fixed_rules":[],"tiered_pricing_product_settings":{"layout":"default","base_unit_name":{"singular":null,"plural":null},"default_variation":null},"tiered_pricing_minimum_quantity":null,"tiered_pricing_roles_data":[],"tiered_pricing_percentage_rules":[],"_links":{"self":[{"href":"https:\/\/hilaturasegea.com\/eu\/wp-json\/wp\/v2\/product\/2185","targetHints":{"allow":["GET"]}}],"collection":[{"href":"https:\/\/hilaturasegea.com\/eu\/wp-json\/wp\/v2\/product"}],"about":[{"href":"https:\/\/hilaturasegea.com\/eu\/wp-json\/wp\/v2\/types\/product"}],"wp:featuredmedia":[{"embeddable":true,"href":"https:\/\/hilaturasegea.com\/eu\/wp-json\/wp\/v2\/media\/2179"}],"wp:attachment":[{"href":"https:\/\/hilaturasegea.com\/eu\/wp-json\/wp\/v2\/media?parent=2185"}],"wp:term":[{"taxonomy":"product_brand","embeddable":true,"href":"https:\/\/hilaturasegea.com\/eu\/wp-json\/wp\/v2\/product_brand?post=2185"},{"taxonomy":"product_cat","embeddable":true,"href":"https:\/\/hilaturasegea.com\/eu\/wp-json\/wp\/v2\/product_cat?post=2185"},{"taxonomy":"product_tag","embeddable":true,"href":"https:\/\/hilaturasegea.com\/eu\/wp-json\/wp\/v2\/product_tag?post=2185"}],"curies":[{"name":"wp","href":"https:\/\/api.w.org\/{rel}","templated":true}]}}