{"id":2372,"date":"2019-10-30T15:22:59","date_gmt":"2019-10-30T15:22:59","guid":{"rendered":"https:\/\/hilaturasegea.com\/index.php\/producto\/polietileno-cinta-injertar\/"},"modified":"2025-06-13T12:27:39","modified_gmt":"2025-06-13T10:27:39","slug":"polietileno-cinta-injertar","status":"publish","type":"product","link":"https:\/\/hilaturasegea.com\/eu\/produktua\/polietileno-cinta-injertar\/","title":{"rendered":"Polietilenozko \/ Txertatze-zinta"},"content":{"rendered":"<p><strong>KONPOSIZIOA:<\/strong> Polietileno zuri gardena.<\/p>\n<p><strong>EZAUGARRIAK:<\/strong> Elastikoa da eta ondo lotuta dago. Eguraldiarekiko eta hezetasunarekiko oso erresistentea da. Flotatzen du. Zinta barrutik askatzeko aukera ematen duen biribilki erretraktil batean fabrikatzen da. Bere helburua txertoari presioa egitea da, itolarria eragin gabe.<\/p>\n<p><strong>ERABILERAK:<\/strong> Lorezaintza, mintegiak, negutegiak, fruta-arbolen txertaketak, brikolajea, aplikazio anitz, etab.<\/p>\n<table class=\"MsoNormalTable\" style=\"width: 180pt; border: 1pt solid; margin-left: auto; margin-right: auto;\" border=\"1\" width=\"240\" cellpadding=\"0\">\n<thead>\n<tr>\n<td style=\"width: 92.9pt; border: dashed #BBBBBB 1pt; background: #C6D9F1; padding: 0.75pt 0.75pt 0.75pt 0.75pt;\" width=\"124\">\n<p class=\"MsoNormal\" style=\"margin-bottom: 0.0001pt; text-align: center; line-height: normal;\" align=\"center\"><b><span style=\"font-size: 8.5pt; font-family: Verdana, 'sans-serif'; color: #000000;\">Diametroa<\/span><\/b><\/p>\n<\/td>\n<td style=\"width: 104.05pt; border: dashed #BBBBBB 1pt; background: #C6D9F1; padding: 0.75pt 0.75pt 0.75pt 0.75pt;\" width=\"139\">\n<p class=\"MsoNormal\" style=\"margin-bottom: 0.0001pt; text-align: center; line-height: normal;\" align=\"center\"><b><span style=\"font-size: 8.5pt; font-family: Verdana, 'sans-serif'; color: #000000;\">Gutxi gorabeherako pisu unitatea (kg)<\/span><\/b><\/p>\n<\/td>\n<\/tr>\n<\/thead>\n<tbody>\n<tr>\n<td style=\"width: 92.9pt; border: dashed #BBBBBB 1pt; background: #D9D9D9; padding: 0.75pt 0.75pt 0.75pt 0.75pt;\" width=\"124\">\n<p class=\"MsoNormal\" style=\"margin-bottom: 0.0001pt; text-align: center; line-height: normal;\" align=\"center\"><span style=\"font-size: 8.5pt; font-family: Verdana, 'sans-serif'; color: #000000;\">15 mm<\/span><\/p>\n<\/td>\n<td style=\"width: 104.05pt; border: dashed #BBBBBB 1pt; background: #D9D9D9; padding: 0.75pt 0.75pt 0.75pt 0.75pt;\" width=\"139\">\n<p class=\"MsoNormal\" style=\"margin-bottom: 0.0001pt; text-align: center; line-height: normal;\" align=\"center\"><span style=\"font-size: 8.5pt; font-family: Verdana, 'sans-serif'; color: #000000;\">0,9<\/span><\/p>\n<\/td>\n<\/tr>\n<\/tbody>\n<\/table>","protected":false},"excerpt":{"rendered":"<p>COMPOSICI\u00d3N: Polietileno blanco transparente. CARACTER\u00cdSTICAS: Posee elasticidad y su atado lo realiza con firmeza. Gran resistencia a la intemperie y humedad. Posee flotabilidad. Fabricado en rollo retractilado, lo que permite que la cinta podamos desenrollar por el interior. Su misi\u00f3n es la de ejercer presi\u00f3n sobre el injerto sin provocar estrangulamiento. UTILIDADES: Jardiner\u00eda, viveros, invernaderos, [&hellip;]<\/p>","protected":false},"featured_media":2370,"template":"","meta":[],"product_brand":[],"product_cat":[1135,970,965,1058],"product_tag":[],"class_list":{"0":"post-2372","1":"product","2":"type-product","3":"status-publish","4":"has-post-thumbnail","6":"product_cat-cinta-injertar-polietileno-cordeleria","7":"product_cat-cordeleria","8":"product_cat-ferreteria","9":"product_cat-polietileno-cordeleria","10":"pa_ancho-15mm","11":"pa_color-transparente","12":"pa_metraje-120m","13":"pa_presentacion-rollo","15":"first","16":"instock","17":"sale","18":"taxable","19":"shipping-taxable","20":"purchasable","21":"product-type-variable"},"tiered_pricing_type":"fixed","tiered_pricing_fixed_rules":[],"tiered_pricing_product_settings":{"layout":"default","base_unit_name":{"singular":null,"plural":null},"default_variation":null},"tiered_pricing_minimum_quantity":null,"tiered_pricing_roles_data":[],"tiered_pricing_percentage_rules":[],"_links":{"self":[{"href":"https:\/\/hilaturasegea.com\/eu\/wp-json\/wp\/v2\/product\/2372","targetHints":{"allow":["GET"]}}],"collection":[{"href":"https:\/\/hilaturasegea.com\/eu\/wp-json\/wp\/v2\/product"}],"about":[{"href":"https:\/\/hilaturasegea.com\/eu\/wp-json\/wp\/v2\/types\/product"}],"wp:featuredmedia":[{"embeddable":true,"href":"https:\/\/hilaturasegea.com\/eu\/wp-json\/wp\/v2\/media\/2370"}],"wp:attachment":[{"href":"https:\/\/hilaturasegea.com\/eu\/wp-json\/wp\/v2\/media?parent=2372"}],"wp:term":[{"taxonomy":"product_brand","embeddable":true,"href":"https:\/\/hilaturasegea.com\/eu\/wp-json\/wp\/v2\/product_brand?post=2372"},{"taxonomy":"product_cat","embeddable":true,"href":"https:\/\/hilaturasegea.com\/eu\/wp-json\/wp\/v2\/product_cat?post=2372"},{"taxonomy":"product_tag","embeddable":true,"href":"https:\/\/hilaturasegea.com\/eu\/wp-json\/wp\/v2\/product_tag?post=2372"}],"curies":[{"name":"wp","href":"https:\/\/api.w.org\/{rel}","templated":true}]}}