{"id":2395,"date":"2019-10-30T15:26:53","date_gmt":"2019-10-30T15:26:53","guid":{"rendered":"https:\/\/hilaturasegea.com\/index.php\/producto\/poliestil-maroma-verde-4-cordones\/"},"modified":"2025-06-13T12:26:11","modified_gmt":"2025-06-13T10:26:11","slug":"poliestil-maroma-verde-4-cordones","status":"publish","type":"product","link":"https:\/\/hilaturasegea.com\/eu\/produktua\/poliestil-maroma-verde-4-cordones\/","title":{"rendered":"Poliestirenozko \/ Soka Berdea 4 Soka Erroilu 200m"},"content":{"rendered":"<p>ESTACHA Kontsultatu!<\/p>\n<p><strong>KONPOSIZIOA:<\/strong> Polipropilenoa + Polietilenoa<\/p>\n<p><b>EZAUGARRIAK<\/b><strong>:<\/strong> Flotagarritasuna du, polietilenozko sokaren eta polipropilenozko sokaren gainetik dagoen haustura-zama bikaina, tolestura eta urradurarekiko erresistentzia handia, uretan eta agente atmosferikoetan portaera bikaina, elastikotasun minimoa, UV egonkortua. 100 \u00baC-ra arte egonkorra. Urtze-puntua 165 \u00baC. Ura xurgatzeko ahalmena 1 % baino txikiagoa.<\/p>\n<p><strong>ERABILGARRITASUNA:<\/strong> Arrantza, nautika (sare eta boia), itsas efektuak, poleak, putzuetan eta ureztatzeko urmaeletan motorrak sartzeko aproposa den soka, etab.<\/p>\n<table class=\"MsoNormalTable\" style=\"width: 281pt; border: 1pt solid; margin-left: auto; margin-right: auto;\" border=\"1\" width=\"375\" cellpadding=\"0\">\n<thead>\n<tr style=\"height: 19.3pt;\">\n<td style=\"border: dashed #BBBBBB 1pt; background: #C6D9F1; padding: .75pt .75pt .75pt .75pt; height: 19.3pt;\">\n<p class=\"MsoNormal\" style=\"margin-bottom: .0001pt; text-align: center; line-height: normal;\" align=\"center\"><b><span style=\"font-size: 8.5pt; font-family: Verdana, 'sans-serif'; color: #000000;\">Diametroa<\/span><\/b><\/p>\n<p>&nbsp;<\/td>\n<td style=\"border: dashed #BBBBBB 1pt; background: #C6D9F1; padding: .75pt .75pt .75pt .75pt; height: 19.3pt;\">\n<p class=\"MsoNormal\" style=\"margin-bottom: .0001pt; text-align: center; line-height: normal;\" align=\"center\"><b><span style=\"font-size: 8.5pt; font-family: Verdana, 'sans-serif'; color: #000000;\">Haustura-karga<br \/>\nGutxi gorabehera (kg)<\/span><\/b><\/p>\n<p>&nbsp;<\/td>\n<td style=\"border: dashed #BBBBBB 1pt; background: #C6D9F1; padding: .75pt .75pt .75pt .75pt; height: 19.3pt;\">\n<p class=\"MsoNormal\" style=\"margin-bottom: .0001pt; text-align: center; line-height: normal;\" align=\"center\"><b><span style=\"font-size: 8.5pt; font-family: Verdana, 'sans-serif'; color: #000000;\">Gutxi gorabeherako pisua<br \/>\nUnitatea (kg)<\/span><\/b><\/p>\n<p>&nbsp;<\/td>\n<\/tr>\n<\/thead>\n<tbody>\n<tr style=\"height: 8.95pt;\">\n<td style=\"border: dashed #BBBBBB 1pt; background: #D9D9D9; padding: .75pt .75pt .75pt .75pt; height: 8.95pt;\">\n<p class=\"MsoNormal\" style=\"margin-bottom: .0001pt; text-align: center; line-height: normal;\" align=\"center\"><span style=\"font-size: 8.5pt; font-family: Verdana, 'sans-serif'; color: #000000;\">6 mm<\/span><\/p>\n<\/td>\n<td style=\"border: dashed #BBBBBB 1pt; background: #D9D9D9; padding: .75pt .75pt .75pt .75pt; height: 8.95pt;\">\n<p class=\"MsoNormal\" style=\"margin-bottom: .0001pt; text-align: center; line-height: normal;\" align=\"center\"><span style=\"font-size: 8.5pt; font-family: Verdana, 'sans-serif'; color: #000000;\">577<\/span><\/p>\n<\/td>\n<td style=\"border: dashed #BBBBBB 1pt; background: #D9D9D9; padding: .75pt .75pt .75pt .75pt; height: 8.95pt;\">\n<p class=\"MsoNormal\" style=\"margin-bottom: .0001pt; text-align: center; line-height: normal;\" align=\"center\"><span style=\"font-size: 8.5pt; font-family: Verdana, 'sans-serif'; color: #000000;\">4,5<\/span><\/p>\n<\/td>\n<\/tr>\n<tr style=\"height: 9.65pt;\">\n<td style=\"border: dashed #BBBBBB 1pt; padding: .75pt .75pt .75pt .75pt; height: 9.65pt;\">\n<p class=\"MsoNormal\" style=\"margin-bottom: .0001pt; text-align: center; line-height: normal;\" align=\"center\"><span style=\"font-size: 8.5pt; font-family: Verdana, 'sans-serif'; color: #000000;\">8 mm<\/span><\/p>\n<\/td>\n<td style=\"border: dashed #BBBBBB 1pt; padding: .75pt .75pt .75pt .75pt; height: 9.65pt;\">\n<p class=\"MsoNormal\" style=\"margin-bottom: .0001pt; text-align: center; line-height: normal;\" align=\"center\"><span style=\"font-size: 8.5pt; font-family: Verdana, 'sans-serif'; color: #000000;\">1020<\/span><\/p>\n<\/td>\n<td style=\"border: dashed #BBBBBB 1pt; padding: .75pt .75pt .75pt .75pt; height: 9.65pt;\">\n<p class=\"MsoNormal\" style=\"margin-bottom: .0001pt; text-align: center; line-height: normal;\" align=\"center\"><span style=\"font-size: 8.5pt; font-family: Verdana, 'sans-serif'; color: #000000;\">7<\/span><\/p>\n<\/td>\n<\/tr>\n<tr style=\"height: 9.65pt;\">\n<td style=\"border: dashed #BBBBBB 1pt; background: #D9D9D9; padding: .75pt .75pt .75pt .75pt; height: 9.65pt;\">\n<p class=\"MsoNormal\" style=\"margin-bottom: .0001pt; text-align: center; line-height: normal;\" align=\"center\"><span style=\"font-size: 8.5pt; font-family: Verdana, 'sans-serif'; color: #000000;\">10 mm<\/span><\/p>\n<\/td>\n<td style=\"border: dashed #BBBBBB 1pt; background: #D9D9D9; padding: .75pt .75pt .75pt .75pt; height: 9.65pt;\">\n<p class=\"MsoNormal\" style=\"margin-bottom: .0001pt; text-align: center; line-height: normal;\" align=\"center\"><span style=\"font-size: 8.5pt; font-family: Verdana, 'sans-serif'; color: #000000;\">1530<\/span><\/p>\n<\/td>\n<td style=\"border: dashed #BBBBBB 1pt; background: #D9D9D9; padding: .75pt .75pt .75pt .75pt; height: 9.65pt;\">\n<p class=\"MsoNormal\" style=\"margin-bottom: .0001pt; text-align: center; line-height: normal;\" align=\"center\"><span style=\"font-size: 8.5pt; font-family: Verdana, 'sans-serif'; color: #000000;\">10<\/span><\/p>\n<\/td>\n<\/tr>\n<tr style=\"height: 9.65pt;\">\n<td style=\"border: dashed #BBBBBB 1pt; padding: .75pt .75pt .75pt .75pt; height: 9.65pt;\">\n<p class=\"MsoNormal\" style=\"margin-bottom: .0001pt; text-align: center; line-height: normal;\" align=\"center\"><span style=\"font-size: 8.5pt; font-family: Verdana, 'sans-serif'; color: #000000;\">12 mm<\/span><\/p>\n<\/td>\n<td style=\"border: dashed #BBBBBB 1pt; padding: .75pt .75pt .75pt .75pt; height: 9.65pt;\">\n<p class=\"MsoNormal\" style=\"margin-bottom: .0001pt; text-align: center; line-height: normal;\" align=\"center\"><span style=\"font-size: 8.5pt; font-family: Verdana, 'sans-serif'; color: #000000;\">2175<\/span><\/p>\n<\/td>\n<td style=\"border: dashed #BBBBBB 1pt; padding: .75pt .75pt .75pt .75pt; height: 9.65pt;\">\n<p class=\"MsoNormal\" style=\"margin-bottom: .0001pt; text-align: center; line-height: normal;\" align=\"center\"><span style=\"font-size: 8.5pt; font-family: Verdana, 'sans-serif'; color: #000000;\">14<\/span><\/p>\n<\/td>\n<\/tr>\n<tr style=\"height: 8.95pt;\">\n<td style=\"border: dashed #BBBBBB 1pt; background: #D9D9D9; padding: .75pt .75pt .75pt .75pt; height: 8.95pt;\">\n<p class=\"MsoNormal\" style=\"margin-bottom: .0001pt; text-align: center; line-height: normal;\" align=\"center\"><span style=\"font-size: 8.5pt; font-family: Verdana, 'sans-serif'; color: #000000;\">14 mm<\/span><\/p>\n<\/td>\n<td style=\"border: dashed #BBBBBB 1pt; background: #D9D9D9; padding: .75pt .75pt .75pt .75pt; height: 8.95pt;\">\n<p class=\"MsoNormal\" style=\"margin-bottom: .0001pt; text-align: center; line-height: normal;\" align=\"center\"><span style=\"font-size: 8.5pt; font-family: Verdana, 'sans-serif'; color: #000000;\">2900<\/span><\/p>\n<\/td>\n<td style=\"border: dashed #BBBBBB 1pt; background: #D9D9D9; padding: .75pt .75pt .75pt .75pt; height: 8.95pt;\">\n<p class=\"MsoNormal\" style=\"margin-bottom: .0001pt; text-align: center; line-height: normal;\" align=\"center\"><span style=\"font-size: 8.5pt; font-family: Verdana, 'sans-serif'; color: #000000;\">19<\/span><\/p>\n<\/td>\n<\/tr>\n<tr style=\"height: 9.65pt;\">\n<td style=\"border: dashed #BBBBBB 1pt; padding: .75pt .75pt .75pt .75pt; height: 9.65pt;\">\n<p class=\"MsoNormal\" style=\"margin-bottom: .0001pt; text-align: center; line-height: normal;\" align=\"center\"><span style=\"font-size: 8.5pt; font-family: Verdana, 'sans-serif'; color: #000000;\">16 mm<\/span><\/p>\n<\/td>\n<td style=\"border: dashed #BBBBBB 1pt; padding: .75pt .75pt .75pt .75pt; height: 9.65pt;\">\n<p class=\"MsoNormal\" style=\"margin-bottom: .0001pt; text-align: center; line-height: normal;\" align=\"center\"><span style=\"font-size: 8.5pt; font-family: Verdana, 'sans-serif'; color: #000000;\">3600<\/span><\/p>\n<\/td>\n<td style=\"border: dashed #BBBBBB 1pt; padding: .75pt .75pt .75pt .75pt; height: 9.65pt;\">\n<p class=\"MsoNormal\" style=\"margin-bottom: .0001pt; text-align: center; line-height: normal;\" align=\"center\"><span style=\"font-size: 8.5pt; font-family: Verdana, 'sans-serif'; color: #000000;\">26<\/span><\/p>\n<\/td>\n<\/tr>\n<tr style=\"height: 9.65pt;\">\n<td style=\"border: dashed #BBBBBB 1pt; background: #D9D9D9; padding: .75pt .75pt .75pt .75pt; height: 9.65pt;\">\n<p class=\"MsoNormal\" style=\"margin-bottom: .0001pt; text-align: center; line-height: normal;\" align=\"center\"><span style=\"font-size: 8.5pt; font-family: Verdana, 'sans-serif'; color: #000000;\">18 mm<\/span><\/p>\n<\/td>\n<td style=\"border: dashed #BBBBBB 1pt; background: #D9D9D9; padding: .75pt .75pt .75pt .75pt; height: 9.65pt;\">\n<p class=\"MsoNormal\" style=\"margin-bottom: .0001pt; text-align: center; line-height: normal;\" align=\"center\"><span style=\"font-size: 8.5pt; font-family: Verdana, 'sans-serif'; color: #000000;\">4700<\/span><\/p>\n<\/td>\n<td style=\"border: dashed #BBBBBB 1pt; background: #D9D9D9; padding: .75pt .75pt .75pt .75pt; height: 9.65pt;\">\n<p class=\"MsoNormal\" style=\"margin-bottom: .0001pt; text-align: center; line-height: normal;\" align=\"center\"><span style=\"font-size: 8.5pt; font-family: Verdana, 'sans-serif'; color: #000000;\">32<\/span><\/p>\n<\/td>\n<\/tr>\n<tr style=\"height: 9.65pt;\">\n<td style=\"border: dashed #BBBBBB 1pt; padding: .75pt .75pt .75pt .75pt; height: 9.65pt;\">\n<p class=\"MsoNormal\" style=\"margin-bottom: .0001pt; text-align: center; line-height: normal;\" align=\"center\"><span style=\"font-size: 8.5pt; font-family: Verdana, 'sans-serif'; color: #000000;\">20 mm<\/span><\/p>\n<\/td>\n<td style=\"border: dashed #BBBBBB 1pt; padding: .75pt .75pt .75pt .75pt; height: 9.65pt;\">\n<p class=\"MsoNormal\" style=\"margin-bottom: .0001pt; text-align: center; line-height: normal;\" align=\"center\"><span style=\"font-size: 8.5pt; font-family: Verdana, 'sans-serif'; color: #000000;\">5700<\/span><\/p>\n<\/td>\n<td style=\"border: dashed #BBBBBB 1pt; padding: .75pt .75pt .75pt .75pt; height: 9.65pt;\">\n<p class=\"MsoNormal\" style=\"margin-bottom: .0001pt; text-align: center; line-height: normal;\" align=\"center\"><span style=\"font-size: 8.5pt; font-family: Verdana, 'sans-serif'; color: #000000;\">38<\/span><\/p>\n<\/td>\n<\/tr>\n<\/tbody>\n<\/table>","protected":false},"excerpt":{"rendered":"<p>ESTACHA \u00a1Consultar! COMPOSICI\u00d3N: Polipropileno + Polietileno CARACTER\u00cdSTICAS: Posee flotabilidad, excelente carga de rotura superior a la maroma de Polietileno y maroma de Polipropileno, gran resistencia a flexi\u00f3n y a la abrasi\u00f3n, excelente comportamiento en agua y a los agentes atmosf\u00e9ricos, m\u00ednima elasticidad, estabilizado por rayos U.V. Estable hasta 100 \u00baC. Punto de fusi\u00f3n 165 \u00baC. [&hellip;]<\/p>","protected":false},"featured_media":2391,"template":"","meta":[],"product_brand":[],"product_cat":[970,965,1137,1239,1057,967,1100,986],"product_tag":[],"class_list":{"0":"post-2395","1":"product","2":"type-product","3":"status-publish","4":"has-post-thumbnail","6":"product_cat-cordeleria","7":"product_cat-ferreteria","8":"product_cat-maroma-verde-4-cordones-poliestil","9":"product_cat-maroma-verde-4-cordones-poliestil-cordeleria-nautica-nautica","10":"product_cat-poliestil","11":"product_cat-nautica","12":"product_cat-poliestil-cordeleria-nautica-nautica","13":"product_cat-cordeleria-nautica","14":"pa_diametro-6mm","15":"pa_diametro-8mm","16":"pa_diametro-10mm","17":"pa_diametro-12mm","18":"pa_diametro-14mm","19":"pa_diametro-16mm","20":"pa_diametro-18mm","21":"pa_diametro-20mm","23":"first","24":"instock","25":"sale","26":"taxable","27":"shipping-taxable","28":"purchasable","29":"product-type-variable"},"tiered_pricing_type":"fixed","tiered_pricing_fixed_rules":[],"tiered_pricing_product_settings":{"layout":"default","base_unit_name":{"singular":null,"plural":null},"default_variation":null},"tiered_pricing_minimum_quantity":null,"tiered_pricing_roles_data":[],"tiered_pricing_percentage_rules":[],"_links":{"self":[{"href":"https:\/\/hilaturasegea.com\/eu\/wp-json\/wp\/v2\/product\/2395","targetHints":{"allow":["GET"]}}],"collection":[{"href":"https:\/\/hilaturasegea.com\/eu\/wp-json\/wp\/v2\/product"}],"about":[{"href":"https:\/\/hilaturasegea.com\/eu\/wp-json\/wp\/v2\/types\/product"}],"wp:featuredmedia":[{"embeddable":true,"href":"https:\/\/hilaturasegea.com\/eu\/wp-json\/wp\/v2\/media\/2391"}],"wp:attachment":[{"href":"https:\/\/hilaturasegea.com\/eu\/wp-json\/wp\/v2\/media?parent=2395"}],"wp:term":[{"taxonomy":"product_brand","embeddable":true,"href":"https:\/\/hilaturasegea.com\/eu\/wp-json\/wp\/v2\/product_brand?post=2395"},{"taxonomy":"product_cat","embeddable":true,"href":"https:\/\/hilaturasegea.com\/eu\/wp-json\/wp\/v2\/product_cat?post=2395"},{"taxonomy":"product_tag","embeddable":true,"href":"https:\/\/hilaturasegea.com\/eu\/wp-json\/wp\/v2\/product_tag?post=2395"}],"curies":[{"name":"wp","href":"https:\/\/api.w.org\/{rel}","templated":true}]}}