{"id":2432,"date":"2019-10-30T15:31:44","date_gmt":"2019-10-30T15:31:44","guid":{"rendered":"https:\/\/hilaturasegea.com\/index.php\/producto\/algodon-maroma-4-cordones\/"},"modified":"2026-01-29T12:25:35","modified_gmt":"2026-01-29T11:25:35","slug":"algodon-maroma-4-cordones","status":"publish","type":"product","link":"https:\/\/hilaturasegea.com\/eu\/produktua\/algodon-maroma-4-cordones\/","title":{"rendered":"Kotoia \/ Soka 4 Korda Gordinak"},"content":{"rendered":"<p>Beste kolore konbinazio batzuk Kontsultatu!<\/p>\n<p><strong>KONPOSIZIOA:<\/strong> Kotoia zuntz naturala, ekologikoa eta biodegradagarria da.<\/p>\n<p><strong>EZAUGARRIAK:<\/strong> 4 sokako soka, ukimen leuna, malgua, zero elastikotasunekoa eta korapilo segurua.<\/p>\n<p><strong>ERABILERAK:<\/strong> Dekorazioa, jostailuak, abeltzaintza, lekualdaketak, hamakaren eskulanak, poltsak, aplikazio anitz, etab.<\/p>","protected":false},"excerpt":{"rendered":"<p>Otras combinaciones de colores \u00a1Consultar! COMPOSICI\u00d3N: Algod\u00f3n fibra natural, ecol\u00f3gica y biodegradable. CARACTER\u00cdSTICAS: Maroma 4 cordones, tacto suave, flexible, nula elasticidad y seguridad en el nudo. UTILIDADES: Decoraci\u00f3n, jugueter\u00eda, ganader\u00eda, mudanzas, manualidades en hamacas, bolsos, m\u00faltiples aplicaciones, etc.<\/p>","protected":false},"featured_media":2428,"template":"","meta":[],"product_brand":[],"product_cat":[1033,988,970,965,1217,967,1319,986],"product_tag":[],"class_list":{"0":"post-2432","1":"product","2":"type-product","3":"status-publish","4":"has-post-thumbnail","6":"product_cat-algodon-cordeleria-nautica","7":"product_cat-algodon","8":"product_cat-cordeleria","9":"product_cat-ferreteria","10":"product_cat-maroma-4-cordones","11":"product_cat-nautica","12":"product_cat-maroma-4-cordones-algodon","13":"product_cat-cordeleria-nautica","14":"pa_diametro-8mm","15":"pa_diametro-10mm","16":"pa_diametro-12mm","17":"pa_diametro-14mm","18":"pa_metraje-100m","19":"pa_metraje-200m","20":"pa_presentacion-carrete","22":"first","23":"instock","24":"sale","25":"taxable","26":"shipping-taxable","27":"purchasable","28":"product-type-variable"},"tiered_pricing_type":"fixed","tiered_pricing_fixed_rules":[],"tiered_pricing_product_settings":{"layout":"default","base_unit_name":{"singular":null,"plural":null},"default_variation":null},"tiered_pricing_minimum_quantity":null,"tiered_pricing_roles_data":[],"tiered_pricing_percentage_rules":[],"_links":{"self":[{"href":"https:\/\/hilaturasegea.com\/eu\/wp-json\/wp\/v2\/product\/2432","targetHints":{"allow":["GET"]}}],"collection":[{"href":"https:\/\/hilaturasegea.com\/eu\/wp-json\/wp\/v2\/product"}],"about":[{"href":"https:\/\/hilaturasegea.com\/eu\/wp-json\/wp\/v2\/types\/product"}],"wp:featuredmedia":[{"embeddable":true,"href":"https:\/\/hilaturasegea.com\/eu\/wp-json\/wp\/v2\/media\/2428"}],"wp:attachment":[{"href":"https:\/\/hilaturasegea.com\/eu\/wp-json\/wp\/v2\/media?parent=2432"}],"wp:term":[{"taxonomy":"product_brand","embeddable":true,"href":"https:\/\/hilaturasegea.com\/eu\/wp-json\/wp\/v2\/product_brand?post=2432"},{"taxonomy":"product_cat","embeddable":true,"href":"https:\/\/hilaturasegea.com\/eu\/wp-json\/wp\/v2\/product_cat?post=2432"},{"taxonomy":"product_tag","embeddable":true,"href":"https:\/\/hilaturasegea.com\/eu\/wp-json\/wp\/v2\/product_tag?post=2432"}],"curies":[{"name":"wp","href":"https:\/\/api.w.org\/{rel}","templated":true}]}}