{"id":2505,"date":"2019-10-30T15:37:33","date_gmt":"2019-10-30T15:37:33","guid":{"rendered":"https:\/\/hilaturasegea.com\/index.php\/producto\/sisal-hilo\/"},"modified":"2025-06-13T12:23:02","modified_gmt":"2025-06-13T10:23:02","slug":"sisal-hilo","status":"publish","type":"product","link":"https:\/\/hilaturasegea.com\/eu\/produktua\/sisal-hilo\/","title":{"rendered":"Sisal \/ Haria"},"content":{"rendered":"<p>Beste lodiera eta luzera batzuk, galdetu mesedez!<\/p>\n<p><strong>KONPOSIZIOA:<\/strong> 0 landare-zuntzez egina, ekologikoa eta biodegradagarria.<\/p>\n<p><strong>EZAUGARRIAK:<\/strong> Marruskadura, trakzio eta korapiloen segurtasunarekiko erresistentzia handia. Zero elastikotasun.<\/p>\n<p><strong>ERABILERAK:<\/strong> Ontziak, lorezaintza, brikolajea, mintegiak eta negutegiak, eskulanak, eskulanak, etab.<\/p>\n<table class=\"MsoNormalTable\" style=\"width: 194.4pt; border: 1pt solid; margin-left: auto; margin-right: auto;\" border=\"1\" width=\"259\" cellpadding=\"0\">\n<thead>\n<tr>\n<td style=\"width: 92.9pt; border: dashed #BBBBBB 1pt; background: #C6D9F1; padding: 0.75pt 0.75pt 0.75pt 0.75pt;\" width=\"124\">\n<p class=\"MsoNormal\" style=\"margin-bottom: 0.0001pt; text-align: center; line-height: normal;\" align=\"center\"><b><span style=\"font-size: 8.5pt; font-family: Verdana, 'sans-serif'; color: #000000;\">Erreferentzia<\/span><\/b><\/p>\n<\/td>\n<td style=\"width: 97pt; border: dashed #BBBBBB 1pt; background: #C6D9F1; padding: 0.75pt 0.75pt 0.75pt 0.75pt;\" width=\"129\">\n<p class=\"MsoNormal\" style=\"margin-bottom: 0.0001pt; text-align: center; line-height: normal;\" align=\"center\"><b><span style=\"font-size: 8.5pt; font-family: Verdana, 'sans-serif'; color: #000000;\">Haustura-karga<br \/>\nGutxi gorabehera (kg)<\/span><\/b><\/p>\n<\/td>\n<\/tr>\n<\/thead>\n<tbody>\n<tr>\n<td style=\"width: 92.9pt; border: dashed #BBBBBB 1pt; background: #D9D9D9; padding: 0.75pt 0.75pt 0.75pt 0.75pt;\" width=\"124\">\n<p class=\"MsoNormal\" style=\"margin-bottom: 0.0001pt; text-align: center; line-height: normal;\" align=\"center\"><span style=\"font-size: 8.5pt; font-family: Verdana, 'sans-serif'; color: #000000;\">3\/4 zk. 1 C<\/span><\/p>\n<\/td>\n<td style=\"width: 97pt; border: dashed #BBBBBB 1pt; background: #D9D9D9; padding: 0.75pt 0.75pt 0.75pt 0.75pt;\" width=\"129\">\n<p class=\"MsoNormal\" style=\"margin-bottom: 0.0001pt; text-align: center; line-height: normal;\" align=\"center\"><span style=\"font-size: 8.5pt; font-family: Verdana, 'sans-serif'; color: #000000;\">35<\/span><\/p>\n<\/td>\n<\/tr>\n<tr>\n<td style=\"width: 92.9pt; border: dashed #BBBBBB 1pt; padding: 0.75pt 0.75pt 0.75pt 0.75pt;\" width=\"124\">\n<p class=\"MsoNormal\" style=\"margin-bottom: 0.0001pt; text-align: center; line-height: normal;\" align=\"center\"><span style=\"font-size: 8.5pt; font-family: Verdana, 'sans-serif'; color: #000000;\">3\/4 zk. 2 C<\/span><\/p>\n<\/td>\n<td style=\"width: 97pt; border: dashed #BBBBBB 1pt; padding: 0.75pt 0.75pt 0.75pt 0.75pt;\" width=\"129\">\n<p class=\"MsoNormal\" style=\"margin-bottom: 0.0001pt; text-align: center; line-height: normal;\" align=\"center\"><span style=\"font-size: 8.5pt; font-family: Verdana, 'sans-serif'; color: #000000;\">70<\/span><\/p>\n<\/td>\n<\/tr>\n<tr>\n<td style=\"width: 92.9pt; border: dashed #BBBBBB 1pt; background: #D9D9D9; padding: 0.75pt 0.75pt 0.75pt 0.75pt;\" width=\"124\">\n<p class=\"MsoNormal\" style=\"margin-bottom: 0.0001pt; text-align: center; line-height: normal;\" align=\"center\"><span style=\"font-size: 8.5pt; font-family: Verdana, 'sans-serif'; color: #000000;\">3\/4 zk. 3 C<\/span><\/p>\n<\/td>\n<td style=\"width: 97pt; border: dashed #BBBBBB 1pt; background: #D9D9D9; padding: 0.75pt 0.75pt 0.75pt 0.75pt;\" width=\"129\">\n<p class=\"MsoNormal\" style=\"margin-bottom: 0.0001pt; text-align: center; line-height: normal;\" align=\"center\"><span style=\"font-size: 8.5pt; font-family: Verdana, 'sans-serif'; color: #000000;\">105<\/span><\/p>\n<\/td>\n<\/tr>\n<\/tbody>\n<\/table>","protected":false},"excerpt":{"rendered":"<p>Otros grosores y metrajes \u00a1Consultar! COMPOSICI\u00d3N: Fibra 100 % vegetal, ecol\u00f3gica y biodegradable. CARACTER\u00cdSTICAS: Gran resistencia al roce, la tracci\u00f3n y seguridad en el nudo. Elasticidad nula. UTILIDADES: Paqueter\u00eda, jardiner\u00eda, bricolaje, viveros e invernaderos, artesan\u00eda, trabajos manuales, etc. Referencia Carga Rotura Aprox. (kg) N\u00ba 3\/4 1 C 35 N\u00ba 3\/4 2 C 70 N\u00ba 3\/4 [&hellip;]<\/p>","protected":false},"featured_media":2503,"template":"","meta":[],"product_brand":[],"product_cat":[970,965,1145,1061],"product_tag":[],"class_list":{"0":"post-2505","1":"product","2":"type-product","3":"status-publish","4":"has-post-thumbnail","6":"product_cat-cordeleria","7":"product_cat-ferreteria","8":"product_cat-hilos-sisal","9":"product_cat-sisal","10":"pa_peso-400g","11":"pa_peso-700g","12":"pa_presentacion-bobina","13":"pa_referencia-n34_1cabos","14":"pa_referencia-n34_2cabos","15":"pa_referencia-n34_3cabos","17":"first","18":"instock","19":"sale","20":"taxable","21":"shipping-taxable","22":"purchasable","23":"product-type-variable"},"tiered_pricing_type":"fixed","tiered_pricing_fixed_rules":[],"tiered_pricing_product_settings":{"layout":"default","base_unit_name":{"singular":null,"plural":null},"default_variation":null},"tiered_pricing_minimum_quantity":null,"tiered_pricing_roles_data":[],"tiered_pricing_percentage_rules":[],"_links":{"self":[{"href":"https:\/\/hilaturasegea.com\/eu\/wp-json\/wp\/v2\/product\/2505","targetHints":{"allow":["GET"]}}],"collection":[{"href":"https:\/\/hilaturasegea.com\/eu\/wp-json\/wp\/v2\/product"}],"about":[{"href":"https:\/\/hilaturasegea.com\/eu\/wp-json\/wp\/v2\/types\/product"}],"wp:featuredmedia":[{"embeddable":true,"href":"https:\/\/hilaturasegea.com\/eu\/wp-json\/wp\/v2\/media\/2503"}],"wp:attachment":[{"href":"https:\/\/hilaturasegea.com\/eu\/wp-json\/wp\/v2\/media?parent=2505"}],"wp:term":[{"taxonomy":"product_brand","embeddable":true,"href":"https:\/\/hilaturasegea.com\/eu\/wp-json\/wp\/v2\/product_brand?post=2505"},{"taxonomy":"product_cat","embeddable":true,"href":"https:\/\/hilaturasegea.com\/eu\/wp-json\/wp\/v2\/product_cat?post=2505"},{"taxonomy":"product_tag","embeddable":true,"href":"https:\/\/hilaturasegea.com\/eu\/wp-json\/wp\/v2\/product_tag?post=2505"}],"curies":[{"name":"wp","href":"https:\/\/api.w.org\/{rel}","templated":true}]}}