{"id":2558,"date":"2019-10-30T15:40:04","date_gmt":"2019-10-30T15:40:04","guid":{"rendered":"https:\/\/hilaturasegea.com\/index.php\/producto\/canamo-hilo\/"},"modified":"2025-06-13T12:22:21","modified_gmt":"2025-06-13T10:22:21","slug":"canamo-hilo","status":"publish","type":"product","link":"https:\/\/hilaturasegea.com\/eu\/produktua\/canamo-hilo\/","title":{"rendered":"Kalamu haria"},"content":{"rendered":"<p><strong>KONPOSIZIOA:<\/strong> 100% landare-zuntz, ekologikoa eta biodegradagarria.<\/p>\n<p><strong>EZAUGARRIAK:<\/strong> Marruskadura, trakzio eta korapiloen segurtasunarekiko erresistentzia handia. Elastikotasunik ez du.<\/p>\n<p><strong>ERABILERAK:<\/strong><\/p>\n<ul type=\"disc\">\n<li class=\"MsoNormal\" style=\"color: #000000; line-height: normal;\"><b><span style=\"font-size: 8.5pt; font-family: Verdana, 'sans-serif';\">SADDLER HARIA:<\/span><\/b><span style=\"font-size: 8.5pt; font-family: Verdana, 'sans-serif';\">\u00a0Eskuz\/makinaz josteko haria, tapizeria, zelagintza, etiketak, larruzko produktuak, etab.<\/span><\/li>\n<li class=\"MsoNormal\" style=\"color: #000000; line-height: normal;\"><b><span style=\"font-size: 8.5pt; font-family: Verdana, 'sans-serif'; color: #010101;\">HARI LAUTUA:<\/span><\/b><i><span style=\"font-size: 8.5pt; font-family: Verdana, 'sans-serif'; color: #010101;\"> Ontziak, etiketak, brikolajea, eskulanak, tapizeria (udaberria), jostailuak, lorezaintza, piper eta baratxuri hariak, etab.<\/span><\/i><\/li>\n<li class=\"MsoNormal\" style=\"color: #000000; line-height: normal;\"><b><span style=\"font-size: 8.5pt; font-family: Verdana, 'sans-serif'; color: #010101;\">HARI LUNGUA:<\/span><\/b><span style=\"font-size: 8.5pt; font-family: Verdana, 'sans-serif'; color: #010101;\"> Marinel korapiloak, apaingarriak, arrantza, aulkiaren eserlekua, etab.<\/span><\/li>\n<li class=\"MsoNormal\" style=\"color: #000000; line-height: normal;\"><b><span style=\"font-size: 8.5pt; font-family: Verdana, 'sans-serif'; color: #010101;\">GORDINA:<\/span><\/b><span style=\"font-size: 8.5pt; font-family: Verdana, 'sans-serif'; color: #010101;\"> Iturgintzarako zuntz berezia.<\/span><\/li>\n<\/ul>","protected":false},"excerpt":{"rendered":"<p>COMPOSICI\u00d3N: Fibra 100% vegetal, ecol\u00f3gica y biodegradable. CARACTER\u00cdSTICAS: Gran resistencia al roce, a la tracci\u00f3n y seguridad en el nudo. Carece de elasticidad. UTILIDADES: HILO GUARNICIONERO:\u00a0Hilo para coser a mano\/m\u00e1quinas, tapicer\u00eda, guarnicioner\u00eda, etiquetas, marroquiner\u00eda, etc. HILO PULIDO: Paqueter\u00eda, etiquetas, bricolaje, manualidades, tapicer\u00eda (muelle), jugueter\u00eda, jardiner\u00eda, ristras de pimientos-ajos, etc. HILO PALANGRE: Nudos marineros, decoraci\u00f3n, pesca, [&hellip;]<\/p>","protected":false},"featured_media":2540,"template":"","meta":[],"product_brand":[],"product_cat":[989,970,965,1147],"product_tag":[],"class_list":{"0":"post-2558","1":"product","2":"type-product","3":"status-publish","4":"has-post-thumbnail","6":"product_cat-canamo","7":"product_cat-cordeleria","8":"product_cat-ferreteria","9":"product_cat-hilos-de-canamo-canamo","10":"pa_cabos-716","11":"pa_cabos-717","12":"pa_cabos-718","13":"pa_cabos-719","14":"pa_color-amarillo","15":"pa_color-natural","16":"pa_color-blanco","17":"pa_color-rojo","18":"pa_color-verde","19":"pa_diametro-2mm","20":"pa_diametro-3mm","21":"pa_metraje-25m","22":"pa_n-704","23":"pa_n-705","24":"pa_n-1y12","25":"pa_n-707","26":"pa_n-708","27":"pa_n-709","28":"pa_n-710","29":"pa_n-711","30":"pa_n-712","31":"pa_n-713","32":"pa_pack-6unidades","33":"pa_pack-10unidades","34":"pa_peso-50g","35":"pa_peso-100g","36":"pa_peso-200g","37":"pa_peso-400g","38":"pa_presentacion-bobina","39":"pa_presentacion-ovillo","40":"pa_referencia-hiloguarnicionero","41":"pa_referencia-hilopulidoextra","42":"pa_referencia-hilopalangre","43":"pa_referencia-filastica_hilazasinpulir","44":"pa_referencia-enrama","46":"first","47":"instock","48":"sale","49":"taxable","50":"shipping-taxable","51":"purchasable","52":"product-type-variable"},"tiered_pricing_type":"fixed","tiered_pricing_fixed_rules":[],"tiered_pricing_product_settings":{"layout":"default","base_unit_name":{"singular":null,"plural":null},"default_variation":null},"tiered_pricing_minimum_quantity":null,"tiered_pricing_roles_data":[],"tiered_pricing_percentage_rules":[],"_links":{"self":[{"href":"https:\/\/hilaturasegea.com\/eu\/wp-json\/wp\/v2\/product\/2558","targetHints":{"allow":["GET"]}}],"collection":[{"href":"https:\/\/hilaturasegea.com\/eu\/wp-json\/wp\/v2\/product"}],"about":[{"href":"https:\/\/hilaturasegea.com\/eu\/wp-json\/wp\/v2\/types\/product"}],"wp:featuredmedia":[{"embeddable":true,"href":"https:\/\/hilaturasegea.com\/eu\/wp-json\/wp\/v2\/media\/2540"}],"wp:attachment":[{"href":"https:\/\/hilaturasegea.com\/eu\/wp-json\/wp\/v2\/media?parent=2558"}],"wp:term":[{"taxonomy":"product_brand","embeddable":true,"href":"https:\/\/hilaturasegea.com\/eu\/wp-json\/wp\/v2\/product_brand?post=2558"},{"taxonomy":"product_cat","embeddable":true,"href":"https:\/\/hilaturasegea.com\/eu\/wp-json\/wp\/v2\/product_cat?post=2558"},{"taxonomy":"product_tag","embeddable":true,"href":"https:\/\/hilaturasegea.com\/eu\/wp-json\/wp\/v2\/product_tag?post=2558"}],"curies":[{"name":"wp","href":"https:\/\/api.w.org\/{rel}","templated":true}]}}