{"id":2631,"date":"2019-10-30T15:44:32","date_gmt":"2019-10-30T15:44:32","guid":{"rendered":"https:\/\/hilaturasegea.com\/index.php\/producto\/poliester-bobina-hilo-matanzareplanteo-atirantar\/"},"modified":"2025-06-13T12:02:04","modified_gmt":"2025-06-13T10:02:04","slug":"poliester-bobina-hilo-matanzareplanteo-atirantar","status":"publish","type":"product","link":"https:\/\/hilaturasegea.com\/eu\/produktua\/poliester-bobina-hilo-matanzareplanteo-atirantar\/","title":{"rendered":"Poliesterrezko \/ Hilketa\/Zutatzeko hari-bobina \u2013 Lotzeko"},"content":{"rendered":"<p><strong>AURKEZPENA:<\/strong> Banakako poltsa goiko itxierarekin eta Europako zulagailuarekin.<\/p>\n<p><strong>KONPOSIZIOA:<\/strong> 100 % Iraunkortasun handiko poliesterra.<\/p>\n<p><strong>EZAUGARRIAK:<\/strong> Hari bihurritu anitzeko haria. Ez da eskuetan hausten, ukimenerako leuna da eta arina da.<\/p>\n<p><strong>ERABILERAK:<\/strong> Harlanduzko lanak (marrazketa, bertikalizazio-lerroa), ontziak, jostailuak, brikolajea, haragi-industria, eskulanak, aplikazio anitzak, etab.<\/p>","protected":false},"excerpt":{"rendered":"<p>PRESENTACI\u00d3N: Bolsa individual con cierre parte superior y taladro europeo. COMPOSICI\u00d3N: 100 % Poli\u00e9ster alta tenacidad. CARACTER\u00cdSTICAS: Hilo torcido a varios cabos. No se rompe con las manos, suave al tacto y ligero. UTILIDADES: Trabajo de alba\u00f1iler\u00eda (tiral\u00edneas, plomada), paqueter\u00eda, jugueter\u00eda, bricolaje, sector c\u00e1rnico, manualidades, m\u00faltiples aplicaciones, etc.<\/p>","protected":false},"featured_media":2627,"template":"","meta":[],"product_brand":[],"product_cat":[993,965,1349,1160,982],"product_tag":[],"class_list":{"0":"post-2631","1":"product","2":"type-product","3":"status-publish","4":"has-post-thumbnail","6":"product_cat-bobinas","7":"product_cat-ferreteria","8":"product_cat-hilo-matanzareplanteo-atirantar-poliester-bobinas-blister","9":"product_cat-poliester-bobinas-blister","10":"product_cat-blister","11":"pa_color-blanco","12":"pa_color-rojo","13":"pa_metraje-275maproximados","14":"pa_pack-4unidades","15":"pa_peso-85g","17":"first","18":"instock","19":"sale","20":"taxable","21":"shipping-taxable","22":"purchasable","23":"product-type-variable"},"tiered_pricing_type":"fixed","tiered_pricing_fixed_rules":[],"tiered_pricing_product_settings":{"layout":"default","base_unit_name":{"singular":null,"plural":null},"default_variation":null},"tiered_pricing_minimum_quantity":null,"tiered_pricing_roles_data":[],"tiered_pricing_percentage_rules":[],"_links":{"self":[{"href":"https:\/\/hilaturasegea.com\/eu\/wp-json\/wp\/v2\/product\/2631","targetHints":{"allow":["GET"]}}],"collection":[{"href":"https:\/\/hilaturasegea.com\/eu\/wp-json\/wp\/v2\/product"}],"about":[{"href":"https:\/\/hilaturasegea.com\/eu\/wp-json\/wp\/v2\/types\/product"}],"wp:featuredmedia":[{"embeddable":true,"href":"https:\/\/hilaturasegea.com\/eu\/wp-json\/wp\/v2\/media\/2627"}],"wp:attachment":[{"href":"https:\/\/hilaturasegea.com\/eu\/wp-json\/wp\/v2\/media?parent=2631"}],"wp:term":[{"taxonomy":"product_brand","embeddable":true,"href":"https:\/\/hilaturasegea.com\/eu\/wp-json\/wp\/v2\/product_brand?post=2631"},{"taxonomy":"product_cat","embeddable":true,"href":"https:\/\/hilaturasegea.com\/eu\/wp-json\/wp\/v2\/product_cat?post=2631"},{"taxonomy":"product_tag","embeddable":true,"href":"https:\/\/hilaturasegea.com\/eu\/wp-json\/wp\/v2\/product_tag?post=2631"}],"curies":[{"name":"wp","href":"https:\/\/api.w.org\/{rel}","templated":true}]}}