{"id":2679,"date":"2019-10-30T15:47:49","date_gmt":"2019-10-30T15:47:49","guid":{"rendered":"https:\/\/hilaturasegea.com\/index.php\/producto\/polipropileno-trenzado-hilo-replanteoatirantar\/"},"modified":"2025-06-17T13:36:41","modified_gmt":"2025-06-17T11:36:41","slug":"polipropileno-trenzado-hilo-replanteoatirantar","status":"publish","type":"product","link":"https:\/\/hilaturasegea.com\/eu\/produktua\/polipropileno-trenzado-hilo-replanteoatirantar\/","title":{"rendered":"Polipropilenoa \/ Txirikordatutako Euskarri\/Tira-haria 8841 \u2013 8842 \u2013 8843"},"content":{"rendered":"<p><em>Pertxa (aukerakoa) <\/em><\/p>\n<p><em>Bestelako grabazioak Kontsultatu! <\/em><\/p>\n<p><strong>KONPOSIZIOA:<\/strong> Iraunkortasun handiko polipropilenozko hari anitzeko txirikorda.<\/p>\n<p><strong>EZAUGARRIAK:<\/strong> Ukimenerako leuna, arina, malgua eta urarekiko erresistentea. Flotagarritasuna eta korapilo segurua ditu.<\/p>\n<p><strong>ERABILERAK:<\/strong> Harlanduzko lanak (konikoak, bertikalak), ontziak, jostailuak, brikolajea, eskulanak, kanpina, dendako lotura-hodiak, aplikazio anitz, etab.<\/p>\n<table class=\"MsoNormalTable\" style=\"width: 165.85pt; margin-left: auto; margin-right: auto;\" border=\"0\" width=\"221\" cellpadding=\"0\">\n<thead>\n<tr style=\"height: 20.3pt;\">\n<td style=\"border: dashed #BBBBBB 1pt; background: #C6D9F1; padding: 0.75pt 0.75pt 0.75pt 0.75pt; height: 20.3pt;\">\n<p class=\"MsoNormal\" style=\"margin-bottom: 0.0001pt; text-align: center; line-height: normal;\" align=\"center\"><b><span style=\"font-size: 8.5pt; font-family: Verdana, 'sans-serif'; color: #000000;\">Erreferentzia<\/span><\/b><\/p>\n<p>&nbsp;<\/td>\n<td style=\"border: dashed #BBBBBB 1pt; background: #C6D9F1; padding: 0.75pt 0.75pt 0.75pt 0.75pt; height: 20.3pt;\">\n<p class=\"MsoNormal\" style=\"margin-bottom: 0.0001pt; text-align: center; line-height: normal;\" align=\"center\"><b><span style=\"font-size: 8.5pt; font-family: Verdana, 'sans-serif'; color: #000000;\">Haustura-karga<br \/>\nGutxi gorabehera (kg)<\/span><\/b><\/p>\n<p>&nbsp;<\/td>\n<\/tr>\n<\/thead>\n<tbody>\n<tr style=\"height: 9.45pt;\">\n<td style=\"border: dashed #BBBBBB 1pt; background: #D9D9D9; padding: 0.75pt 0.75pt 0.75pt 0.75pt; height: 9.45pt;\">\n<p class=\"MsoNormal\" style=\"margin-bottom: 0.0001pt; text-align: center; line-height: normal;\" align=\"center\">8841<\/p>\n<\/td>\n<td style=\"border: dashed #BBBBBB 1pt; background: #D9D9D9; padding: 0.75pt 0.75pt 0.75pt 0.75pt; height: 9.45pt;\">\n<p class=\"MsoNormal\" style=\"margin-bottom: 0.0001pt; text-align: center; line-height: normal;\" align=\"center\"><span style=\"font-family: Verdana, sans-serif;\"><span style=\"font-size: 11.3333px;\">40<\/span><\/span><\/p>\n<\/td>\n<\/tr>\n<tr style=\"height: 10.15pt;\">\n<td style=\"border: dashed #BBBBBB 1pt; padding: 0.75pt 0.75pt 0.75pt 0.75pt; height: 10.15pt;\">\n<p class=\"MsoNormal\" style=\"margin-bottom: 0.0001pt; text-align: center; line-height: normal;\" align=\"center\">8842<\/p>\n<\/td>\n<td style=\"border: dashed #BBBBBB 1pt; padding: 0.75pt 0.75pt 0.75pt 0.75pt; height: 10.15pt;\">\n<p class=\"MsoNormal\" style=\"margin-bottom: 0.0001pt; text-align: center; line-height: normal;\" align=\"center\"><span style=\"font-family: Verdana, sans-serif;\"><span style=\"font-size: 11.3333px;\">50<\/span><\/span><\/p>\n<\/td>\n<\/tr>\n<tr style=\"height: 10.15pt;\">\n<td style=\"border: dashed #BBBBBB 1pt; background: #D9D9D9; padding: 0.75pt 0.75pt 0.75pt 0.75pt; height: 10.15pt;\">\n<p class=\"MsoNormal\" style=\"margin-bottom: 0.0001pt; text-align: center; line-height: normal;\" align=\"center\">8843<\/p>\n<\/td>\n<td style=\"border: dashed #BBBBBB 1pt; background: #D9D9D9; padding: 0.75pt 0.75pt 0.75pt 0.75pt; height: 10.15pt;\">\n<p class=\"MsoNormal\" style=\"margin-bottom: 0.0001pt; text-align: center; line-height: normal;\" align=\"center\"><span style=\"font-family: Verdana, sans-serif;\"><span style=\"font-size: 11.3333px;\">65<\/span><\/span><\/p>\n<\/td>\n<\/tr>\n<\/tbody>\n<\/table>","protected":false},"excerpt":{"rendered":"<p>Colgador (Opcional) Otros metrajes \u00a1Consultar! COMPOSICI\u00d3N: Trenzado de multifilamentos de polipropileno alta tenacidad. CARACTER\u00cdSTICAS: Suave al tacto, ligero, flexible y resistente al agua. Posee flotabilidad y seguridad en el nudo. UTILIDADES: Trabajos de alba\u00f1iler\u00eda (tiral\u00edneas, plomada), paqueter\u00eda, jugueter\u00eda, bricolaje, trabajos manuales, camping, vientos para tiendas de campa\u00f1a, m\u00faltiples aplicaciones, etc. Referencia &nbsp; Carga Rotura Aprox. [&hellip;]<\/p>","protected":false},"featured_media":2663,"template":"","meta":[],"product_brand":[],"product_cat":[993,965,1017,1162,1197,1352,982,983,966],"product_tag":[],"class_list":{"0":"post-2679","1":"product","2":"type-product","3":"status-publish","4":"has-post-thumbnail","6":"product_cat-bobinas","7":"product_cat-ferreteria","8":"product_cat-polipropileno-blister-construccion","9":"product_cat-polipropileno-bobinas-blister","10":"product_cat-trenzado-hilo-replanteoatirantar-8841-8842-8843-polipropileno-blister-construccion","11":"product_cat-trenzado-hilo-replanteoatirantar-8841-8842-8843-polipropileno-bobinas-blister","12":"product_cat-blister","13":"product_cat-blister-construccion","14":"product_cat-construccion","15":"pa_color-amarillo","16":"pa_color-azul","17":"pa_color-blanco","18":"pa_color-marron","19":"pa_color-naranja","20":"pa_color-negro","21":"pa_color-rojo","22":"pa_color-verde","23":"pa_diametro-1_8mm","24":"pa_diametro-2_3mm","25":"pa_diametro-1_5mm","26":"pa_metraje-25m","27":"pa_metraje-50m","28":"pa_metraje-100m","29":"pa_metraje-200m","30":"pa_pack-6unidades","31":"pa_pack-8unidades","32":"pa_pack-10unidades","33":"pa_presentacion-bobina","34":"pa_referencia-480","35":"pa_referencia-481","36":"pa_referencia-482","38":"first","39":"instock","40":"sale","41":"taxable","42":"shipping-taxable","43":"purchasable","44":"product-type-variable"},"tiered_pricing_type":"fixed","tiered_pricing_fixed_rules":[],"tiered_pricing_product_settings":{"layout":"default","base_unit_name":{"singular":null,"plural":null},"default_variation":null},"tiered_pricing_minimum_quantity":null,"tiered_pricing_roles_data":[],"tiered_pricing_percentage_rules":[],"_links":{"self":[{"href":"https:\/\/hilaturasegea.com\/eu\/wp-json\/wp\/v2\/product\/2679","targetHints":{"allow":["GET"]}}],"collection":[{"href":"https:\/\/hilaturasegea.com\/eu\/wp-json\/wp\/v2\/product"}],"about":[{"href":"https:\/\/hilaturasegea.com\/eu\/wp-json\/wp\/v2\/types\/product"}],"wp:featuredmedia":[{"embeddable":true,"href":"https:\/\/hilaturasegea.com\/eu\/wp-json\/wp\/v2\/media\/2663"}],"wp:attachment":[{"href":"https:\/\/hilaturasegea.com\/eu\/wp-json\/wp\/v2\/media?parent=2679"}],"wp:term":[{"taxonomy":"product_brand","embeddable":true,"href":"https:\/\/hilaturasegea.com\/eu\/wp-json\/wp\/v2\/product_brand?post=2679"},{"taxonomy":"product_cat","embeddable":true,"href":"https:\/\/hilaturasegea.com\/eu\/wp-json\/wp\/v2\/product_cat?post=2679"},{"taxonomy":"product_tag","embeddable":true,"href":"https:\/\/hilaturasegea.com\/eu\/wp-json\/wp\/v2\/product_tag?post=2679"}],"curies":[{"name":"wp","href":"https:\/\/api.w.org\/{rel}","templated":true}]}}