{"id":2761,"date":"2019-10-30T15:56:00","date_gmt":"2019-10-30T15:56:00","guid":{"rendered":"https:\/\/hilaturasegea.com\/index.php\/producto\/rafia-hilo-1-cabo\/"},"modified":"2025-06-13T11:59:41","modified_gmt":"2025-06-13T09:59:41","slug":"rafia-hilo-1-cabo","status":"publish","type":"product","link":"https:\/\/hilaturasegea.com\/eu\/produktua\/rafia-hilo-1-cabo\/","title":{"rendered":"Rafia \/ Haria"},"content":{"rendered":"<p>Pertxa (aukerakoa)<\/p>\n<p><strong>KONPOSIZIOA:<\/strong> Zuntz sintetikoa 100 % Polipropilenozko rafia.<\/p>\n<p><strong>EZAUGARRIAK:<\/strong> Hari bakarreko zinta fibrilatu bihurritua (filastikoa). Elastikotasunik ez du. Flotagarritasuna.<\/p>\n<p><strong>ERABILERAK:<\/strong> Ontziak, eskulanak, lorezaintza, etiketak, jostailuak, lorezaintza, nekazaritza, haurtzaindegiak, brikolajea, etab.<\/p>\n<table class=\"MsoNormalTable\" style=\"width: 170.6pt; border: 1pt solid; margin-left: auto; margin-right: auto;\" border=\"1\" width=\"227\" cellpadding=\"0\">\n<thead>\n<tr style=\"height: 15.95pt;\">\n<td style=\"width: 85.55pt; border: dashed #BBBBBB 1pt; background: #C6D9F1; padding: 0.75pt 0.75pt 0.75pt 0.75pt; height: 15.95pt;\" width=\"114\">\n<p class=\"MsoNormal\" style=\"margin-bottom: 0.0001pt; text-align: center; line-height: normal;\" align=\"center\"><b><span style=\"font-size: 8.5pt; font-family: Verdana, sans-serif;\">Gutxi gorabehera metroak (100 g)<\/span><\/b><\/p>\n<p>&nbsp;<\/td>\n<td style=\"width: 80.55pt; border: dashed #BBBBBB 1pt; background: #C6D9F1; padding: 0.75pt 0.75pt 0.75pt 0.75pt; height: 15.95pt;\" width=\"107\">\n<p class=\"MsoNormal\" style=\"margin-bottom: 0.0001pt; text-align: center; line-height: normal;\" align=\"center\"><b><span style=\"font-size: 8.5pt; font-family: Verdana, sans-serif;\">Haustura-karga<br \/>\nGutxi gorabehera (kg)<\/span><\/b><\/p>\n<p>&nbsp;<\/td>\n<\/tr>\n<\/thead>\n<tbody>\n<tr style=\"height: 10.95pt;\">\n<td style=\"width: 85.55pt; border: dashed #BBBBBB 1pt; background: #D9D9D9; padding: 0.75pt 0.75pt 0.75pt 0.75pt; height: 10.95pt;\" width=\"114\">\n<p class=\"MsoNormal\" style=\"margin-bottom: 0.0001pt; text-align: center; line-height: normal;\" align=\"center\"><span style=\"font-size: 8.5pt; font-family: Verdana, sans-serif;\">45<\/span><\/p>\n<\/td>\n<td style=\"width: 80.55pt; border: dashed #BBBBBB 1pt; background: #D9D9D9; padding: 0.75pt 0.75pt 0.75pt 0.75pt; height: 10.95pt;\" width=\"107\">\n<p class=\"MsoNormal\" style=\"margin-bottom: 0.0001pt; text-align: center; line-height: normal;\" align=\"center\"><span style=\"font-size: 8.5pt; font-family: Verdana, sans-serif;\">68<\/span><\/p>\n<\/td>\n<\/tr>\n<\/tbody>\n<\/table>","protected":false},"excerpt":{"rendered":"<p>Colgador (Opcional) COMPOSICI\u00d3N: Fibra sint\u00e9tica 100 % rafia de Polipropileno. CARACTER\u00cdSTICAS: Cinta fibrilada torcida a 1 cabo (Fil\u00e1stica). Carece de elasticidad. Posee flotabilidad. UTILIDADES: Paqueter\u00eda, manualidades, jardiner\u00eda, etiquetas, jugueter\u00eda, floricultura, agricultura, viveros, bricolaje, etc. Metros Aprox. \u00a0\u00a0\u00a0\u00a0(100 g) &nbsp; Carga Rotura Aprox. (kg) &nbsp; 45 68<\/p>","protected":false},"featured_media":2751,"template":"","meta":[],"product_brand":[],"product_cat":[993,965,1353,1164,982],"product_tag":[],"class_list":{"0":"post-2761","1":"product","2":"type-product","3":"status-publish","4":"has-post-thumbnail","6":"product_cat-bobinas","7":"product_cat-ferreteria","8":"product_cat-hilo","9":"product_cat-rafia-bobinas-blister","10":"product_cat-blister","11":"pa_cabos-716","12":"pa_color-azul","13":"pa_color-blanco","14":"pa_color-negro","15":"pa_color-rojo","16":"pa_color-verde","17":"pa_pack-8unidades","18":"pa_peso-100g","19":"pa_peso-200g","20":"pa_presentacion-bobina","21":"pa_referencia-t600","23":"first","24":"instock","25":"sale","26":"taxable","27":"shipping-taxable","28":"purchasable","29":"product-type-variable"},"tiered_pricing_type":"fixed","tiered_pricing_fixed_rules":[],"tiered_pricing_product_settings":{"layout":"default","base_unit_name":{"singular":null,"plural":null},"default_variation":null},"tiered_pricing_minimum_quantity":null,"tiered_pricing_roles_data":[],"tiered_pricing_percentage_rules":[],"_links":{"self":[{"href":"https:\/\/hilaturasegea.com\/eu\/wp-json\/wp\/v2\/product\/2761","targetHints":{"allow":["GET"]}}],"collection":[{"href":"https:\/\/hilaturasegea.com\/eu\/wp-json\/wp\/v2\/product"}],"about":[{"href":"https:\/\/hilaturasegea.com\/eu\/wp-json\/wp\/v2\/types\/product"}],"wp:featuredmedia":[{"embeddable":true,"href":"https:\/\/hilaturasegea.com\/eu\/wp-json\/wp\/v2\/media\/2751"}],"wp:attachment":[{"href":"https:\/\/hilaturasegea.com\/eu\/wp-json\/wp\/v2\/media?parent=2761"}],"wp:term":[{"taxonomy":"product_brand","embeddable":true,"href":"https:\/\/hilaturasegea.com\/eu\/wp-json\/wp\/v2\/product_brand?post=2761"},{"taxonomy":"product_cat","embeddable":true,"href":"https:\/\/hilaturasegea.com\/eu\/wp-json\/wp\/v2\/product_cat?post=2761"},{"taxonomy":"product_tag","embeddable":true,"href":"https:\/\/hilaturasegea.com\/eu\/wp-json\/wp\/v2\/product_tag?post=2761"}],"curies":[{"name":"wp","href":"https:\/\/api.w.org\/{rel}","templated":true}]}}