{"id":2999,"date":"2019-11-04T12:46:13","date_gmt":"2019-11-04T12:46:13","guid":{"rendered":"https:\/\/hilaturasegea.com\/index.php\/producto\/poliester-trenzado-blanco\/"},"modified":"2025-06-13T11:56:13","modified_gmt":"2025-06-13T09:56:13","slug":"poliester-trenzado-blanco","status":"publish","type":"product","link":"https:\/\/hilaturasegea.com\/eu\/produktua\/poliester-trenzado-blanco\/","title":{"rendered":"Poliesterra \/ Zuri txirikordatua"},"content":{"rendered":"<p><em>Pertxa (aukerakoa) <\/em><\/p>\n<p><em>Bestelako grabazioen egiaztapena! <\/em><\/p>\n<p><strong>KONPOSIZIOA:<\/strong> 100 % Iraunkortasun handiko poliesterrezko kanpoko txirikorda, nukleoarekin.<\/p>\n<p><strong>EZAUGARRIAK:<\/strong> Elastikotasun minimoa, marruskadurarekiko, trakzioarekiko eta tentsio konstantearekiko erresistentzia handia. Ez da uretan hondatzen. Ukimenerako biguna eta malgua.<\/p>\n<p><strong>ERABILERAK:<\/strong> Lodieraren arabera, gortinak, motozerrak, motoponpak, pertsianak, toldoak, hesiak, eraikuntza, jostailuak, arropa-soka.<\/p>\n<table class=\"MsoNormalTable\" style=\"width: 171.05pt; border: 1pt solid; margin-left: auto; margin-right: auto;\" border=\"1\" width=\"228\" cellpadding=\"0\">\n<thead>\n<tr style=\"height: 19.8pt;\">\n<td style=\"border: dashed #BBBBBB 1pt; background: #C6D9F1; padding: 0.75pt 0.75pt 0.75pt 0.75pt; height: 19.8pt;\">\n<p class=\"MsoNormal\" style=\"margin-bottom: 0.0001pt; text-align: center; line-height: normal;\" align=\"center\"><b><span style=\"font-size: 8.5pt; font-family: Verdana, 'sans-serif'; color: #000000;\">Diametroa<\/span><\/b><\/p>\n<p>&nbsp;<\/td>\n<td style=\"border: dashed #BBBBBB 1pt; background: #C6D9F1; padding: 0.75pt 0.75pt 0.75pt 0.75pt; height: 19.8pt;\">\n<p class=\"MsoNormal\" style=\"margin-bottom: 0.0001pt; text-align: center; line-height: normal;\" align=\"center\"><b><span style=\"font-size: 8.5pt; font-family: Verdana, 'sans-serif'; color: #000000;\">Haustura-karga<br \/>\nGutxi gorabehera (kg)<\/span><\/b><\/p>\n<p>&nbsp;<\/td>\n<\/tr>\n<\/thead>\n<tbody>\n<tr style=\"height: 10.25pt;\">\n<td style=\"border: dashed #BBBBBB 1pt; background: #D9D9D9; padding: 0.75pt 0.75pt 0.75pt 0.75pt; height: 10.25pt;\">\n<p class=\"MsoNormal\" style=\"margin-bottom: 0.0001pt; text-align: center; line-height: normal;\" align=\"center\"><span style=\"font-size: 8.5pt; font-family: Verdana, 'sans-serif'; color: #000000;\">3 mm<\/span><\/p>\n<\/td>\n<td style=\"border: dashed #BBBBBB 1pt; background: #D9D9D9; padding: 0.75pt 0.75pt 0.75pt 0.75pt; height: 10.25pt;\">\n<p class=\"MsoNormal\" style=\"margin-bottom: 0.0001pt; text-align: center; line-height: normal;\" align=\"center\"><span style=\"font-size: 8.5pt; font-family: Verdana, 'sans-serif'; color: #000000;\">150<\/span><\/p>\n<\/td>\n<\/tr>\n<tr style=\"height: 10.25pt;\">\n<td style=\"border: dashed #BBBBBB 1pt; padding: 0.75pt 0.75pt 0.75pt 0.75pt; height: 10.25pt;\">\n<p class=\"MsoNormal\" style=\"margin-bottom: 0.0001pt; text-align: center; line-height: normal;\" align=\"center\"><span style=\"font-size: 8.5pt; font-family: Verdana, 'sans-serif'; color: #000000;\">4 mm<\/span><\/p>\n<\/td>\n<td style=\"border: dashed #BBBBBB 1pt; padding: 0.75pt 0.75pt 0.75pt 0.75pt; height: 10.25pt;\">\n<p class=\"MsoNormal\" style=\"margin-bottom: 0.0001pt; text-align: center; line-height: normal;\" align=\"center\"><span style=\"font-size: 8.5pt; font-family: Verdana, 'sans-serif'; color: #000000;\">300<\/span><\/p>\n<\/td>\n<\/tr>\n<tr style=\"height: 10.25pt;\">\n<td style=\"border: dashed #BBBBBB 1pt; background: #D9D9D9; padding: 0.75pt 0.75pt 0.75pt 0.75pt; height: 10.25pt;\">\n<p class=\"MsoNormal\" style=\"margin-bottom: 0.0001pt; text-align: center; line-height: normal;\" align=\"center\"><span style=\"font-size: 8.5pt; font-family: Verdana, 'sans-serif'; color: #000000;\">5 mm<\/span><\/p>\n<\/td>\n<td style=\"border: dashed #BBBBBB 1pt; background: #D9D9D9; padding: 0.75pt 0.75pt 0.75pt 0.75pt; height: 10.25pt;\">\n<p class=\"MsoNormal\" style=\"margin-bottom: 0.0001pt; text-align: center; line-height: normal;\" align=\"center\"><span style=\"font-size: 8.5pt; font-family: Verdana, 'sans-serif'; color: #000000;\">450<\/span><\/p>\n<\/td>\n<\/tr>\n<\/tbody>\n<\/table>","protected":false},"excerpt":{"rendered":"<p>Colgador (Opcional) Otros Metrajes \u00a1Consultar! COMPOSICI\u00d3N: Trenzado exterior 100 % Poli\u00e9ster alta tenacidad con alma en su n\u00facleo. CARACTER\u00cdSTICAS: M\u00ednima elasticidad, gran resistencia al roce, a la tracci\u00f3n y tensi\u00f3n constante. No se deteriora en el agua. Suave y flexible al tacto. UTILIDADES: Seg\u00fan grosor, cortinas, motosierras, motobombas, persianas, toldos, cercados, construcci\u00f3n, jugueter\u00eda, tendedero. Di\u00e1metro [&hellip;]<\/p>","protected":false},"featured_media":2991,"template":"","meta":[],"product_brand":[],"product_cat":[965,994,1035,1172,1195,1249,1359,982,983,966,1065,967,987],"product_tag":[],"class_list":{"0":"post-2999","1":"product","2":"type-product","3":"status-publish","4":"has-post-thumbnail","6":"product_cat-ferreteria","7":"product_cat-madejas","8":"product_cat-poliester-blister-nautica","9":"product_cat-poliester-madejas-blister","10":"product_cat-trenzado-blanco-poliester-blister-construccion-construccion","11":"product_cat-trenzado-blanco-poliester-blister-nautica","12":"product_cat-trenzado-blanco-poliester-madejas-blister","13":"product_cat-blister","14":"product_cat-blister-construccion","15":"product_cat-construccion","16":"product_cat-poliester-blister-construccion-construccion","17":"product_cat-nautica","18":"product_cat-blister-nautica","19":"pa_color-blanco","20":"pa_color-blancoazul","21":"pa_color-blancorojo","22":"pa_color-blancoverde","23":"pa_diametro-3mm","24":"pa_diametro-4mm","25":"pa_diametro-5mm","26":"pa_metraje-10m","27":"pa_metraje-15m","28":"pa_metraje-20m","29":"pa_metraje-25m","30":"pa_pack-6unidades","31":"pa_presentacion-madeja","33":"first","34":"instock","35":"sale","36":"taxable","37":"shipping-taxable","38":"purchasable","39":"product-type-variable"},"tiered_pricing_type":"fixed","tiered_pricing_fixed_rules":[],"tiered_pricing_product_settings":{"layout":"default","base_unit_name":{"singular":null,"plural":null},"default_variation":null},"tiered_pricing_minimum_quantity":null,"tiered_pricing_roles_data":[],"tiered_pricing_percentage_rules":[],"_links":{"self":[{"href":"https:\/\/hilaturasegea.com\/eu\/wp-json\/wp\/v2\/product\/2999","targetHints":{"allow":["GET"]}}],"collection":[{"href":"https:\/\/hilaturasegea.com\/eu\/wp-json\/wp\/v2\/product"}],"about":[{"href":"https:\/\/hilaturasegea.com\/eu\/wp-json\/wp\/v2\/types\/product"}],"wp:featuredmedia":[{"embeddable":true,"href":"https:\/\/hilaturasegea.com\/eu\/wp-json\/wp\/v2\/media\/2991"}],"wp:attachment":[{"href":"https:\/\/hilaturasegea.com\/eu\/wp-json\/wp\/v2\/media?parent=2999"}],"wp:term":[{"taxonomy":"product_brand","embeddable":true,"href":"https:\/\/hilaturasegea.com\/eu\/wp-json\/wp\/v2\/product_brand?post=2999"},{"taxonomy":"product_cat","embeddable":true,"href":"https:\/\/hilaturasegea.com\/eu\/wp-json\/wp\/v2\/product_cat?post=2999"},{"taxonomy":"product_tag","embeddable":true,"href":"https:\/\/hilaturasegea.com\/eu\/wp-json\/wp\/v2\/product_tag?post=2999"}],"curies":[{"name":"wp","href":"https:\/\/api.w.org\/{rel}","templated":true}]}}