{"id":3327,"date":"2025-04-11T16:49:31","date_gmt":"2025-04-11T14:49:31","guid":{"rendered":"https:\/\/hilaturasegea.com\/?post_type=product&#038;p=3327"},"modified":"2025-06-13T10:23:19","modified_gmt":"2025-06-13T08:23:19","slug":"red-construccion-tipo-u-barandilla","status":"publish","type":"product","link":"https:\/\/hilaturasegea.com\/eu\/produktua\/red-construccion-tipo-u-barandilla\/","title":{"rendered":"Segurtasun Sarea \/ U Motako Baranda"},"content":{"rendered":"<p>EN 1263-1 araudiaren arabera fabrikatzen da.<\/p>\n<p>U A2 Q100 sistema erronbo eta korapiloekin<\/p>\n<p>Iraunkortasun handiko polipropilenoz edo poliamidaz egina. Alboko babeserako edo perimetroko ixteko segurtasun-sarea, euskarri-egitura bati lotuta, erabilera bertikalerako.<\/p>\n<p>SARE ETIKETA FABRIKATZAILEAREN IZENAREKIN ETA IFK-AREKIN.<\/p>","protected":false},"excerpt":{"rendered":"<p>Se fabrica bajo la normativa EN 1263-1 Sistema U A2 Q100 al rombo y nudo Fabricado en Polipropileno \u00f3 Poliamida alta tenacidad. Red de seguridad de protecci\u00f3n lateral \u00f3 cierre perimetral, sujeta a una estructura soporte para su utilizaci\u00f3n en forma vertical. ETIQUETA DE LA RED CON NOMBRE Y CIF DEL FABRICANTE.<\/p>","protected":false},"featured_media":3323,"template":"","meta":[],"product_brand":[],"product_cat":[965,974,1028,1004,966,985],"product_tag":[],"class_list":{"0":"post-3327","1":"product","2":"type-product","3":"status-publish","4":"has-post-thumbnail","6":"product_cat-ferreteria","7":"product_cat-redes","8":"product_cat-tipo-u-redes","9":"product_cat-tipo-u","10":"product_cat-construccion","11":"product_cat-redes-ferreteria","12":"pa_colorredes-azul","13":"pa_colorredes-blanco","14":"pa_medidasistemaa-segunmedida","16":"first","17":"instock","18":"sale","19":"taxable","20":"shipping-taxable","21":"purchasable","22":"product-type-variable"},"tiered_pricing_type":"fixed","tiered_pricing_fixed_rules":[],"tiered_pricing_product_settings":{"layout":"default","base_unit_name":{"singular":null,"plural":null},"default_variation":null},"tiered_pricing_minimum_quantity":null,"tiered_pricing_roles_data":[],"tiered_pricing_percentage_rules":[],"_links":{"self":[{"href":"https:\/\/hilaturasegea.com\/eu\/wp-json\/wp\/v2\/product\/3327","targetHints":{"allow":["GET"]}}],"collection":[{"href":"https:\/\/hilaturasegea.com\/eu\/wp-json\/wp\/v2\/product"}],"about":[{"href":"https:\/\/hilaturasegea.com\/eu\/wp-json\/wp\/v2\/types\/product"}],"wp:featuredmedia":[{"embeddable":true,"href":"https:\/\/hilaturasegea.com\/eu\/wp-json\/wp\/v2\/media\/3323"}],"wp:attachment":[{"href":"https:\/\/hilaturasegea.com\/eu\/wp-json\/wp\/v2\/media?parent=3327"}],"wp:term":[{"taxonomy":"product_brand","embeddable":true,"href":"https:\/\/hilaturasegea.com\/eu\/wp-json\/wp\/v2\/product_brand?post=3327"},{"taxonomy":"product_cat","embeddable":true,"href":"https:\/\/hilaturasegea.com\/eu\/wp-json\/wp\/v2\/product_cat?post=3327"},{"taxonomy":"product_tag","embeddable":true,"href":"https:\/\/hilaturasegea.com\/eu\/wp-json\/wp\/v2\/product_tag?post=3327"}],"curies":[{"name":"wp","href":"https:\/\/api.w.org\/{rel}","templated":true}]}}