{"id":3420,"date":"2019-11-04T13:54:08","date_gmt":"2019-11-04T13:54:08","guid":{"rendered":"https:\/\/hilaturasegea.com\/index.php\/producto\/pulpo-elastico-plano-con-gancho-profesional\/"},"modified":"2025-06-13T11:24:59","modified_gmt":"2025-06-13T09:24:59","slug":"pulpo-elastico-plano-con-gancho-profesional","status":"publish","type":"product","link":"https:\/\/hilaturasegea.com\/eu\/produktua\/pulpo-elastico-plano-con-gancho-profesional\/","title":{"rendered":"Olagarro elastikoa \/ laua &quot;Profesional&quot; kakoarekin"},"content":{"rendered":"<p><strong>KONPOSIZIOA:<\/strong> Barrukoa 60 % latexezkoa eta kanpoaldekoa 40 % polipropilenozkoa.<\/p>\n<p><strong>EZAUGARRIAK: <\/strong><\/p>\n<ul>\n<li>Zintaren zabalera: 18 mm<\/li>\n<li>Tentsio-erresistentzia: 350 kilo<\/li>\n<li>EN 12 araudia betetzen du<\/li>\n<li>Zink-estaldura bidez fabrikatutako eta Europako araudien arabera plastikoz estalita dagoen kakoa, tolestura bikoitzagatik nabarmentzen da.<\/li>\n<li>Saihestu zintan eta haren saihetsetan ebakidurak erresistentzia eta sendotasuna lortzeko.<\/li>\n<li>Kakoaren deformazioarekiko erresistentzia: 100 kg<\/li>\n<li>Luzapena 120 %<\/li>\n<\/ul>","protected":false},"excerpt":{"rendered":"<p>COMPOSICI\u00d3N: Interior 60 % l\u00e1tex y exterior 40 % Polipropileno. CARACTER\u00cdSTICAS: Ancho cinta: 18 mm Resistencia a la tracci\u00f3n: 350 Kilos Cumple con la normativa EN 12 Gancho fabricado por estampaci\u00f3n zincado y forrado de pl\u00e1stico seg\u00fan normativa europea, destacando por su doble plegado para evitar cortes en la cinta y por sus nervios para [&hellip;]<\/p>","protected":false},"featured_media":3418,"template":"","meta":[],"product_brand":[],"product_cat":[965,976,975,1043,966,1067,967,984,1118],"product_tag":[],"class_list":{"0":"post-3420","1":"product","2":"type-product","3":"status-publish","4":"has-post-thumbnail","6":"product_cat-ferreteria","7":"product_cat-otros-articulos-nautica","8":"product_cat-otros-articulos","9":"product_cat-pulpo-elastico","10":"product_cat-construccion","11":"product_cat-pulpo-elastico-otros-articulos-construccion","12":"product_cat-nautica","13":"product_cat-otros-articulos-ferreteria","14":"product_cat-pulpo-elastico-otros-articulos-ferreteria-ferreteria","15":"pa_medida-1m","16":"pa_medida-1_5m","18":"first","19":"instock","20":"sale","21":"taxable","22":"shipping-taxable","23":"purchasable","24":"product-type-variable"},"tiered_pricing_type":"fixed","tiered_pricing_fixed_rules":[],"tiered_pricing_product_settings":{"layout":"default","base_unit_name":{"singular":null,"plural":null},"default_variation":null},"tiered_pricing_minimum_quantity":null,"tiered_pricing_roles_data":[],"tiered_pricing_percentage_rules":[],"_links":{"self":[{"href":"https:\/\/hilaturasegea.com\/eu\/wp-json\/wp\/v2\/product\/3420","targetHints":{"allow":["GET"]}}],"collection":[{"href":"https:\/\/hilaturasegea.com\/eu\/wp-json\/wp\/v2\/product"}],"about":[{"href":"https:\/\/hilaturasegea.com\/eu\/wp-json\/wp\/v2\/types\/product"}],"wp:featuredmedia":[{"embeddable":true,"href":"https:\/\/hilaturasegea.com\/eu\/wp-json\/wp\/v2\/media\/3418"}],"wp:attachment":[{"href":"https:\/\/hilaturasegea.com\/eu\/wp-json\/wp\/v2\/media?parent=3420"}],"wp:term":[{"taxonomy":"product_brand","embeddable":true,"href":"https:\/\/hilaturasegea.com\/eu\/wp-json\/wp\/v2\/product_brand?post=3420"},{"taxonomy":"product_cat","embeddable":true,"href":"https:\/\/hilaturasegea.com\/eu\/wp-json\/wp\/v2\/product_cat?post=3420"},{"taxonomy":"product_tag","embeddable":true,"href":"https:\/\/hilaturasegea.com\/eu\/wp-json\/wp\/v2\/product_tag?post=3420"}],"curies":[{"name":"wp","href":"https:\/\/api.w.org\/{rel}","templated":true}]}}