{"id":3446,"date":"2019-11-04T13:57:23","date_gmt":"2019-11-04T13:57:23","guid":{"rendered":"https:\/\/hilaturasegea.com\/index.php\/producto\/sepiolita\/"},"modified":"2025-05-19T18:05:05","modified_gmt":"2025-05-19T16:05:05","slug":"sepiolita","status":"publish","type":"product","link":"https:\/\/hilaturasegea.com\/eu\/produktua\/sepiolita\/","title":{"rendered":"Sepiolita 15\/30"},"content":{"rendered":"<p><strong><img fetchpriority=\"high\" decoding=\"async\" class=\"size-full wp-image-3444\" src=\"https:\/\/hilaturasegea.com\/wp-content\/uploads\/2019\/11\/PAGINA-49.jpg\" alt=\"\" width=\"723\" height=\"87\" srcset=\"https:\/\/hilaturasegea.com\/wp-content\/uploads\/2019\/11\/PAGINA-49.jpg 1843w, https:\/\/hilaturasegea.com\/wp-content\/uploads\/2019\/11\/PAGINA-49-600x72.jpg 600w, https:\/\/hilaturasegea.com\/wp-content\/uploads\/2019\/11\/PAGINA-49-300x36.jpg 300w, https:\/\/hilaturasegea.com\/wp-content\/uploads\/2019\/11\/PAGINA-49-1024x123.jpg 1024w, https:\/\/hilaturasegea.com\/wp-content\/uploads\/2019\/11\/PAGINA-49-768x93.jpg 768w, https:\/\/hilaturasegea.com\/wp-content\/uploads\/2019\/11\/PAGINA-49-1536x185.jpg 1536w\" sizes=\"(max-width: 723px) 100vw, 723px\" \/><\/strong><\/p>\n<p><strong>KONPOSIZIOA:<\/strong> 15\/30 sepiolita purutasun handikoa, tratatu gabea. Dentsitate baxuko magnesio silikato hidratatuz egina, kolore zuri-horixka matea du eta xaboi itxura du.<\/p>\n<p><strong>EZAUGARRIAK:<\/strong> Kimikoki geldoa, suaren aurkakoa eta ez-toxikoa.<\/p>\n<p><strong>ERABILERAK:<\/strong> Tailerretan, lantegietan eta abarretan likidoak eta olioak xurgatzeko gomendatua. Animalientzat eta material errefraktario gisa egokia, industria-hiltegietan eta zabor-ontzietan erabiltzen da usain desatseginak saihesteko.<\/p>","protected":false},"excerpt":{"rendered":"<p>COMPOSICI\u00d3N: Sepiolita 15\/30 de alta pureza sin ning\u00fan tratamiento qu\u00edmico. Material constituido por silicato hidratado de magnesio de poca densidad, color blanco amarillento mate y de tacto jabonoso. CARACTER\u00cdSTICAS: Qu\u00edmicamente inerte, ignifugo y at\u00f3xico. UTILIDADES: Recomendado para la absorci\u00f3n de l\u00edquidos, aceites en talleres, f\u00e1bricas, etc. Apto para animales y como material refractario, utilizandose en [&hellip;]<\/p>","protected":false},"featured_media":3442,"template":"","meta":[],"product_brand":[],"product_cat":[965,975,976,1044,966,1069,967,984,1121],"product_tag":[],"class_list":{"0":"post-3446","1":"product","2":"type-product","3":"status-publish","4":"has-post-thumbnail","6":"product_cat-ferreteria","7":"product_cat-otros-articulos","8":"product_cat-otros-articulos-nautica","9":"product_cat-sepiolita","10":"product_cat-construccion","11":"product_cat-sepiolita-otros-articulos-construccion","12":"product_cat-nautica","13":"product_cat-otros-articulos-ferreteria","14":"product_cat-sepiolita-otros-articulos-ferreteria-ferreteria","15":"pa_paletsepiolita-55unidades","16":"pa_peso-20kg","18":"first","19":"instock","20":"sale","21":"taxable","22":"shipping-taxable","23":"purchasable","24":"product-type-variable","25":"has-default-attributes"},"tiered_pricing_type":"fixed","tiered_pricing_fixed_rules":[],"tiered_pricing_product_settings":{"layout":"default","base_unit_name":{"singular":null,"plural":null},"default_variation":null},"tiered_pricing_minimum_quantity":null,"tiered_pricing_roles_data":[],"tiered_pricing_percentage_rules":[],"_links":{"self":[{"href":"https:\/\/hilaturasegea.com\/eu\/wp-json\/wp\/v2\/product\/3446","targetHints":{"allow":["GET"]}}],"collection":[{"href":"https:\/\/hilaturasegea.com\/eu\/wp-json\/wp\/v2\/product"}],"about":[{"href":"https:\/\/hilaturasegea.com\/eu\/wp-json\/wp\/v2\/types\/product"}],"wp:featuredmedia":[{"embeddable":true,"href":"https:\/\/hilaturasegea.com\/eu\/wp-json\/wp\/v2\/media\/3442"}],"wp:attachment":[{"href":"https:\/\/hilaturasegea.com\/eu\/wp-json\/wp\/v2\/media?parent=3446"}],"wp:term":[{"taxonomy":"product_brand","embeddable":true,"href":"https:\/\/hilaturasegea.com\/eu\/wp-json\/wp\/v2\/product_brand?post=3446"},{"taxonomy":"product_cat","embeddable":true,"href":"https:\/\/hilaturasegea.com\/eu\/wp-json\/wp\/v2\/product_cat?post=3446"},{"taxonomy":"product_tag","embeddable":true,"href":"https:\/\/hilaturasegea.com\/eu\/wp-json\/wp\/v2\/product_tag?post=3446"}],"curies":[{"name":"wp","href":"https:\/\/api.w.org\/{rel}","templated":true}]}}