{"id":3456,"date":"2019-11-04T17:02:55","date_gmt":"2019-11-04T17:02:55","guid":{"rendered":"https:\/\/hilaturasegea.com\/index.php\/producto\/film-preestirado-manual\/"},"modified":"2025-06-13T11:24:26","modified_gmt":"2025-06-13T09:24:26","slug":"film-preestirado-manual","status":"publish","type":"product","link":"https:\/\/hilaturasegea.com\/eu\/produktua\/film-preestirado-manual\/","title":{"rendered":"Aurrez luzatutako \/ Eskuzko filma"},"content":{"rendered":"<p><strong><img fetchpriority=\"high\" decoding=\"async\" class=\"size-full wp-image-3454\" src=\"https:\/\/hilaturasegea.com\/wp-content\/uploads\/2019\/11\/FILM-PREESTIRADO-MANUAL-NEGRO-1-copia.jpg\" alt=\"\" width=\"666\" height=\"239\" srcset=\"https:\/\/hilaturasegea.com\/wp-content\/uploads\/2019\/11\/FILM-PREESTIRADO-MANUAL-NEGRO-1-copia.jpg 666w, https:\/\/hilaturasegea.com\/wp-content\/uploads\/2019\/11\/FILM-PREESTIRADO-MANUAL-NEGRO-1-copia-600x215.jpg 600w, https:\/\/hilaturasegea.com\/wp-content\/uploads\/2019\/11\/FILM-PREESTIRADO-MANUAL-NEGRO-1-copia-300x108.jpg 300w\" sizes=\"(max-width: 666px) 100vw, 666px\" \/><\/strong><\/p>\n<p><span style=\"text-decoration: underline;\"><strong>ZULATUA:<\/strong><\/span><\/p>\n<p>HOTZA: EZ DU HESITURARIK SORTZEN, HOTZA MURRIRA ERABAT PASATZEN UZTEN DU.<\/p>\n<p>BEROAN: UTZI BEROA KANPORATZEKO KONDENTSAZIOA SAIHESTEKO.<\/p>\n<p><strong>GUTXIENEKO METROAK APLIKATU ONDOREN: 350 m<\/strong><\/p>\n<p><strong>KONPOSIZIOA: <\/strong>Polietilenozko filma<\/p>\n<p><strong>EZAUGARRIAK:<\/strong> 200%-ren eskuzko aurreluzaketa bikainari esker, salgaiak ontziratzeko prozesuan erabiltzen den bitartean, operadoreak produktuari aplikatzen zaion ontziratze-tentsioa alda dezake haren ezaugarri partikularren arabera.<\/p>\n<p><strong>ERABILERAK:<\/strong> Aipatutako elastikotasunak, bere autoitsaskortasun propietate bereziekin batera, plastiko berezi hau edozein motatako materiala ontziratzeko produktu paregabe bihurtzen du, batez ere kargak paletizatuz, eta horrek produktu amaituak biltegiratzeko taldeka ditzake.<\/p>","protected":false},"excerpt":{"rendered":"<p>PERFORADO: EN FR\u00cdO: NO HACE BARRERA DEJANDO PASAR EL FR\u00cdO PERFECTAMENTE AL N\u00daCLEO. EN CALOR: DEJA SALIR EL CALOR EVITANDO CONDENSACIONES. METROS M\u00cdNIMOS UNA VEZ APLICADO: 350 m COMPOSICI\u00d3N: Film de Polietileno CARACTER\u00cdSTICAS: Gracias al preestirado manual superior al 200%, durante su uso en el proceso de embalaje de las mercanc\u00edas, el operario puede ir [&hellip;]<\/p>","protected":false},"featured_media":3448,"template":"","meta":[],"product_brand":[],"product_cat":[1031,965,1207,1181,1372,975,966,1402,984,1092],"product_tag":[],"class_list":{"0":"post-3456","1":"product","2":"type-product","3":"status-publish","4":"has-post-thumbnail","6":"product_cat-embalaje-otros-articulos","7":"product_cat-ferreteria","8":"product_cat-film-paletizar-embalaje-otros-articulos","9":"product_cat-film-paletizar-embalaje-otros-articulos-ferreteria","10":"product_cat-manual-film-paletizar-embalaje-otros-articulos","11":"product_cat-otros-articulos","12":"product_cat-construccion","13":"product_cat-manual-film-paletizar-embalaje-otros-articulos-ferreteria","14":"product_cat-otros-articulos-ferreteria","15":"product_cat-embalaje-otros-articulos-ferreteria-ferreteria","16":"pa_formatofilm-blanco","17":"pa_formatofilm-negro","18":"pa_formatofilm-transparente","19":"pa_grosormicras-23micras","20":"pa_medidarollo-500mm","21":"pa_metroslineales-140m","22":"pa_metroslineales-150m","23":"pa_pesobobina-1_4kg","24":"pa_preestiradosuperior-781","25":"pa_presentacionfilm-cajade8unidades","27":"first","28":"instock","29":"sale","30":"taxable","31":"shipping-taxable","32":"purchasable","33":"product-type-variable"},"tiered_pricing_type":"fixed","tiered_pricing_fixed_rules":[],"tiered_pricing_product_settings":{"layout":"default","base_unit_name":{"singular":null,"plural":null},"default_variation":null},"tiered_pricing_minimum_quantity":null,"tiered_pricing_roles_data":[],"tiered_pricing_percentage_rules":[],"_links":{"self":[{"href":"https:\/\/hilaturasegea.com\/eu\/wp-json\/wp\/v2\/product\/3456","targetHints":{"allow":["GET"]}}],"collection":[{"href":"https:\/\/hilaturasegea.com\/eu\/wp-json\/wp\/v2\/product"}],"about":[{"href":"https:\/\/hilaturasegea.com\/eu\/wp-json\/wp\/v2\/types\/product"}],"wp:featuredmedia":[{"embeddable":true,"href":"https:\/\/hilaturasegea.com\/eu\/wp-json\/wp\/v2\/media\/3448"}],"wp:attachment":[{"href":"https:\/\/hilaturasegea.com\/eu\/wp-json\/wp\/v2\/media?parent=3456"}],"wp:term":[{"taxonomy":"product_brand","embeddable":true,"href":"https:\/\/hilaturasegea.com\/eu\/wp-json\/wp\/v2\/product_brand?post=3456"},{"taxonomy":"product_cat","embeddable":true,"href":"https:\/\/hilaturasegea.com\/eu\/wp-json\/wp\/v2\/product_cat?post=3456"},{"taxonomy":"product_tag","embeddable":true,"href":"https:\/\/hilaturasegea.com\/eu\/wp-json\/wp\/v2\/product_tag?post=3456"}],"curies":[{"name":"wp","href":"https:\/\/api.w.org\/{rel}","templated":true}]}}